{"id":3858,"date":"2023-11-07T17:02:59","date_gmt":"2023-11-07T16:02:59","guid":{"rendered":"https:\/\/etev7e.pef.czu.cz\/zs2223\/?post_type=product&#038;p=3858"},"modified":"2023-11-07T17:23:03","modified_gmt":"2023-11-07T16:23:03","slug":"spekane-musli-granola","status":"publish","type":"product","link":"https:\/\/etev7e.pef.czu.cz\/zs2223\/produkt\/spekane-musli-granola\/","title":{"rendered":"Sp\u00e9kan\u00e9 m\u00fcsli granola"},"content":{"rendered":"<p>Sm\u011bs kokosov\u00fdch lup\u00ednk\u016f, rozinek, o\u0159\u00ed\u0161k\u016f a spousty sem\u00ednek, slazen\u00e1 medem a dok\u0159upava zape\u010den\u00e1.<br \/>\nIde\u00e1ln\u00ed jako p\u0159\u00edsada k obl\u00edben\u00fdm vlo\u010dk\u00e1m, do jogurtu &#8230;. nebo si ji zamilujete jen tak. Paleo dieta zakl\u00e1d\u00e1 svou stravu<br \/>\nna p\u0159edpokl\u00e1dan\u00e9m stravov\u00e1n\u00ed \u010dlov\u011bka v obdob\u00ed paleolitu, tedy v obdob\u00ed doby kamenn\u00e9. Tento stravovac\u00ed re\u017eim p\u0159edpokl\u00e1d\u00e1,<br \/>\n\u017ee lidsk\u00e9 tr\u00e1ven\u00ed nen\u00ed je\u0161t\u011b evolu\u010dn\u011b p\u0159izp\u016fsoben\u00e9 na produkty zem\u011bd\u011blstv\u00ed a j\u00eddeln\u00ed\u010dek skl\u00e1d\u00e1 zejm\u00e9na z neupraven\u00fdch potravin.<br \/>\nNa\u0161e Paleo m\u00fcsli je tedy bez vlo\u010dek, pouze z o\u0159ech\u016f, zdrav\u00fdch sem\u00ednek, medu a kapky za studena lisovan\u00e9ho oleje.<\/p>\n<p>V\u00fd\u017eivov\u00e9 \u00fadaje na 100 g v\u00fdrobku:<\/p>\n<table>\n<tbody>\n<tr>\n<td>Energetick\u00e1 hodnota<\/td>\n<td>2163 kJ\/ 515 kcal<\/td>\n<\/tr>\n<tr>\n<td>Tuky<\/td>\n<td>30,4 g<\/td>\n<\/tr>\n<tr>\n<td>z toho nasycen\u00e9 mastn\u00e9 kyseliny<\/td>\n<td>15,8 g<\/td>\n<\/tr>\n<tr>\n<td>Sacharidy<\/td>\n<td>40 g<\/td>\n<\/tr>\n<tr>\n<td>z toho cukry<\/td>\n<td>22 g<\/td>\n<\/tr>\n<tr>\n<td>B\u00edlkoviny<\/td>\n<td>11,7 g<\/td>\n<\/tr>\n<tr>\n<td>S\u016fl<\/td>\n<td>0,01 g<\/td>\n<\/tr>\n<\/tbody>\n<\/table>\n","protected":false},"excerpt":{"rendered":"<p id=\"yui_3_17_2_1_1699372009729_67\">Bezva m\u00fcsli granola Sp\u00e9kan\u00e9 paleo<\/p>\n","protected":false},"featured_media":3861,"comment_status":"open","ping_status":"closed","template":"","meta":[],"product_brand":[],"product_cat":[1125],"product_tag":[1127,860],"class_list":{"0":"post-3858","1":"product","2":"type-product","3":"status-publish","4":"has-post-thumbnail","6":"product_cat-bezva-musli","7":"product_tag-musli","8":"product_tag-zdrava-strava","10":"first","11":"instock","12":"sale","13":"taxable","14":"shipping-taxable","15":"purchasable","16":"product-type-simple"},"jetpack_sharing_enabled":true,"_links":{"self":[{"href":"https:\/\/etev7e.pef.czu.cz\/zs2223\/wp-json\/wp\/v2\/product\/3858","targetHints":{"allow":["GET"]}}],"collection":[{"href":"https:\/\/etev7e.pef.czu.cz\/zs2223\/wp-json\/wp\/v2\/product"}],"about":[{"href":"https:\/\/etev7e.pef.czu.cz\/zs2223\/wp-json\/wp\/v2\/types\/product"}],"replies":[{"embeddable":true,"href":"https:\/\/etev7e.pef.czu.cz\/zs2223\/wp-json\/wp\/v2\/comments?post=3858"}],"wp:featuredmedia":[{"embeddable":true,"href":"https:\/\/etev7e.pef.czu.cz\/zs2223\/wp-json\/wp\/v2\/media\/3861"}],"wp:attachment":[{"href":"https:\/\/etev7e.pef.czu.cz\/zs2223\/wp-json\/wp\/v2\/media?parent=3858"}],"wp:term":[{"taxonomy":"product_brand","embeddable":true,"href":"https:\/\/etev7e.pef.czu.cz\/zs2223\/wp-json\/wp\/v2\/product_brand?post=3858"},{"taxonomy":"product_cat","embeddable":true,"href":"https:\/\/etev7e.pef.czu.cz\/zs2223\/wp-json\/wp\/v2\/product_cat?post=3858"},{"taxonomy":"product_tag","embeddable":true,"href":"https:\/\/etev7e.pef.czu.cz\/zs2223\/wp-json\/wp\/v2\/product_tag?post=3858"}],"curies":[{"name":"wp","href":"https:\/\/api.w.org\/{rel}","templated":true}]}}