{"id":3860,"date":"2023-11-07T17:08:45","date_gmt":"2023-11-07T16:08:45","guid":{"rendered":"https:\/\/etev7e.pef.czu.cz\/zs2223\/?post_type=product&#038;p=3860"},"modified":"2023-11-07T17:40:21","modified_gmt":"2023-11-07T16:40:21","slug":"natios-magnesium-bisglycinate","status":"publish","type":"product","link":"https:\/\/etev7e.pef.czu.cz\/zs2223\/produkt\/natios-magnesium-bisglycinate\/","title":{"rendered":"Natios Magnesium Bisglycinate"},"content":{"rendered":"<p>Jedn\u00e1 se o p\u0159\u00edrodn\u00ed miner\u00e1l, kter\u00fd je v\u00fdjime\u010dn\u00fd svou \u010distotou, jeliko\u017e je zcela bez p\u0159\u00edm\u011bs\u00ed, nestraviteln\u00fdch l\u00e1tek, \u00e9\u010dek. Jeho element\u00e1rn\u00ed ho\u0159\u010d\u00edk 200 mg na 1 kapsli nen\u00ed zv\u00fd\u0161en \u017e\u00e1dn\u00fdmi dal\u0161\u00edmi slou\u010deninami a jedn\u00e1 se o tu nej\u010dist\u0161\u00ed formu magnesia bisglycinate s vysokou stravitelnost\u00ed (a\u017e 80%) oproti 4% vst\u0159ebatelnosti ho\u0159\u010d\u00edk\u016f ve form\u011b oxidu ho\u0159e\u010dnat\u00e9ho, prod\u00e1van\u00fdch v l\u00e9k\u00e1rn\u00e1ch. \u00da\u010dinkuje komplexn\u011b, nap\u0159\u00edklad na nespavost, slabost, \u00fanavu, k\u0159e\u010de, menstrua\u010dn\u00ed bolesti, bolesti hlavy, neurologick\u00e9 pot\u00ed\u017ee.<\/p>\n","protected":false},"excerpt":{"rendered":"<p>Magnesium bisglycinate od firmy Natios pat\u0159\u00ed k nej\u010dist\u0161\u00ed form\u011b ho\u0159\u010d\u00edku se vst\u0159ebatelnost\u00ed a\u017e 80 %.<\/p>\n","protected":false},"featured_media":3863,"comment_status":"open","ping_status":"closed","template":"","meta":[],"product_brand":[],"product_cat":[1126],"product_tag":[1129,192,302,283,1128],"class_list":{"0":"post-3860","1":"product","2":"type-product","3":"status-publish","4":"has-post-thumbnail","6":"product_cat-prirodni-doplnky-stravy","7":"product_tag-bio","8":"product_tag-doplnky-stravy","9":"product_tag-mineral","10":"product_tag-prirodni","11":"product_tag-prirodni-doplnky-stravy","13":"first","14":"instock","15":"taxable","16":"shipping-taxable","17":"purchasable","18":"product-type-simple"},"jetpack_sharing_enabled":true,"_links":{"self":[{"href":"https:\/\/etev7e.pef.czu.cz\/zs2223\/wp-json\/wp\/v2\/product\/3860","targetHints":{"allow":["GET"]}}],"collection":[{"href":"https:\/\/etev7e.pef.czu.cz\/zs2223\/wp-json\/wp\/v2\/product"}],"about":[{"href":"https:\/\/etev7e.pef.czu.cz\/zs2223\/wp-json\/wp\/v2\/types\/product"}],"replies":[{"embeddable":true,"href":"https:\/\/etev7e.pef.czu.cz\/zs2223\/wp-json\/wp\/v2\/comments?post=3860"}],"wp:featuredmedia":[{"embeddable":true,"href":"https:\/\/etev7e.pef.czu.cz\/zs2223\/wp-json\/wp\/v2\/media\/3863"}],"wp:attachment":[{"href":"https:\/\/etev7e.pef.czu.cz\/zs2223\/wp-json\/wp\/v2\/media?parent=3860"}],"wp:term":[{"taxonomy":"product_brand","embeddable":true,"href":"https:\/\/etev7e.pef.czu.cz\/zs2223\/wp-json\/wp\/v2\/product_brand?post=3860"},{"taxonomy":"product_cat","embeddable":true,"href":"https:\/\/etev7e.pef.czu.cz\/zs2223\/wp-json\/wp\/v2\/product_cat?post=3860"},{"taxonomy":"product_tag","embeddable":true,"href":"https:\/\/etev7e.pef.czu.cz\/zs2223\/wp-json\/wp\/v2\/product_tag?post=3860"}],"curies":[{"name":"wp","href":"https:\/\/api.w.org\/{rel}","templated":true}]}}