{"id":3867,"date":"2023-11-07T17:16:46","date_gmt":"2023-11-07T16:16:46","guid":{"rendered":"https:\/\/etev7e.pef.czu.cz\/zs2223\/?post_type=product&#038;p=3867"},"modified":"2023-11-07T17:40:07","modified_gmt":"2023-11-07T16:40:07","slug":"nahs-sinu-orega","status":"publish","type":"product","link":"https:\/\/etev7e.pef.czu.cz\/zs2223\/produkt\/nahs-sinu-orega\/","title":{"rendered":"NAHS Sinu Orega"},"content":{"rendered":"<p>SinuOrega je nosn\u00ed sprej s hypertonick\u00fdm roztokem mo\u0159sk\u00e9 soli a purifikovan\u00e9 pramenit\u00e9 vody. Je vhodn\u00fd pro \u010di\u0161t\u011bn\u00ed nosn\u00edch cest, ale tak\u00e9 pro zvlh\u010den\u00ed nep\u0159\u00edjemn\u011b vysu\u0161en\u00e9 nosn\u00ed sliznice p\u0159i klimatizaci nebo vyt\u00e1p\u011bn\u00ed. SinuOrega je vhodn\u00fd nejen pro dosp\u011bl\u00e9, ale d\u00edky jemn\u00e9mu rozpra\u0161ova\u010di i pro mal\u00e9 d\u011bti. Kombinuje v\u00fdjime\u010dnou sm\u011bs \u00fa\u010dinn\u00fdch esenci\u00e1ln\u00edch olej\u016f Oreganolu P73, \u0161alv\u011bje, bobkov\u00e9ho listu a h\u0159eb\u00ed\u010dku s roztokem purifikovan\u00e9 vody a \u010dist\u00e9 mo\u0159sk\u00e9 soli. Neobsahuje alkohol. Zcela p\u0159\u00edrodn\u00ed nosn\u00ed sprej s obsahem Oreganolu P73 je bezpe\u010dn\u00fd pro denn\u00ed u\u017eit\u00ed.<\/p>\n","protected":false},"excerpt":{"rendered":"<p>Jedn\u00e1 se o nen\u00e1vykov\u00fd nosn\u00ed sprej tvo\u0159en\u00fd esenci\u00e1ln\u00edmi oleji Oreganol P73, \u0161alv\u011bj\u00ed,bobkov\u00e9ho listu a h\u0159eb\u00ed\u010dku s roztokem purifikovan\u00e9 vody a \u010distou mo\u0159skou soli. Tento produkt je vhodn\u00fd pro v\u0161echny v\u011bkov\u00e9 kategorie.<\/p>\n","protected":false},"featured_media":3872,"comment_status":"open","ping_status":"closed","template":"","meta":[],"product_brand":[],"product_cat":[1126],"product_tag":[1130,283,1128,1131],"class_list":{"0":"post-3867","1":"product","2":"type-product","3":"status-publish","4":"has-post-thumbnail","6":"product_cat-prirodni-doplnky-stravy","7":"product_tag-nosni-sprej","8":"product_tag-prirodni","9":"product_tag-prirodni-doplnky-stravy","10":"product_tag-sinu-orega","12":"first","13":"instock","14":"taxable","15":"shipping-taxable","16":"purchasable","17":"product-type-simple"},"jetpack_sharing_enabled":true,"_links":{"self":[{"href":"https:\/\/etev7e.pef.czu.cz\/zs2223\/wp-json\/wp\/v2\/product\/3867","targetHints":{"allow":["GET"]}}],"collection":[{"href":"https:\/\/etev7e.pef.czu.cz\/zs2223\/wp-json\/wp\/v2\/product"}],"about":[{"href":"https:\/\/etev7e.pef.czu.cz\/zs2223\/wp-json\/wp\/v2\/types\/product"}],"replies":[{"embeddable":true,"href":"https:\/\/etev7e.pef.czu.cz\/zs2223\/wp-json\/wp\/v2\/comments?post=3867"}],"wp:featuredmedia":[{"embeddable":true,"href":"https:\/\/etev7e.pef.czu.cz\/zs2223\/wp-json\/wp\/v2\/media\/3872"}],"wp:attachment":[{"href":"https:\/\/etev7e.pef.czu.cz\/zs2223\/wp-json\/wp\/v2\/media?parent=3867"}],"wp:term":[{"taxonomy":"product_brand","embeddable":true,"href":"https:\/\/etev7e.pef.czu.cz\/zs2223\/wp-json\/wp\/v2\/product_brand?post=3867"},{"taxonomy":"product_cat","embeddable":true,"href":"https:\/\/etev7e.pef.czu.cz\/zs2223\/wp-json\/wp\/v2\/product_cat?post=3867"},{"taxonomy":"product_tag","embeddable":true,"href":"https:\/\/etev7e.pef.czu.cz\/zs2223\/wp-json\/wp\/v2\/product_tag?post=3867"}],"curies":[{"name":"wp","href":"https:\/\/api.w.org\/{rel}","templated":true}]}}