{"id":3869,"date":"2023-11-07T17:16:24","date_gmt":"2023-11-07T16:16:24","guid":{"rendered":"https:\/\/etev7e.pef.czu.cz\/zs2223\/?post_type=product&#038;p=3869"},"modified":"2023-11-07T17:21:55","modified_gmt":"2023-11-07T16:21:55","slug":"bezlepkove-musli","status":"publish","type":"product","link":"https:\/\/etev7e.pef.czu.cz\/zs2223\/produkt\/bezlepkove-musli\/","title":{"rendered":"Bezlepkov\u00e9 m\u00fcsli"},"content":{"rendered":"<p>Sm\u011bs ovesn\u00fdch vlo\u010dek bez lepku a kuku\u0159i\u010dn\u00fdch lup\u00ednk\u016f s kousky ban\u00e1nu, jabl\u00ed\u010dek, lyofilizovan\u00fdmi vi\u0161n\u011bmi<br \/>\na \u010dern\u00fdm ryb\u00edzem, slune\u010dnicov\u00fdmi a ln\u011bn\u00fdmi sem\u00ednky. Neobsahuj\u00ed lepek, p\u0159idan\u00fd cukr a lakt\u00f3zu. Vhodn\u00e9 ke sn\u00eddani \u010di sva\u010din\u011b,<br \/>\np\u0159idat do ml\u00e9ka nebo jogurtu, tak jak to m\u00e1te r\u00e1di&#8230; Skladujte v suchu. Po otev\u0159en\u00ed v\u00fdrobek uzav\u0159ete a spot\u0159ebujte do jednoho m\u011bs\u00edce.<\/p>\n<p>V\u00fd\u017eivov\u00e9 \u00fadaje na 100 g v\u00fdrobku:<\/p>\n<table>\n<tbody>\n<tr>\n<td>Energetick\u00e1 hodnota<\/td>\n<td>1649 kJ\/ 393 kcal<\/td>\n<\/tr>\n<tr>\n<td>Tuky<\/td>\n<td>7,5 g<\/td>\n<\/tr>\n<tr>\n<td>z toho nasycen\u00e9 mastn\u00e9 kyseliny<\/td>\n<td>1,07 g<\/td>\n<\/tr>\n<tr>\n<td>Sacharidy<\/td>\n<td>64,1 g<\/td>\n<\/tr>\n<tr>\n<td>z toho cukry<\/td>\n<td>12 g<\/td>\n<\/tr>\n<tr>\n<td>B\u00edlkoviny<\/td>\n<td>11,5 g<\/td>\n<\/tr>\n<tr>\n<td>Vl\u00e1knina<\/td>\n<td>10,6 g<\/td>\n<\/tr>\n<tr>\n<td>S\u016fl<\/td>\n<td>0,12 g<\/td>\n<\/tr>\n<\/tbody>\n<\/table>\n","protected":false},"excerpt":{"rendered":"<p id=\"yui_3_17_2_1_1699372009729_65\">Bezva m\u00fcsli s lyofilizovan\u00fdm ovocem bez lepku<\/p>\n","protected":false},"featured_media":3873,"comment_status":"open","ping_status":"closed","template":"","meta":[],"product_brand":[],"product_cat":[1125],"product_tag":[1127,860],"class_list":{"0":"post-3869","1":"product","2":"type-product","3":"status-publish","4":"has-post-thumbnail","6":"product_cat-bezva-musli","7":"product_tag-musli","8":"product_tag-zdrava-strava","10":"first","11":"instock","12":"sale","13":"taxable","14":"shipping-taxable","15":"purchasable","16":"product-type-simple"},"jetpack_sharing_enabled":true,"_links":{"self":[{"href":"https:\/\/etev7e.pef.czu.cz\/zs2223\/wp-json\/wp\/v2\/product\/3869","targetHints":{"allow":["GET"]}}],"collection":[{"href":"https:\/\/etev7e.pef.czu.cz\/zs2223\/wp-json\/wp\/v2\/product"}],"about":[{"href":"https:\/\/etev7e.pef.czu.cz\/zs2223\/wp-json\/wp\/v2\/types\/product"}],"replies":[{"embeddable":true,"href":"https:\/\/etev7e.pef.czu.cz\/zs2223\/wp-json\/wp\/v2\/comments?post=3869"}],"wp:featuredmedia":[{"embeddable":true,"href":"https:\/\/etev7e.pef.czu.cz\/zs2223\/wp-json\/wp\/v2\/media\/3873"}],"wp:attachment":[{"href":"https:\/\/etev7e.pef.czu.cz\/zs2223\/wp-json\/wp\/v2\/media?parent=3869"}],"wp:term":[{"taxonomy":"product_brand","embeddable":true,"href":"https:\/\/etev7e.pef.czu.cz\/zs2223\/wp-json\/wp\/v2\/product_brand?post=3869"},{"taxonomy":"product_cat","embeddable":true,"href":"https:\/\/etev7e.pef.czu.cz\/zs2223\/wp-json\/wp\/v2\/product_cat?post=3869"},{"taxonomy":"product_tag","embeddable":true,"href":"https:\/\/etev7e.pef.czu.cz\/zs2223\/wp-json\/wp\/v2\/product_tag?post=3869"}],"curies":[{"name":"wp","href":"https:\/\/api.w.org\/{rel}","templated":true}]}}