{"id":3874,"date":"2023-11-07T17:25:14","date_gmt":"2023-11-07T16:25:14","guid":{"rendered":"https:\/\/etev7e.pef.czu.cz\/zs2223\/?post_type=product&#038;p=3874"},"modified":"2023-11-07T17:39:50","modified_gmt":"2023-11-07T16:39:50","slug":"sibyl-drmek-obecny","status":"publish","type":"product","link":"https:\/\/etev7e.pef.czu.cz\/zs2223\/produkt\/sibyl-drmek-obecny\/","title":{"rendered":"Sibyl Drmek obecn\u00fd"},"content":{"rendered":"<p>Jedn\u00e1 se o bylinu, kter\u00e1 pom\u00e1h\u00e1 \u017een\u00e1m \u0159e\u0161it menstrua\u010dn\u00ed pot\u00ed\u017ee, menopauz\u00e1ln\u00ed komfort, plodnost. Drmek obecn\u00fd je zn\u00e1m tak\u00e9 pod n\u00e1zvem mni\u0161sk\u00fd pep\u0159 \u010di bobule cudnosti. Z pohledu \u010d\u00ednsk\u00e9 medic\u00edny opl\u00fdv\u00e1 schopnost\u00ed\u00a0 &#8222;uvol\u0148ovat jatern\u00ed \u010dchi&#8220;, \u0159ad\u00ed se tak mezi byliny vhodn\u00e9 t\u00e9m\u011b\u0159 pro ka\u017edou \u017eenu.<\/p>\n","protected":false},"excerpt":{"rendered":"<p>Drmek obecn\u00fd je bylina, kter\u00e1 pom\u00e1h\u00e1 \u017een\u00e1m \u0159e\u0161it menstrua\u010dn\u00ed pot\u00ed\u017ee, menopauz\u00e1ln\u00ed komfort, plodnost a celkovou \u00fapravu menstrua\u010dn\u00edho cyklu.<\/p>\n","protected":false},"featured_media":3877,"comment_status":"open","ping_status":"closed","template":"","meta":[],"product_brand":[],"product_cat":[1126],"product_tag":[1129,1134,192,1132,1133,283,1128],"class_list":{"0":"post-3874","1":"product","2":"type-product","3":"status-publish","4":"has-post-thumbnail","6":"product_cat-prirodni-doplnky-stravy","7":"product_tag-bio","8":"product_tag-bylinky","9":"product_tag-doplnky-stravy","10":"product_tag-drmek-obecny","11":"product_tag-menstruace","12":"product_tag-prirodni","13":"product_tag-prirodni-doplnky-stravy","15":"first","16":"instock","17":"taxable","18":"shipping-taxable","19":"purchasable","20":"product-type-simple"},"jetpack_sharing_enabled":true,"_links":{"self":[{"href":"https:\/\/etev7e.pef.czu.cz\/zs2223\/wp-json\/wp\/v2\/product\/3874","targetHints":{"allow":["GET"]}}],"collection":[{"href":"https:\/\/etev7e.pef.czu.cz\/zs2223\/wp-json\/wp\/v2\/product"}],"about":[{"href":"https:\/\/etev7e.pef.czu.cz\/zs2223\/wp-json\/wp\/v2\/types\/product"}],"replies":[{"embeddable":true,"href":"https:\/\/etev7e.pef.czu.cz\/zs2223\/wp-json\/wp\/v2\/comments?post=3874"}],"wp:featuredmedia":[{"embeddable":true,"href":"https:\/\/etev7e.pef.czu.cz\/zs2223\/wp-json\/wp\/v2\/media\/3877"}],"wp:attachment":[{"href":"https:\/\/etev7e.pef.czu.cz\/zs2223\/wp-json\/wp\/v2\/media?parent=3874"}],"wp:term":[{"taxonomy":"product_brand","embeddable":true,"href":"https:\/\/etev7e.pef.czu.cz\/zs2223\/wp-json\/wp\/v2\/product_brand?post=3874"},{"taxonomy":"product_cat","embeddable":true,"href":"https:\/\/etev7e.pef.czu.cz\/zs2223\/wp-json\/wp\/v2\/product_cat?post=3874"},{"taxonomy":"product_tag","embeddable":true,"href":"https:\/\/etev7e.pef.czu.cz\/zs2223\/wp-json\/wp\/v2\/product_tag?post=3874"}],"curies":[{"name":"wp","href":"https:\/\/api.w.org\/{rel}","templated":true}]}}