{"id":3875,"date":"2023-11-07T17:20:52","date_gmt":"2023-11-07T16:20:52","guid":{"rendered":"https:\/\/etev7e.pef.czu.cz\/zs2223\/?post_type=product&#038;p=3875"},"modified":"2023-11-07T17:22:10","modified_gmt":"2023-11-07T16:22:10","slug":"musli-bez-cukru","status":"publish","type":"product","link":"https:\/\/etev7e.pef.czu.cz\/zs2223\/produkt\/musli-bez-cukru\/","title":{"rendered":"M\u00fcsli bez cukru"},"content":{"rendered":"<p>Sm\u011bs kokosov\u00fdch lup\u00ednk\u016f, o\u0159\u00ed\u0161k\u016f a spousty sem\u00ednek, slazen\u00e1 \u010dekankov\u00fdm sirupem a ho\u0159kou \u010dokol\u00e1dou<br \/>\ns maltitolem a dok\u0159upava zape\u010den\u00e1. Ide\u00e1ln\u00ed jako p\u0159\u00edsada k obl\u00edben\u00fdm vlo\u010dk\u00e1m, do jogurtu &#8230;. nebo si ji zamilujete jen tak.<\/p>\n<p>V\u00fd\u017eivov\u00e9 \u00fadaje na 100 g v\u00fdrobku:<\/p>\n<table>\n<tbody>\n<tr>\n<td>Energetick\u00e1 hodnota<\/td>\n<td>2457 kJ\/ 585 kcal<\/td>\n<\/tr>\n<tr>\n<td>Tuky<\/td>\n<td>48,9 g<\/td>\n<\/tr>\n<tr>\n<td>z toho nasycen\u00e9 mastn\u00e9 kyseliny<\/td>\n<td>27,2 g<\/td>\n<\/tr>\n<tr>\n<td>Sacharidy<\/td>\n<td>19 g<\/td>\n<\/tr>\n<tr>\n<td>z toho cukry<\/td>\n<td>5,1 g<\/td>\n<\/tr>\n<tr>\n<td>B\u00edlkoviny<\/td>\n<td>9 g<\/td>\n<\/tr>\n<tr>\n<td>Vl\u00e1knina<\/td>\n<td>10,6 g<\/td>\n<\/tr>\n<tr>\n<td>S\u016fl<\/td>\n<td>0,026 g<\/td>\n<\/tr>\n<\/tbody>\n<\/table>\n","protected":false},"excerpt":{"rendered":"<p id=\"yui_3_17_2_1_1699372009729_78\">Bezva m\u00fcsli granola Sp\u00e9kan\u00e9 paleo s \u010dokol\u00e1dou Lowcarb<\/p>\n","protected":false},"featured_media":3876,"comment_status":"open","ping_status":"closed","template":"","meta":[],"product_brand":[],"product_cat":[1125],"product_tag":[1127,860],"class_list":{"0":"post-3875","1":"product","2":"type-product","3":"status-publish","4":"has-post-thumbnail","6":"product_cat-bezva-musli","7":"product_tag-musli","8":"product_tag-zdrava-strava","10":"first","11":"instock","12":"sale","13":"taxable","14":"shipping-taxable","15":"purchasable","16":"product-type-simple"},"jetpack_sharing_enabled":true,"_links":{"self":[{"href":"https:\/\/etev7e.pef.czu.cz\/zs2223\/wp-json\/wp\/v2\/product\/3875","targetHints":{"allow":["GET"]}}],"collection":[{"href":"https:\/\/etev7e.pef.czu.cz\/zs2223\/wp-json\/wp\/v2\/product"}],"about":[{"href":"https:\/\/etev7e.pef.czu.cz\/zs2223\/wp-json\/wp\/v2\/types\/product"}],"replies":[{"embeddable":true,"href":"https:\/\/etev7e.pef.czu.cz\/zs2223\/wp-json\/wp\/v2\/comments?post=3875"}],"wp:featuredmedia":[{"embeddable":true,"href":"https:\/\/etev7e.pef.czu.cz\/zs2223\/wp-json\/wp\/v2\/media\/3876"}],"wp:attachment":[{"href":"https:\/\/etev7e.pef.czu.cz\/zs2223\/wp-json\/wp\/v2\/media?parent=3875"}],"wp:term":[{"taxonomy":"product_brand","embeddable":true,"href":"https:\/\/etev7e.pef.czu.cz\/zs2223\/wp-json\/wp\/v2\/product_brand?post=3875"},{"taxonomy":"product_cat","embeddable":true,"href":"https:\/\/etev7e.pef.czu.cz\/zs2223\/wp-json\/wp\/v2\/product_cat?post=3875"},{"taxonomy":"product_tag","embeddable":true,"href":"https:\/\/etev7e.pef.czu.cz\/zs2223\/wp-json\/wp\/v2\/product_tag?post=3875"}],"curies":[{"name":"wp","href":"https:\/\/api.w.org\/{rel}","templated":true}]}}