{"id":3878,"date":"2023-11-07T17:30:28","date_gmt":"2023-11-07T16:30:28","guid":{"rendered":"https:\/\/etev7e.pef.czu.cz\/zs2223\/?post_type=product&#038;p=3878"},"modified":"2023-11-07T17:39:22","modified_gmt":"2023-11-07T16:39:22","slug":"nordic-kings-hovezi-srdce","status":"publish","type":"product","link":"https:\/\/etev7e.pef.czu.cz\/zs2223\/produkt\/nordic-kings-hovezi-srdce\/","title":{"rendered":"Nordic Kings Hov\u011bz\u00ed srdce"},"content":{"rendered":"<p>Nej\u010dist\u0161\u00ed novoz\u00e9landsk\u00e1 mrazem su\u0161en\u00e1 hov\u011bz\u00ed srdce z miner\u00e1ln\u00ed p\u016fdy a krve. Srdce p\u0159irozen\u011b obsahuj\u00ed vyv\u00e1\u017een\u00e9 a synergick\u00e9 vitam\u00edny a miner\u00e1ly, co\u017e v\u0161ak zdaleka nen\u00ed v\u0161e. Org\u00e1ny zv\u00ed\u0159at krmen\u00fdch tr\u00e1vou jsou nejbohat\u0161\u00edmi potravinami, kter\u00e9 m\u016f\u017eeme j\u00edst. Maj\u00ed \u0161ir\u0161\u00ed nutri\u010dn\u00ed profil a vy\u0161\u0161\u00ed koncentraci kombinovan\u00fdch vitam\u00edn\u016f, miner\u00e1l\u016f a enzym\u016f ne\u017e jak\u00e1koliv jin\u00e1 potravina na sv\u011bt\u011b. To v\u0161e nav\u00edc ve velmi biologicky dostupn\u00e9 form\u011b, kterou t\u011blo snadno vst\u0159eb\u00e1. Hov\u011bz\u00ed srdce jsou p\u0159irozenou zkratkou ke kvalitn\u00edm, biologicky dostupn\u00fdm \u017eivin\u00e1m, kter\u00e9 v jin\u00fdch potravin\u00e1ch prost\u011b nenajdete.<\/p>\n","protected":false},"excerpt":{"rendered":"<p>Hov\u011bz\u00ed srdce jsou p\u0159irozenou zkratkou ke kvalitn\u00edm, biologicky dostupn\u00fdm \u017eivin\u00e1m, kter\u00e9 v jin\u00fdch potravin\u00e1ch prost\u011b nenajdete.<\/p>\n","protected":false},"featured_media":3879,"comment_status":"open","ping_status":"closed","template":"","meta":[],"product_brand":[],"product_cat":[1126],"product_tag":[1129,192,283,1128,219],"class_list":{"0":"post-3878","1":"product","2":"type-product","3":"status-publish","4":"has-post-thumbnail","6":"product_cat-prirodni-doplnky-stravy","7":"product_tag-bio","8":"product_tag-doplnky-stravy","9":"product_tag-prirodni","10":"product_tag-prirodni-doplnky-stravy","11":"product_tag-vitaminy","13":"first","14":"instock","15":"taxable","16":"shipping-taxable","17":"purchasable","18":"product-type-simple"},"jetpack_sharing_enabled":true,"_links":{"self":[{"href":"https:\/\/etev7e.pef.czu.cz\/zs2223\/wp-json\/wp\/v2\/product\/3878","targetHints":{"allow":["GET"]}}],"collection":[{"href":"https:\/\/etev7e.pef.czu.cz\/zs2223\/wp-json\/wp\/v2\/product"}],"about":[{"href":"https:\/\/etev7e.pef.czu.cz\/zs2223\/wp-json\/wp\/v2\/types\/product"}],"replies":[{"embeddable":true,"href":"https:\/\/etev7e.pef.czu.cz\/zs2223\/wp-json\/wp\/v2\/comments?post=3878"}],"wp:featuredmedia":[{"embeddable":true,"href":"https:\/\/etev7e.pef.czu.cz\/zs2223\/wp-json\/wp\/v2\/media\/3879"}],"wp:attachment":[{"href":"https:\/\/etev7e.pef.czu.cz\/zs2223\/wp-json\/wp\/v2\/media?parent=3878"}],"wp:term":[{"taxonomy":"product_brand","embeddable":true,"href":"https:\/\/etev7e.pef.czu.cz\/zs2223\/wp-json\/wp\/v2\/product_brand?post=3878"},{"taxonomy":"product_cat","embeddable":true,"href":"https:\/\/etev7e.pef.czu.cz\/zs2223\/wp-json\/wp\/v2\/product_cat?post=3878"},{"taxonomy":"product_tag","embeddable":true,"href":"https:\/\/etev7e.pef.czu.cz\/zs2223\/wp-json\/wp\/v2\/product_tag?post=3878"}],"curies":[{"name":"wp","href":"https:\/\/api.w.org\/{rel}","templated":true}]}}