{"id":3880,"date":"2023-11-07T17:34:35","date_gmt":"2023-11-07T16:34:35","guid":{"rendered":"https:\/\/etev7e.pef.czu.cz\/zs2223\/?post_type=product&#038;p=3880"},"modified":"2023-11-07T17:39:35","modified_gmt":"2023-11-07T16:39:35","slug":"rosita-olej-z-trescich-jater","status":"publish","type":"product","link":"https:\/\/etev7e.pef.czu.cz\/zs2223\/produkt\/rosita-olej-z-trescich-jater\/","title":{"rendered":"Rosita Olej z tres\u010d\u00edch jater"},"content":{"rendered":"<p>Extra panensk\u00fd olej z tres\u010d\u00edch jater p\u0159edstavuje v\u00fdznamn\u00fd komplexn\u00ed p\u0159irozen\u00fd zdroj esenci\u00e1ln\u00edch omega 3 mastn\u00fdch kyselin. Pr\u00e9miovou kvalitu a maxim\u00e1ln\u00ed obsah nenaru\u0161en\u00fdch \u00fa\u010dinn\u00fdch l\u00e1tek si olej zachov\u00e1v\u00e1 d\u00edky p\u016fvodu z udr\u017eiteln\u00e9ho lovu divok\u00fdch tresek \u017eij\u00edc\u00edch v \u010dist\u00fdch vod\u00e1ch okolo Islandu a \u0161etrn\u00fdm zpracov\u00e1n\u00edm za studena.<\/p>\n","protected":false},"excerpt":{"rendered":"<p>Extra panensk\u00fd olej z tres\u010d\u00edch jater je v\u00fdznamn\u00fdm komplexn\u00edm p\u0159irozen\u00fdm zdrojem esenci\u00e1ln\u00edch omega 3 mastn\u00fdch kyselin. P\u016fvod oleje je z udr\u017eiteln\u00e9ho lovu divok\u00fdch tresek \u017eij\u00edc\u00edch v \u010dist\u00fdch vod\u00e1ch okolo Islandu, je zpracov\u00e1v\u00e1n \u0161etrn\u011b za studena.<\/p>\n","protected":false},"featured_media":3871,"comment_status":"open","ping_status":"closed","template":"","meta":[],"product_brand":[],"product_cat":[1126],"product_tag":[1129,192,872,1135,283,1128],"class_list":{"0":"post-3880","1":"product","2":"type-product","3":"status-publish","4":"has-post-thumbnail","6":"product_cat-prirodni-doplnky-stravy","7":"product_tag-bio","8":"product_tag-doplnky-stravy","9":"product_tag-olej","10":"product_tag-omega-kyseliny","11":"product_tag-prirodni","12":"product_tag-prirodni-doplnky-stravy","14":"first","15":"instock","16":"taxable","17":"shipping-taxable","18":"purchasable","19":"product-type-simple"},"jetpack_sharing_enabled":true,"_links":{"self":[{"href":"https:\/\/etev7e.pef.czu.cz\/zs2223\/wp-json\/wp\/v2\/product\/3880","targetHints":{"allow":["GET"]}}],"collection":[{"href":"https:\/\/etev7e.pef.czu.cz\/zs2223\/wp-json\/wp\/v2\/product"}],"about":[{"href":"https:\/\/etev7e.pef.czu.cz\/zs2223\/wp-json\/wp\/v2\/types\/product"}],"replies":[{"embeddable":true,"href":"https:\/\/etev7e.pef.czu.cz\/zs2223\/wp-json\/wp\/v2\/comments?post=3880"}],"wp:featuredmedia":[{"embeddable":true,"href":"https:\/\/etev7e.pef.czu.cz\/zs2223\/wp-json\/wp\/v2\/media\/3871"}],"wp:attachment":[{"href":"https:\/\/etev7e.pef.czu.cz\/zs2223\/wp-json\/wp\/v2\/media?parent=3880"}],"wp:term":[{"taxonomy":"product_brand","embeddable":true,"href":"https:\/\/etev7e.pef.czu.cz\/zs2223\/wp-json\/wp\/v2\/product_brand?post=3880"},{"taxonomy":"product_cat","embeddable":true,"href":"https:\/\/etev7e.pef.czu.cz\/zs2223\/wp-json\/wp\/v2\/product_cat?post=3880"},{"taxonomy":"product_tag","embeddable":true,"href":"https:\/\/etev7e.pef.czu.cz\/zs2223\/wp-json\/wp\/v2\/product_tag?post=3880"}],"curies":[{"name":"wp","href":"https:\/\/api.w.org\/{rel}","templated":true}]}}