{"id":3882,"date":"2023-11-07T18:01:06","date_gmt":"2023-11-07T17:01:06","guid":{"rendered":"https:\/\/etev7e.pef.czu.cz\/zs2223\/?post_type=product&#038;p=3882"},"modified":"2023-11-07T18:05:08","modified_gmt":"2023-11-07T17:05:08","slug":"sada-nastrcnych-klicu","status":"publish","type":"product","link":"https:\/\/etev7e.pef.czu.cz\/zs2223\/produkt\/sada-nastrcnych-klicu\/","title":{"rendered":"Sada n\u00e1str\u010dn\u00fdch kl\u00ed\u010d\u016f"},"content":{"rendered":"<p>Profesion\u00e1ln\u00ed n\u00e1\u0159ad\u00ed pro v\u0161echny \u0159emesln\u00e9 pr\u00e1ce v dom\u011b a jeho okol\u00ed. D\u011blejte ve\u0161ker\u00e9 \u0159emesln\u00e9 pr\u00e1ce jako skute\u010dn\u00fd profesion\u00e1l s touto sadou n\u00e1str\u010dn\u00fdch kl\u00ed\u010d\u016f a robustn\u00ed teleskopick\u00e9 r\u00e1\u010dny . Sada je vyroben\u00e1 z kvalitn\u00ed oceli s funkc\u00ed AS-DRIVE. Funkce AS-DRIVE. Stisknut\u00edm tla\u010d\u00edtka snadno uvoln\u00edte uz\u00e1v\u011br v\u00ed\u010dka. R\u00e1\u010dna m\u00e1 m\u011bkkou rukoje\u0165, tak\u017ee se s n\u00ed pohodln\u011b pracuje.<\/p>\n<p>&nbsp;<\/p>\n<p><strong>hmotnost, rozm\u011bry:<\/strong> Po\u010det d\u00edl\u016f &#8211; 13; velikost &#8211; 8 mm, 9 mm, 10 mm, 11 mm, 12 mm, 13 mm, 14 mm, 15 mm, 17mm, 19 mm, 21 mm<\/p>\n","protected":false},"excerpt":{"rendered":"<p>Sada n\u00e1str\u010dn\u00fdch kl\u00ed\u010d\u016f<\/p>\n","protected":false},"featured_media":3883,"comment_status":"open","ping_status":"closed","template":"","meta":[],"product_brand":[],"product_cat":[1075],"product_tag":[1136,1137,1138,1139,1087],"class_list":{"0":"post-3882","1":"product","2":"type-product","3":"status-publish","4":"has-post-thumbnail","6":"product_cat-naradi","7":"product_tag-klice","8":"product_tag-nastrcne-klice","9":"product_tag-racny","10":"product_tag-sady-klicu","11":"product_tag-sroubovaky","13":"first","14":"instock","15":"sale","16":"taxable","17":"shipping-taxable","18":"purchasable","19":"product-type-simple"},"jetpack_sharing_enabled":true,"_links":{"self":[{"href":"https:\/\/etev7e.pef.czu.cz\/zs2223\/wp-json\/wp\/v2\/product\/3882","targetHints":{"allow":["GET"]}}],"collection":[{"href":"https:\/\/etev7e.pef.czu.cz\/zs2223\/wp-json\/wp\/v2\/product"}],"about":[{"href":"https:\/\/etev7e.pef.czu.cz\/zs2223\/wp-json\/wp\/v2\/types\/product"}],"replies":[{"embeddable":true,"href":"https:\/\/etev7e.pef.czu.cz\/zs2223\/wp-json\/wp\/v2\/comments?post=3882"}],"wp:featuredmedia":[{"embeddable":true,"href":"https:\/\/etev7e.pef.czu.cz\/zs2223\/wp-json\/wp\/v2\/media\/3883"}],"wp:attachment":[{"href":"https:\/\/etev7e.pef.czu.cz\/zs2223\/wp-json\/wp\/v2\/media?parent=3882"}],"wp:term":[{"taxonomy":"product_brand","embeddable":true,"href":"https:\/\/etev7e.pef.czu.cz\/zs2223\/wp-json\/wp\/v2\/product_brand?post=3882"},{"taxonomy":"product_cat","embeddable":true,"href":"https:\/\/etev7e.pef.czu.cz\/zs2223\/wp-json\/wp\/v2\/product_cat?post=3882"},{"taxonomy":"product_tag","embeddable":true,"href":"https:\/\/etev7e.pef.czu.cz\/zs2223\/wp-json\/wp\/v2\/product_tag?post=3882"}],"curies":[{"name":"wp","href":"https:\/\/api.w.org\/{rel}","templated":true}]}}