{"id":3907,"date":"2023-11-07T20:42:36","date_gmt":"2023-11-07T19:42:36","guid":{"rendered":"https:\/\/etev7e.pef.czu.cz\/zs2223\/?post_type=product&#038;p=3907"},"modified":"2023-11-07T20:42:37","modified_gmt":"2023-11-07T19:42:37","slug":"psi-obojek-2","status":"publish","type":"product","link":"https:\/\/etev7e.pef.czu.cz\/zs2223\/produkt\/psi-obojek-2\/","title":{"rendered":"Ps\u00ed obojek"},"content":{"rendered":"<p><span lang=\"cs-cz\" xml:lang=\"cs-cz\">Zdoben\u00fd ko\u017een\u00fd obojek vhodn\u00fd\u00a0pro mal\u00e1 plemena nebo st\u0159edn\u00ed \u0161t\u00edhl\u00e9 psy. Obojek je lehk\u00fd a nezat\u011b\u017euje kr\u010dn\u00ed p\u00e1te\u0159. Je tak ide\u00e1ln\u00edm dopl\u0148kem pro va\u0161e \u010dty\u0159noh\u00e9 mazl\u00ed\u010dky.\u00a0<\/span><\/p>\n","protected":false},"excerpt":{"rendered":"<p>Kvalitn\u00ed ko\u017een\u00fd obojek pro mal\u00e9 a st\u0159edn\u00ed psy.<\/p>\n","protected":false},"featured_media":3942,"comment_status":"open","ping_status":"closed","template":"","meta":[],"product_brand":[],"product_cat":[1118],"product_tag":[521,684],"class_list":{"0":"post-3907","1":"product","2":"type-product","3":"status-publish","4":"has-post-thumbnail","6":"product_cat-doplnky-pro-psy","7":"product_tag-doplnky-pro-psy","8":"product_tag-obojek","10":"first","11":"instock","12":"sale","13":"taxable","14":"shipping-taxable","15":"purchasable","16":"product-type-simple"},"jetpack_sharing_enabled":true,"_links":{"self":[{"href":"https:\/\/etev7e.pef.czu.cz\/zs2223\/wp-json\/wp\/v2\/product\/3907","targetHints":{"allow":["GET"]}}],"collection":[{"href":"https:\/\/etev7e.pef.czu.cz\/zs2223\/wp-json\/wp\/v2\/product"}],"about":[{"href":"https:\/\/etev7e.pef.czu.cz\/zs2223\/wp-json\/wp\/v2\/types\/product"}],"replies":[{"embeddable":true,"href":"https:\/\/etev7e.pef.czu.cz\/zs2223\/wp-json\/wp\/v2\/comments?post=3907"}],"wp:featuredmedia":[{"embeddable":true,"href":"https:\/\/etev7e.pef.czu.cz\/zs2223\/wp-json\/wp\/v2\/media\/3942"}],"wp:attachment":[{"href":"https:\/\/etev7e.pef.czu.cz\/zs2223\/wp-json\/wp\/v2\/media?parent=3907"}],"wp:term":[{"taxonomy":"product_brand","embeddable":true,"href":"https:\/\/etev7e.pef.czu.cz\/zs2223\/wp-json\/wp\/v2\/product_brand?post=3907"},{"taxonomy":"product_cat","embeddable":true,"href":"https:\/\/etev7e.pef.czu.cz\/zs2223\/wp-json\/wp\/v2\/product_cat?post=3907"},{"taxonomy":"product_tag","embeddable":true,"href":"https:\/\/etev7e.pef.czu.cz\/zs2223\/wp-json\/wp\/v2\/product_tag?post=3907"}],"curies":[{"name":"wp","href":"https:\/\/api.w.org\/{rel}","templated":true}]}}