{"id":3909,"date":"2023-11-07T20:42:51","date_gmt":"2023-11-07T19:42:51","guid":{"rendered":"https:\/\/etev7e.pef.czu.cz\/zs2223\/?post_type=product&#038;p=3909"},"modified":"2023-11-07T21:13:59","modified_gmt":"2023-11-07T20:13:59","slug":"iphone-14-pro-max","status":"publish","type":"product","link":"https:\/\/etev7e.pef.czu.cz\/zs2223\/produkt\/iphone-14-pro-max\/","title":{"rendered":"iPhone 14 Pro Max"},"content":{"rendered":"<p><span style=\"font-weight: 400\">Iphone 14 Pro Max je chytr\u00fd mobiln\u00ed telefon designovan\u00fd, navrhovan\u00fd a vyr\u00e1b\u011bn americkou zna\u010dkou Apple. Byl p\u0159edstaven 7. z\u00e1\u0159\u00ed 2022 na konferenci Apple Event v Apple Parku v kalifornsk\u00e9m Cupertinu. Phone 14 Pro Max stav\u00ed na podobn\u00fdch komponent\u00e1ch jako iPhone 13 Pro Max, toto\u017en\u00e9 jsou i designov\u011b. V\u00fdrazn\u011bj\u0161\u00ed vylep\u0161en\u00ed zaznamenal pouze fotoapar\u00e1t a baterie. iPhone 14 Pro\u00a0 Max je vybaven nov\u00fdm \u010dipset A16 Bionic, vyr\u00e1b\u011bn\u00fd spole\u010dnost TSMC s 5<\/span><span style=\"font-weight: 400\">nm<\/span><span style=\"font-weight: 400\"> technologi\u00ed,\u00a0 kter\u00fd nahrazuje \u010dipset A15 Bionic. IPhone 14 Pro Max je vybaven nov\u00fdm 48 megapixelov\u00fdm sn\u00edma\u010dem, kter\u00fd umo\u017e\u0148uje dvojn\u00e1sobn\u00fd zoom a <\/span><span style=\"font-weight: 400\">4k video<\/span><span style=\"font-weight: 400\"> bez <\/span><span style=\"font-weight: 400\">digit\u00e1ln\u00edho zoomu<\/span><span style=\"font-weight: 400\">.\u00a0 Z\u00e1rove\u0148 je pou\u017eit nov\u00fd \u201ePhotonic Engine\u201c pro lep\u0161\u00ed kvalitu obrazu a videa.<\/span> <span style=\"font-weight: 400\">P\u0159edn\u00ed kamera m\u00e1 nyn\u00ed automatick\u00e9 ost\u0159en\u00ed<\/span> <span style=\"font-weight: 400\">a na sn\u00edmku v re\u017eimu Portr\u00e9t dok\u00e1\u017ee rozpoznat v\u00edcero lid\u00ed. IPhone 14 Pro Max poskytuje 29 hodin p\u0159ehr\u00e1v\u00e1n\u00ed videa. Novinkou u Iphone Pro je Dynamic Island. Dynamic Island je p\u0159epracovan\u00fd v\u00fd\u0159ez displeje, kter\u00fd se nach\u00e1z\u00ed v modelech iPhone po\u010d\u00ednaje iPhonem X. Nov\u011b se nach\u00e1z\u00ed pod hranou displeje, a nen\u00ed tedy spojen\u00fd s r\u00e1me\u010dkem telefonu. Je navr\u017een tak, aby poskytoval informace, jako jsou upozorn\u011bn\u00ed na \u00farovni hardwaru a syst\u00e9mu, data m\u00e9di\u00ed a dal\u0161\u00ed funkce specifick\u00e9 pro dan\u00e9 aplikace.<\/span><\/p>\n","protected":false},"excerpt":{"rendered":"<p>Nov\u00fd iPhone 14 Pro Max stav\u00ed na podobn\u00fdch komponent\u00e1ch jako iPhone 13 Pro Max. V\u00fdrazn\u011bj\u0161\u00ed vylep\u0161en\u00ed zaznamenal pouze fotoapar\u00e1t a baterie.<\/p>\n","protected":false},"featured_media":3941,"comment_status":"open","ping_status":"closed","template":"","meta":[],"product_brand":[],"product_cat":[1140],"product_tag":[96,1143,1142,887,93],"class_list":{"0":"post-3909","1":"product","2":"type-product","3":"status-publish","4":"has-post-thumbnail","6":"product_cat-mobilnitelefonyznackyapple","7":"product_tag-apple","8":"product_tag-chytry-mobilni-telefon","9":"product_tag-dotykovy-telefon","10":"product_tag-iphone","11":"product_tag-mobilni-telefony","13":"first","14":"instock","15":"taxable","16":"shipping-taxable","17":"purchasable","18":"product-type-simple"},"jetpack_sharing_enabled":true,"_links":{"self":[{"href":"https:\/\/etev7e.pef.czu.cz\/zs2223\/wp-json\/wp\/v2\/product\/3909","targetHints":{"allow":["GET"]}}],"collection":[{"href":"https:\/\/etev7e.pef.czu.cz\/zs2223\/wp-json\/wp\/v2\/product"}],"about":[{"href":"https:\/\/etev7e.pef.czu.cz\/zs2223\/wp-json\/wp\/v2\/types\/product"}],"replies":[{"embeddable":true,"href":"https:\/\/etev7e.pef.czu.cz\/zs2223\/wp-json\/wp\/v2\/comments?post=3909"}],"wp:featuredmedia":[{"embeddable":true,"href":"https:\/\/etev7e.pef.czu.cz\/zs2223\/wp-json\/wp\/v2\/media\/3941"}],"wp:attachment":[{"href":"https:\/\/etev7e.pef.czu.cz\/zs2223\/wp-json\/wp\/v2\/media?parent=3909"}],"wp:term":[{"taxonomy":"product_brand","embeddable":true,"href":"https:\/\/etev7e.pef.czu.cz\/zs2223\/wp-json\/wp\/v2\/product_brand?post=3909"},{"taxonomy":"product_cat","embeddable":true,"href":"https:\/\/etev7e.pef.czu.cz\/zs2223\/wp-json\/wp\/v2\/product_cat?post=3909"},{"taxonomy":"product_tag","embeddable":true,"href":"https:\/\/etev7e.pef.czu.cz\/zs2223\/wp-json\/wp\/v2\/product_tag?post=3909"}],"curies":[{"name":"wp","href":"https:\/\/api.w.org\/{rel}","templated":true}]}}