{"id":3946,"date":"2023-11-07T20:48:17","date_gmt":"2023-11-07T19:48:17","guid":{"rendered":"https:\/\/etev7e.pef.czu.cz\/zs2223\/?post_type=product&#038;p=3946"},"modified":"2023-11-07T21:09:37","modified_gmt":"2023-11-07T20:09:37","slug":"iphone-8","status":"publish","type":"product","link":"https:\/\/etev7e.pef.czu.cz\/zs2223\/produkt\/iphone-8\/","title":{"rendered":"iPhone 8"},"content":{"rendered":"<p><span style=\"font-weight: 400\">Phone 8 byl spole\u010dnost\u00ed Apple p\u0159edstavil dne 12. z\u00e1\u0159\u00ed 2017. Hranu telefonu obep\u00edn\u00e1 precizn\u011b vypracovan\u00fd kovov\u00fd r\u00e1m, do kter\u00e9ho je z p\u0159edn\u00ed i zadn\u00ed strany zasazeno odoln\u00e9 kryc\u00ed sklo. Cel\u00e1 konstrukce je dokonale zpracovan\u00e1 a t\u00edm p\u00e1dem nechyb\u00ed odolnost proti vod\u011b a prachu, kter\u00e1 spl\u0148uje stupe\u0148 kryt\u00ed IP67. Telefon disponuje 4.7\u201d TrueTone Ratina displejem s podporou 3D Touch. Technologie 3D Touch umo\u017e\u0148uje m\u011b\u0159it tlak, kter\u00fd na displej vyvinete a podle toho vyvolat dal\u0161\u00ed odpov\u00eddaj\u00edc\u00ed reakci. S 3D Touch m\u016f\u017eete d\u011blat v\u011bci jin\u00fdm zp\u016fsobem a rychleji. Telefon disponuje 12MP fotoapar\u00e1t s v\u011bt\u0161\u00edm a rychlej\u0161\u00edm sn\u00edma\u010dem, \u0161esti\u010dlenn\u00fd objektiv se sv\u011btelnost\u00ed \u0192\/1,8, optickou stabilizaci obrazu a \u010dty\u0159diodov\u00fd True Tone blesk. Umo\u017e\u0148uje zachytit \u017eiv\u00e9 fotografie, Ultra HD 4K videa, zpomalen\u00e9 slo-mo video 1080p s rychlost\u00ed 240 fps a mimo jin\u00e9 nab\u00edz\u00ed funkce jako jsou Panorama, kontrola expozice, rychl\u00e9 sn\u00edm\u00e1n\u00ed, nebo \u010dasosb\u011brn\u00e9 video. telefon je vybaven v\u00fdkonn\u00fdm \u010dipem A11 Bionic a jeho neuronov\u00e9ho enginu. IPhone 8 disponuje technologii bezdr\u00e1tov\u00e9ho nab\u00edjen\u00ed tato technologie umo\u017enuje dob\u00edjet telfon za pomoci bezdr\u00e1tov\u00fdch nab\u00edje\u010dek.<\/span><\/p>\n","protected":false},"excerpt":{"rendered":"<p>Do precizn\u00ed konstrukce nepronikne voda ani prach. iPhone 8 je mikroskopicky p\u0159esn\u011b konstruovan\u00fd tak, aby byl odoln\u00fd proti vod\u011b, polit\u00ed a prachu.<\/p>\n","protected":false},"featured_media":3951,"comment_status":"open","ping_status":"closed","template":"","meta":[],"product_brand":[],"product_cat":[1140],"product_tag":[96,94,1144,887],"class_list":{"0":"post-3946","1":"product","2":"type-product","3":"status-publish","4":"has-post-thumbnail","6":"product_cat-mobilnitelefonyznackyapple","7":"product_tag-apple","8":"product_tag-chytre-mobilni-telefony","9":"product_tag-dotykove-telefony","10":"product_tag-iphone","12":"first","13":"instock","14":"sale","15":"taxable","16":"shipping-taxable","17":"purchasable","18":"product-type-simple"},"jetpack_sharing_enabled":true,"_links":{"self":[{"href":"https:\/\/etev7e.pef.czu.cz\/zs2223\/wp-json\/wp\/v2\/product\/3946","targetHints":{"allow":["GET"]}}],"collection":[{"href":"https:\/\/etev7e.pef.czu.cz\/zs2223\/wp-json\/wp\/v2\/product"}],"about":[{"href":"https:\/\/etev7e.pef.czu.cz\/zs2223\/wp-json\/wp\/v2\/types\/product"}],"replies":[{"embeddable":true,"href":"https:\/\/etev7e.pef.czu.cz\/zs2223\/wp-json\/wp\/v2\/comments?post=3946"}],"wp:featuredmedia":[{"embeddable":true,"href":"https:\/\/etev7e.pef.czu.cz\/zs2223\/wp-json\/wp\/v2\/media\/3951"}],"wp:attachment":[{"href":"https:\/\/etev7e.pef.czu.cz\/zs2223\/wp-json\/wp\/v2\/media?parent=3946"}],"wp:term":[{"taxonomy":"product_brand","embeddable":true,"href":"https:\/\/etev7e.pef.czu.cz\/zs2223\/wp-json\/wp\/v2\/product_brand?post=3946"},{"taxonomy":"product_cat","embeddable":true,"href":"https:\/\/etev7e.pef.czu.cz\/zs2223\/wp-json\/wp\/v2\/product_cat?post=3946"},{"taxonomy":"product_tag","embeddable":true,"href":"https:\/\/etev7e.pef.czu.cz\/zs2223\/wp-json\/wp\/v2\/product_tag?post=3946"}],"curies":[{"name":"wp","href":"https:\/\/api.w.org\/{rel}","templated":true}]}}