{"id":3960,"date":"2023-11-07T21:21:26","date_gmt":"2023-11-07T20:21:26","guid":{"rendered":"https:\/\/etev7e.pef.czu.cz\/zs2223\/?post_type=product&#038;p=3960"},"modified":"2023-11-07T21:21:26","modified_gmt":"2023-11-07T20:21:26","slug":"prepravni-box-pro-psy","status":"publish","type":"product","link":"https:\/\/etev7e.pef.czu.cz\/zs2223\/produkt\/prepravni-box-pro-psy\/","title":{"rendered":"P\u0159epravn\u00ed box pro psy"},"content":{"rendered":"<p><span lang=\"cs-cz\" xml:lang=\"cs-cz\">Hn\u011bdo-b\u00e9\u017eov\u00fd p\u0159epravn\u00ed box pro psy vyroben\u00fd z plastu pro snadn\u00e9 p\u0159en\u00e1\u0161en\u00ed va\u0161eho mazl\u00ed\u010dka. P\u0159epravka je opat\u0159ena m\u0159\u00ed\u017ekov\u00fdmi dv\u00ed\u0159ky a m\u00e1 dostatek v\u011btrac\u00edch otvor\u016f pro cirkulaci vzduchu a maxim\u00e1ln\u00ed pohodl\u00ed. Je vhodn\u00e1 do auta, vlaku, lodi nebo letadla. Snadno se sestavuje a \u010dist\u00ed.<\/span><\/p>\n","protected":false},"excerpt":{"rendered":"<p>Stylov\u00fd p\u0159epravn\u00ed box pro psy vyroben\u00fd z plastu pro snadn\u00e9 p\u0159en\u00e1\u0161en\u00ed va\u0161eho mazl\u00ed\u010dka.<\/p>\n","protected":false},"featured_media":3965,"comment_status":"open","ping_status":"closed","template":"","meta":[],"product_brand":[],"product_cat":[1118],"product_tag":[58,521],"class_list":{"0":"post-3960","1":"product","2":"type-product","3":"status-publish","4":"has-post-thumbnail","6":"product_cat-doplnky-pro-psy","7":"product_tag-chovatelske-potreby-pro-psy","8":"product_tag-doplnky-pro-psy","10":"first","11":"instock","12":"sale","13":"taxable","14":"shipping-taxable","15":"purchasable","16":"product-type-simple"},"jetpack_sharing_enabled":true,"_links":{"self":[{"href":"https:\/\/etev7e.pef.czu.cz\/zs2223\/wp-json\/wp\/v2\/product\/3960","targetHints":{"allow":["GET"]}}],"collection":[{"href":"https:\/\/etev7e.pef.czu.cz\/zs2223\/wp-json\/wp\/v2\/product"}],"about":[{"href":"https:\/\/etev7e.pef.czu.cz\/zs2223\/wp-json\/wp\/v2\/types\/product"}],"replies":[{"embeddable":true,"href":"https:\/\/etev7e.pef.czu.cz\/zs2223\/wp-json\/wp\/v2\/comments?post=3960"}],"wp:featuredmedia":[{"embeddable":true,"href":"https:\/\/etev7e.pef.czu.cz\/zs2223\/wp-json\/wp\/v2\/media\/3965"}],"wp:attachment":[{"href":"https:\/\/etev7e.pef.czu.cz\/zs2223\/wp-json\/wp\/v2\/media?parent=3960"}],"wp:term":[{"taxonomy":"product_brand","embeddable":true,"href":"https:\/\/etev7e.pef.czu.cz\/zs2223\/wp-json\/wp\/v2\/product_brand?post=3960"},{"taxonomy":"product_cat","embeddable":true,"href":"https:\/\/etev7e.pef.czu.cz\/zs2223\/wp-json\/wp\/v2\/product_cat?post=3960"},{"taxonomy":"product_tag","embeddable":true,"href":"https:\/\/etev7e.pef.czu.cz\/zs2223\/wp-json\/wp\/v2\/product_tag?post=3960"}],"curies":[{"name":"wp","href":"https:\/\/api.w.org\/{rel}","templated":true}]}}