{"id":3962,"date":"2023-11-07T21:13:56","date_gmt":"2023-11-07T20:13:56","guid":{"rendered":"https:\/\/etev7e.pef.czu.cz\/zs2223\/?post_type=product&#038;p=3962"},"modified":"2023-11-07T21:21:12","modified_gmt":"2023-11-07T20:21:12","slug":"iphone-13-pro","status":"publish","type":"product","link":"https:\/\/etev7e.pef.czu.cz\/zs2223\/produkt\/iphone-13-pro\/","title":{"rendered":"iPhone 13 Pro"},"content":{"rendered":"<p><span style=\"font-weight: 400\">IPhone 13 Pro byl p\u0159edstaven spolu s ostatn\u00edmi produkty generace na <\/span><span style=\"font-weight: 400\">Apple Speci\u00e1l Eventu<\/span><span style=\"font-weight: 400\"> v <\/span><span style=\"font-weight: 400\">Apple Parku<\/span><span style=\"font-weight: 400\"> 14. z\u00e1\u0159\u00ed 2021. Do prodeje byly uvoln\u011bny o 10 dn\u00ed pozd\u011bji, 24. z\u00e1\u0159\u00ed. IPhone 13 Pro pou\u017e\u00edvaj\u00ed procesor A15 Bionic navr\u017een\u00fd spole\u010dnost\u00ed Apple s 16j\u00e1drov\u00fdm neuronov\u00fdm enginem, 6j\u00e1drov\u00fdm <\/span><span style=\"font-weight: 400\">CPU<\/span><span style=\"font-weight: 400\"> a 5j\u00e1drov\u00fdm <\/span><span style=\"font-weight: 400\">grafick\u00fdm procesorem<\/span><span style=\"font-weight: 400\">. Apple uv\u00e1d\u00ed a\u017e o 1,5 hodiny del\u0161\u00ed v\u00fddr\u017ee baterie u iPhonu 13 Pro. IPhone 13 Pro je vybaven \u010dty\u0159mi fotoapar\u00e1ty \u2013 jedn\u00edm p\u0159edn\u00edm fotoapar\u00e1tem a t\u0159emi zadn\u00edmi fotoapar\u00e1ty \u2013 teleobjektiv, \u0161iroko\u00fahl\u00fd a ultra \u0161irok\u00fd fotoapar\u00e1t. \u0160iroko\u00fahl\u00e9 a ultra \u0161iroko\u00fahl\u00e9 maj\u00ed tak\u00e9 v\u011bt\u0161\u00ed otvory pro zachycen\u00ed v\u00edce sv\u011btla a zv\u00fd\u0161en\u00ed v\u00fdkonu p\u0159i slab\u00e9m osv\u011btlen\u00ed. Ultra \u0161iroko\u00fahl\u00fd fotoapar\u00e1t m\u00e1 tak\u00e9 poprv\u00e9 automatick\u00e9 ost\u0159en\u00ed. Design iPhonu 13 Pro se oproti p\u0159edch\u016fdc\u016fm t\u00e9m\u011b\u0159 nezm\u011bnil. Blok zadn\u00edho fotoapar\u00e1tu v\u0161ak nyn\u00ed pokr\u00fdv\u00e1 v\u011bt\u0161\u00ed plochu kv\u016fli v\u011bt\u0161\u00edm objektiv\u016fm a v\u00fd\u0159ez displeje, \u201enotch\u201c, pro Face ID a kamery na p\u0159edn\u00edm displeji je nyn\u00ed o 20 % men\u0161\u00ed.<\/span><\/p>\n","protected":false},"excerpt":{"rendered":"<p>IPhone 13 Pro pou\u017e\u00edvaj\u00ed procesor A15 Bionic navr\u017een\u00fd spole\u010dnost\u00ed Apple s 16j\u00e1drov\u00fdm neuronov\u00fdm enginem, 6j\u00e1drov\u00fdm CPU a 5j\u00e1drov\u00fdm grafick\u00fdm procesorem. Apple uv\u00e1d\u00ed a\u017e o 1,5 hodiny del\u0161\u00ed v\u00fddr\u017ee baterie u iPhonu 13 Pro. IPhone 13 Pro je vybaven \u010dty\u0159mi fotoapar\u00e1ty \u2013 jedn\u00edm p\u0159edn\u00edm fotoapar\u00e1tem a t\u0159emi zadn\u00edmi fotoapar\u00e1ty \u2013 teleobjektiv, \u0161iroko\u00fahl\u00fd a ultra\u0161irok\u00fd fotoapar\u00e1t.<\/p>\n","protected":false},"featured_media":3963,"comment_status":"open","ping_status":"closed","template":"","meta":[],"product_brand":[],"product_cat":[1140],"product_tag":[96,1143,1142,887,93],"class_list":{"0":"post-3962","1":"product","2":"type-product","3":"status-publish","4":"has-post-thumbnail","6":"product_cat-mobilnitelefonyznackyapple","7":"product_tag-apple","8":"product_tag-chytry-mobilni-telefon","9":"product_tag-dotykovy-telefon","10":"product_tag-iphone","11":"product_tag-mobilni-telefony","13":"first","14":"instock","15":"sale","16":"taxable","17":"shipping-taxable","18":"purchasable","19":"product-type-simple"},"jetpack_sharing_enabled":true,"_links":{"self":[{"href":"https:\/\/etev7e.pef.czu.cz\/zs2223\/wp-json\/wp\/v2\/product\/3962","targetHints":{"allow":["GET"]}}],"collection":[{"href":"https:\/\/etev7e.pef.czu.cz\/zs2223\/wp-json\/wp\/v2\/product"}],"about":[{"href":"https:\/\/etev7e.pef.czu.cz\/zs2223\/wp-json\/wp\/v2\/types\/product"}],"replies":[{"embeddable":true,"href":"https:\/\/etev7e.pef.czu.cz\/zs2223\/wp-json\/wp\/v2\/comments?post=3962"}],"wp:featuredmedia":[{"embeddable":true,"href":"https:\/\/etev7e.pef.czu.cz\/zs2223\/wp-json\/wp\/v2\/media\/3963"}],"wp:attachment":[{"href":"https:\/\/etev7e.pef.czu.cz\/zs2223\/wp-json\/wp\/v2\/media?parent=3962"}],"wp:term":[{"taxonomy":"product_brand","embeddable":true,"href":"https:\/\/etev7e.pef.czu.cz\/zs2223\/wp-json\/wp\/v2\/product_brand?post=3962"},{"taxonomy":"product_cat","embeddable":true,"href":"https:\/\/etev7e.pef.czu.cz\/zs2223\/wp-json\/wp\/v2\/product_cat?post=3962"},{"taxonomy":"product_tag","embeddable":true,"href":"https:\/\/etev7e.pef.czu.cz\/zs2223\/wp-json\/wp\/v2\/product_tag?post=3962"}],"curies":[{"name":"wp","href":"https:\/\/api.w.org\/{rel}","templated":true}]}}