{"id":3981,"date":"2023-11-07T23:09:54","date_gmt":"2023-11-07T22:09:54","guid":{"rendered":"https:\/\/etev7e.pef.czu.cz\/zs2223\/?post_type=product&#038;p=3981"},"modified":"2023-11-08T23:10:41","modified_gmt":"2023-11-08T22:10:41","slug":"idole-nectar-eau-de-parfum-lancome","status":"publish","type":"product","link":"https:\/\/etev7e.pef.czu.cz\/zs2223\/produkt\/idole-nectar-eau-de-parfum-lancome\/","title":{"rendered":"Id\u00f4le Nectar Eau de Parfum &#8211; Lanc\u00f4me"},"content":{"rendered":"<p>L&#8217;Eau de Parfum Nectar je prvn\u00edm neo-gurm\u00e1nsk\u00fdm v\u016fn\u00ed, kter\u00fd je zjemn\u011bn n\u00e1znakem kv\u011btinov\u00e9 exploze lahodnosti. Vynikaj\u00edc\u00ed d\u00edky sv\u00e9mu akordu r\u016f\u017eov\u00e9ho soufle a neo-gurm\u00e1nsk\u00e9ho akordu popcornu. Eau de Parfum, kter\u00e9 okam\u017eit\u011b vybuchne do z\u00e1vislosti. Udr\u017eiteln\u011b z\u00edskan\u00e9 slo\u017eky s r\u016f\u017e\u00ed z Isparty a infuz\u00ed bourbonsk\u00e9 vanilky vytv\u00e1\u0159ej\u00ed v\u016fni, kter\u00e1 reprezentuje budoucnost<\/p>\n","protected":false},"excerpt":{"rendered":"<p>L&#8217;Eau de Parfum Nectar je prvn\u00edm neo-gurm\u00e1nsk\u00fdm v\u016fn\u00ed, kter\u00fd je zjemn\u011bn n\u00e1znakem kv\u011btinov\u00e9 exploze lahodnosti.<\/p>\n","protected":false},"featured_media":3983,"comment_status":"open","ping_status":"closed","template":"","meta":[],"product_brand":[],"product_cat":[1145],"product_tag":[1096,1147,670,330,1146],"class_list":{"0":"post-3981","1":"product","2":"type-product","3":"status-publish","4":"has-post-thumbnail","6":"product_cat-parfemy-2","7":"product_tag-damske-parfemy","8":"product_tag-edp","9":"product_tag-lancome","10":"product_tag-parfemy","11":"product_tag-sladke-vune","13":"first","14":"instock","15":"taxable","16":"shipping-taxable","17":"purchasable","18":"product-type-variable"},"jetpack_sharing_enabled":true,"_links":{"self":[{"href":"https:\/\/etev7e.pef.czu.cz\/zs2223\/wp-json\/wp\/v2\/product\/3981","targetHints":{"allow":["GET"]}}],"collection":[{"href":"https:\/\/etev7e.pef.czu.cz\/zs2223\/wp-json\/wp\/v2\/product"}],"about":[{"href":"https:\/\/etev7e.pef.czu.cz\/zs2223\/wp-json\/wp\/v2\/types\/product"}],"replies":[{"embeddable":true,"href":"https:\/\/etev7e.pef.czu.cz\/zs2223\/wp-json\/wp\/v2\/comments?post=3981"}],"wp:featuredmedia":[{"embeddable":true,"href":"https:\/\/etev7e.pef.czu.cz\/zs2223\/wp-json\/wp\/v2\/media\/3983"}],"wp:attachment":[{"href":"https:\/\/etev7e.pef.czu.cz\/zs2223\/wp-json\/wp\/v2\/media?parent=3981"}],"wp:term":[{"taxonomy":"product_brand","embeddable":true,"href":"https:\/\/etev7e.pef.czu.cz\/zs2223\/wp-json\/wp\/v2\/product_brand?post=3981"},{"taxonomy":"product_cat","embeddable":true,"href":"https:\/\/etev7e.pef.czu.cz\/zs2223\/wp-json\/wp\/v2\/product_cat?post=3981"},{"taxonomy":"product_tag","embeddable":true,"href":"https:\/\/etev7e.pef.czu.cz\/zs2223\/wp-json\/wp\/v2\/product_tag?post=3981"}],"curies":[{"name":"wp","href":"https:\/\/api.w.org\/{rel}","templated":true}]}}