{"id":3991,"date":"2023-11-08T15:35:25","date_gmt":"2023-11-08T14:35:25","guid":{"rendered":"https:\/\/etev7e.pef.czu.cz\/zs2223\/?post_type=product&#038;p=3991"},"modified":"2023-11-08T23:14:26","modified_gmt":"2023-11-08T22:14:26","slug":"la-vie-est-belle-iris-absolu-lancome","status":"publish","type":"product","link":"https:\/\/etev7e.pef.czu.cz\/zs2223\/produkt\/la-vie-est-belle-iris-absolu-lancome\/","title":{"rendered":"La Vie Est Belle Iris Absolu Lanc\u00f4me"},"content":{"rendered":"<p id=\"yui_3_17_2_1_1699453631786_37\">Nov\u00e1 intenzivn\u00ed a sv\u016fdn\u00e1 interpretace La vie est belle, zt\u011blesn\u011bn\u00e1 ikonick\u00fdm Iris Pallida, v nejkoncentrovan\u011bj\u0161\u00ed form\u011b, \u0161\u00ed\u0159\u00edc\u00ed neodolateln\u00e9 kv\u011btinov\u00e9 srdce.\u00a0Zelen\u00e9 a \u0161\u0165avnat\u00e9 t\u00f3ny Fig Accord a \u010dern\u00e9ho ryb\u00edzu se m\u00eds\u00ed s Jasmine Sambac a mocn\u00fdm stopem Iris, obohacen\u00fdm hlubok\u00fdmi t\u00f3ny pa\u010duli a gurm\u00e1nsk\u00fdm akordem.<\/p>\n","protected":false},"excerpt":{"rendered":"<p>Nov\u00e1 intenzivn\u00ed a sv\u016fdn\u00e1 interpretace La vie est belle, zt\u011blesn\u011bn\u00e1 ikonick\u00fdm Iris Pallida, v nejkoncentrovan\u011bj\u0161\u00ed form\u011b, \u0161\u00ed\u0159\u00edc\u00ed neodolateln\u00e9 kv\u011btinov\u00e9 srdce.<\/p>\n","protected":false},"featured_media":3992,"comment_status":"open","ping_status":"closed","template":"","meta":[],"product_brand":[],"product_cat":[1145],"product_tag":[329,1147,670,316],"class_list":{"0":"post-3991","1":"product","2":"type-product","3":"status-publish","4":"has-post-thumbnail","6":"product_cat-parfemy-2","7":"product_tag-damske-vune","8":"product_tag-edp","9":"product_tag-lancome","10":"product_tag-parfem","12":"first","13":"instock","14":"taxable","15":"shipping-taxable","16":"purchasable","17":"product-type-variable"},"jetpack_sharing_enabled":true,"_links":{"self":[{"href":"https:\/\/etev7e.pef.czu.cz\/zs2223\/wp-json\/wp\/v2\/product\/3991","targetHints":{"allow":["GET"]}}],"collection":[{"href":"https:\/\/etev7e.pef.czu.cz\/zs2223\/wp-json\/wp\/v2\/product"}],"about":[{"href":"https:\/\/etev7e.pef.czu.cz\/zs2223\/wp-json\/wp\/v2\/types\/product"}],"replies":[{"embeddable":true,"href":"https:\/\/etev7e.pef.czu.cz\/zs2223\/wp-json\/wp\/v2\/comments?post=3991"}],"wp:featuredmedia":[{"embeddable":true,"href":"https:\/\/etev7e.pef.czu.cz\/zs2223\/wp-json\/wp\/v2\/media\/3992"}],"wp:attachment":[{"href":"https:\/\/etev7e.pef.czu.cz\/zs2223\/wp-json\/wp\/v2\/media?parent=3991"}],"wp:term":[{"taxonomy":"product_brand","embeddable":true,"href":"https:\/\/etev7e.pef.czu.cz\/zs2223\/wp-json\/wp\/v2\/product_brand?post=3991"},{"taxonomy":"product_cat","embeddable":true,"href":"https:\/\/etev7e.pef.czu.cz\/zs2223\/wp-json\/wp\/v2\/product_cat?post=3991"},{"taxonomy":"product_tag","embeddable":true,"href":"https:\/\/etev7e.pef.czu.cz\/zs2223\/wp-json\/wp\/v2\/product_tag?post=3991"}],"curies":[{"name":"wp","href":"https:\/\/api.w.org\/{rel}","templated":true}]}}