{"id":3993,"date":"2023-11-08T15:39:04","date_gmt":"2023-11-08T14:39:04","guid":{"rendered":"https:\/\/etev7e.pef.czu.cz\/zs2223\/?post_type=product&#038;p=3993"},"modified":"2023-11-08T23:18:47","modified_gmt":"2023-11-08T22:18:47","slug":"miss-dior-eau-de-parfum-2021-dior","status":"publish","type":"product","link":"https:\/\/etev7e.pef.czu.cz\/zs2223\/produkt\/miss-dior-eau-de-parfum-2021-dior\/","title":{"rendered":"Miss Dior Eau de Parfum (2021) Dior"},"content":{"rendered":"<p id=\"yui_3_17_2_1_1699453631786_43\">V\u016fn\u011b Miss Dior je zalo\u017eena na t\u00f3nu r\u016f\u017ee Centifolia s jej\u00edmi medov\u00fdmi a pep\u0159ov\u00fdmi t\u00f3ny, kter\u00e9 vl\u00e1dnou nad extr\u00e9mn\u011b kr\u00e9mov\u00fdm sametov\u00fdm srdcem. Je vy\u0161\u00edvan\u00e1 \u010derstv\u00fdmi konvalinkami, pivo\u0148kou a pudrov\u00fdmi t\u00f3ny iris. Z\u00e1klad m\u00e1 d\u0159evit\u00e9, zemit\u00e9 a vanilkov\u00e9 v\u016fn\u011b. Nov\u00e1 v\u016fn\u011b je jako olfaktorick\u00fd &#8222;millefiori&#8220;, kter\u00fd zd\u00e1 se, \u017ee nese nespo\u010det kv\u011btin v nekone\u010dn\u00fdch barv\u00e1ch.<\/p>\n","protected":false},"excerpt":{"rendered":"<p>V\u016fn\u011b Miss Dior je zalo\u017eena na t\u00f3nu r\u016f\u017ee Centifolia s jej\u00edmi medov\u00fdmi a pep\u0159ov\u00fdmi t\u00f3ny, kter\u00e9 vl\u00e1dnou nad extr\u00e9mn\u011b kr\u00e9mov\u00fdm sametov\u00fdm srdcem.D<\/p>\n","protected":false},"featured_media":3994,"comment_status":"open","ping_status":"closed","template":"","meta":[],"product_brand":[],"product_cat":[1145],"product_tag":[1096,1153,1147,316,1146],"class_list":{"0":"post-3993","1":"product","2":"type-product","3":"status-publish","4":"has-post-thumbnail","6":"product_cat-parfemy-2","7":"product_tag-damske-parfemy","8":"product_tag-dior","9":"product_tag-edp","10":"product_tag-parfem","11":"product_tag-sladke-vune","13":"first","14":"instock","15":"sale","16":"taxable","17":"shipping-taxable","18":"purchasable","19":"product-type-variable"},"jetpack_sharing_enabled":true,"_links":{"self":[{"href":"https:\/\/etev7e.pef.czu.cz\/zs2223\/wp-json\/wp\/v2\/product\/3993","targetHints":{"allow":["GET"]}}],"collection":[{"href":"https:\/\/etev7e.pef.czu.cz\/zs2223\/wp-json\/wp\/v2\/product"}],"about":[{"href":"https:\/\/etev7e.pef.czu.cz\/zs2223\/wp-json\/wp\/v2\/types\/product"}],"replies":[{"embeddable":true,"href":"https:\/\/etev7e.pef.czu.cz\/zs2223\/wp-json\/wp\/v2\/comments?post=3993"}],"wp:featuredmedia":[{"embeddable":true,"href":"https:\/\/etev7e.pef.czu.cz\/zs2223\/wp-json\/wp\/v2\/media\/3994"}],"wp:attachment":[{"href":"https:\/\/etev7e.pef.czu.cz\/zs2223\/wp-json\/wp\/v2\/media?parent=3993"}],"wp:term":[{"taxonomy":"product_brand","embeddable":true,"href":"https:\/\/etev7e.pef.czu.cz\/zs2223\/wp-json\/wp\/v2\/product_brand?post=3993"},{"taxonomy":"product_cat","embeddable":true,"href":"https:\/\/etev7e.pef.czu.cz\/zs2223\/wp-json\/wp\/v2\/product_cat?post=3993"},{"taxonomy":"product_tag","embeddable":true,"href":"https:\/\/etev7e.pef.czu.cz\/zs2223\/wp-json\/wp\/v2\/product_tag?post=3993"}],"curies":[{"name":"wp","href":"https:\/\/api.w.org\/{rel}","templated":true}]}}