{"id":3995,"date":"2023-11-08T15:45:11","date_gmt":"2023-11-08T14:45:11","guid":{"rendered":"https:\/\/etev7e.pef.czu.cz\/zs2223\/?post_type=product&#038;p=3995"},"modified":"2023-11-08T23:22:48","modified_gmt":"2023-11-08T22:22:48","slug":"linterdit-eau-de-toilette-givenchy","status":"publish","type":"product","link":"https:\/\/etev7e.pef.czu.cz\/zs2223\/produkt\/linterdit-eau-de-toilette-givenchy\/","title":{"rendered":"L&#8217;Interdit Eau de Toilette Givenchy"},"content":{"rendered":"<p id=\"yui_3_17_2_1_1699453631786_47\">L&#8217;Interdit Eau de Toilette od Givenchy je pln\u00e1 nap\u011bt\u00ed a vyvol\u00e1 setk\u00e1n\u00ed sv\u011b\u017e\u00edho kytic\u00ed b\u00edl\u00fdch kv\u011btin a tepl\u00e9ho a zahaluj\u00edc\u00edho mo\u0161usu. Podl\u00e9hn\u011bte \u017ehav\u00e9 touze nejpodzemn\u011bj\u0161\u00edho kv\u011btu, v\u016fni naprosto smysln\u00e9, z\u00e1vislost na sam\u00e9m povrchu k\u016f\u017ee.\u00a0T\u0159i hlavn\u00ed t\u00f3ny L&#8217;Interdit Eau de Toilette, kter\u00e9 se otev\u00edraj\u00ed jasn\u00fdm spojen\u00edm citrus\u016f, obsahuj\u00edc\u00ed mandarinky, bergamotku a pomeran\u010d. Klasick\u00e9 kv\u011btinov\u00e9 srdce s pomeran\u010dov\u00fdm kv\u011btem, jasm\u00ednem a tuber\u00f3zou se rozvinuje a kontrastuje s akordem vetiveru, pa\u010duli, kv\u011btem cistu, mo\u0161usem a santalov\u00fdm d\u0159evem. Sinn\u011b p\u0159ita\u017eliv\u00e1 v\u016fn\u011b s hypnotick\u00fdm dvojtv\u00e1\u0159\u00edm.<\/p>\n","protected":false},"excerpt":{"rendered":"<p>L&#8217;Interdit Eau de Toilette od Givenchy je pln\u00e1 nap\u011bt\u00ed a vyvol\u00e1 setk\u00e1n\u00ed sv\u011b\u017e\u00edho kytic\u00ed b\u00edl\u00fdch kv\u011btin a tepl\u00e9ho a zahaluj\u00edc\u00edho mo\u0161usu.<\/p>\n","protected":false},"featured_media":3996,"comment_status":"open","ping_status":"closed","template":"","meta":[],"product_brand":[],"product_cat":[1145],"product_tag":[1096,1153,1147,316],"class_list":{"0":"post-3995","1":"product","2":"type-product","3":"status-publish","4":"has-post-thumbnail","6":"product_cat-parfemy-2","7":"product_tag-damske-parfemy","8":"product_tag-dior","9":"product_tag-edp","10":"product_tag-parfem","12":"first","13":"instock","14":"taxable","15":"shipping-taxable","16":"purchasable","17":"product-type-variable"},"jetpack_sharing_enabled":true,"_links":{"self":[{"href":"https:\/\/etev7e.pef.czu.cz\/zs2223\/wp-json\/wp\/v2\/product\/3995","targetHints":{"allow":["GET"]}}],"collection":[{"href":"https:\/\/etev7e.pef.czu.cz\/zs2223\/wp-json\/wp\/v2\/product"}],"about":[{"href":"https:\/\/etev7e.pef.czu.cz\/zs2223\/wp-json\/wp\/v2\/types\/product"}],"replies":[{"embeddable":true,"href":"https:\/\/etev7e.pef.czu.cz\/zs2223\/wp-json\/wp\/v2\/comments?post=3995"}],"wp:featuredmedia":[{"embeddable":true,"href":"https:\/\/etev7e.pef.czu.cz\/zs2223\/wp-json\/wp\/v2\/media\/3996"}],"wp:attachment":[{"href":"https:\/\/etev7e.pef.czu.cz\/zs2223\/wp-json\/wp\/v2\/media?parent=3995"}],"wp:term":[{"taxonomy":"product_brand","embeddable":true,"href":"https:\/\/etev7e.pef.czu.cz\/zs2223\/wp-json\/wp\/v2\/product_brand?post=3995"},{"taxonomy":"product_cat","embeddable":true,"href":"https:\/\/etev7e.pef.czu.cz\/zs2223\/wp-json\/wp\/v2\/product_cat?post=3995"},{"taxonomy":"product_tag","embeddable":true,"href":"https:\/\/etev7e.pef.czu.cz\/zs2223\/wp-json\/wp\/v2\/product_tag?post=3995"}],"curies":[{"name":"wp","href":"https:\/\/api.w.org\/{rel}","templated":true}]}}