{"id":3997,"date":"2023-11-08T15:49:16","date_gmt":"2023-11-08T14:49:16","guid":{"rendered":"https:\/\/etev7e.pef.czu.cz\/zs2223\/?post_type=product&#038;p=3997"},"modified":"2023-11-08T23:25:51","modified_gmt":"2023-11-08T22:25:51","slug":"jadore-infinissime-dior","status":"publish","type":"product","link":"https:\/\/etev7e.pef.czu.cz\/zs2223\/produkt\/jadore-infinissime-dior\/","title":{"rendered":"J&#8217;Adore Infinissime Dior"},"content":{"rendered":"<p>J&#8217;Adore Infinissime je intenzivn\u00ed a v\u00e1\u0161niv\u00e1 v\u016fn\u011b od Dior pro \u017eeny, kter\u00e9 obj\u00edmaj\u00ed svou smyslnost. J&#8217;adore eau de parfum infinissime obklopuje smysly kv\u011btinov\u00fdm kytic\u00ed r\u016f\u017ee, jasm\u00ednu a ylang-ylang a z\u016fst\u00e1v\u00e1 s kr\u00e9mov\u00fdmi t\u00f3ny santalov\u00e9ho d\u0159eva a luxusn\u00ed, sv\u016fdn\u00e9 tuber\u00f3zy.<\/p>\n","protected":false},"excerpt":{"rendered":"<p>J&#8217;Adore Infinissime je intenzivn\u00ed a v\u00e1\u0161niv\u00e1 v\u016fn\u011b od Dior pro \u017eeny, kter\u00e9 obj\u00edmaj\u00ed svou smyslnost.<\/p>\n","protected":false},"featured_media":3998,"comment_status":"open","ping_status":"closed","template":"","meta":[],"product_brand":[],"product_cat":[1145],"product_tag":[1096,1153,1147,316,1146],"class_list":{"0":"post-3997","1":"product","2":"type-product","3":"status-publish","4":"has-post-thumbnail","6":"product_cat-parfemy-2","7":"product_tag-damske-parfemy","8":"product_tag-dior","9":"product_tag-edp","10":"product_tag-parfem","11":"product_tag-sladke-vune","13":"first","14":"instock","15":"sale","16":"taxable","17":"shipping-taxable","18":"purchasable","19":"product-type-variable"},"jetpack_sharing_enabled":true,"_links":{"self":[{"href":"https:\/\/etev7e.pef.czu.cz\/zs2223\/wp-json\/wp\/v2\/product\/3997","targetHints":{"allow":["GET"]}}],"collection":[{"href":"https:\/\/etev7e.pef.czu.cz\/zs2223\/wp-json\/wp\/v2\/product"}],"about":[{"href":"https:\/\/etev7e.pef.czu.cz\/zs2223\/wp-json\/wp\/v2\/types\/product"}],"replies":[{"embeddable":true,"href":"https:\/\/etev7e.pef.czu.cz\/zs2223\/wp-json\/wp\/v2\/comments?post=3997"}],"wp:featuredmedia":[{"embeddable":true,"href":"https:\/\/etev7e.pef.czu.cz\/zs2223\/wp-json\/wp\/v2\/media\/3998"}],"wp:attachment":[{"href":"https:\/\/etev7e.pef.czu.cz\/zs2223\/wp-json\/wp\/v2\/media?parent=3997"}],"wp:term":[{"taxonomy":"product_brand","embeddable":true,"href":"https:\/\/etev7e.pef.czu.cz\/zs2223\/wp-json\/wp\/v2\/product_brand?post=3997"},{"taxonomy":"product_cat","embeddable":true,"href":"https:\/\/etev7e.pef.czu.cz\/zs2223\/wp-json\/wp\/v2\/product_cat?post=3997"},{"taxonomy":"product_tag","embeddable":true,"href":"https:\/\/etev7e.pef.czu.cz\/zs2223\/wp-json\/wp\/v2\/product_tag?post=3997"}],"curies":[{"name":"wp","href":"https:\/\/api.w.org\/{rel}","templated":true}]}}