{"id":4680,"date":"2024-10-27T20:35:13","date_gmt":"2024-10-27T19:35:13","guid":{"rendered":"https:\/\/etev7e.pef.czu.cz\/zs2223\/?post_type=product&#038;p=4680"},"modified":"2024-12-08T21:50:58","modified_gmt":"2024-12-08T20:50:58","slug":"gps-tracker-pro-psy","status":"publish","type":"product","link":"https:\/\/etev7e.pef.czu.cz\/zs2223\/produkt\/gps-tracker-pro-psy\/","title":{"rendered":"GPS tracker pro psy"},"content":{"rendered":"<p>GPS lok\u00e1tor pro psy Tractive v\u00e1m poskytne mo\u017enost sledovat polohu va\u0161eho psa kdykoli a kdekoli. S bezplatnou aplikac\u00ed Tractive GPS a funkc\u00ed \u017eiv\u00e9ho sledov\u00e1n\u00ed m\u016f\u017eete sledovat pohyb sv\u00e9ho mazl\u00ed\u010dka v re\u00e1ln\u00e9m \u010dase.<\/p>\n<p>D\u00edky funkci Virtu\u00e1ln\u00edho plotu obdr\u017e\u00edte upozorn\u011bn\u00ed, kdy\u017e v\u00e1\u0161 pes opust\u00ed oblast, kterou jste ur\u010dili jako bezpe\u010dnou. GPS tracker tak\u00e9 zaznamen\u00e1v\u00e1 aktivitu va\u0161eho psa, tak\u017ee zjist\u00edte, jak se b\u011bhem dne pohybuje a jak to ovliv\u0148uje jeho zdrav\u00ed a kondici.<\/p>\n<p>Tractive \u00fa\u010dtuje m\u011bs\u00ed\u010dn\u00ed p\u0159edplatn\u00e9, kter\u00e9 pokr\u00fdv\u00e1 n\u00e1klady na mobiln\u00ed data a umo\u017e\u0148uje v\u00e1m neomezen\u00e9 sledov\u00e1n\u00ed. GPS obojek Tractive je lehk\u00fd, vodot\u011bsn\u00fd a t\u00e9m\u011b\u0159 nerozbitn\u00fd.<\/p>\n<p><strong>TECHNICK\u00c9 PARAMETRY:<\/strong><\/p>\n<ul>\n<li>Bezplatn\u00e1 aplikace pro Android, iOS a web<\/li>\n<li>Baterie vydr\u017e\u00ed na jedno nabit\u00ed 2\u20135 dn\u016f v z\u00e1vislosti na pou\u017eit\u00ed (pln\u00e9 nabit\u00ed trv\u00e1 2 hodiny)<\/li>\n<li>Hmotnost ni\u017e\u0161\u00ed ne\u017e 30 g<\/li>\n<li>Doporu\u010duje se pro psy o hmotnosti &gt; 4 kg<\/li>\n<li>Integrovan\u00e1 SIM karta zaji\u0161\u0165uj\u00edc\u00ed komunikaci mezi p\u0159ij\u00edma\u010dem, telefonem a aplikac\u00ed<\/li>\n<li>Vodot\u011bsn\u00fd p\u0159i kr\u00e1tkodob\u00e9m pono\u0159en\u00ed do vody (IPX7)<\/li>\n<li>N\u00e1razuvzdorn\u00fd<\/li>\n<li>Snadno p\u0159\u00edstupn\u00fd port pro nab\u00edjen\u00ed<\/li>\n<li>P\u0159i poklesu kapacity baterie na 10 % ode\u0161le za\u0159\u00edzen\u00ed na v\u00e1\u0161 telefon ozn\u00e1men\u00ed<\/li>\n<\/ul>\n","protected":false},"excerpt":{"rendered":"<p>Tractive GPS tracker s okam\u017eitou odezvou pro dom\u00e1c\u00ed mazl\u00ed\u010dky a jin\u00e1 dom\u00e1c\u00ed zv\u00ed\u0159ata v\u00e1m d\u00e1 v\u017edycky v\u011bd\u011bt, kde se v\u00e1\u0161 mazl\u00ed\u010dek nach\u00e1z\u00ed.<\/p>\n","protected":false},"featured_media":4681,"comment_status":"open","ping_status":"closed","template":"","meta":[],"product_brand":[],"product_cat":[1163],"product_tag":[275,521,273,276],"class_list":{"0":"post-4680","1":"product","2":"type-product","3":"status-publish","4":"has-post-thumbnail","6":"product_cat-chovatelske-potreby","7":"product_tag-bloetooth-tracker","8":"product_tag-doplnky-pro-psy","9":"product_tag-gps","10":"product_tag-tracker","12":"first","13":"instock","14":"sale","15":"taxable","16":"shipping-taxable","17":"purchasable","18":"product-type-simple"},"jetpack_sharing_enabled":true,"_links":{"self":[{"href":"https:\/\/etev7e.pef.czu.cz\/zs2223\/wp-json\/wp\/v2\/product\/4680","targetHints":{"allow":["GET"]}}],"collection":[{"href":"https:\/\/etev7e.pef.czu.cz\/zs2223\/wp-json\/wp\/v2\/product"}],"about":[{"href":"https:\/\/etev7e.pef.czu.cz\/zs2223\/wp-json\/wp\/v2\/types\/product"}],"replies":[{"embeddable":true,"href":"https:\/\/etev7e.pef.czu.cz\/zs2223\/wp-json\/wp\/v2\/comments?post=4680"}],"wp:featuredmedia":[{"embeddable":true,"href":"https:\/\/etev7e.pef.czu.cz\/zs2223\/wp-json\/wp\/v2\/media\/4681"}],"wp:attachment":[{"href":"https:\/\/etev7e.pef.czu.cz\/zs2223\/wp-json\/wp\/v2\/media?parent=4680"}],"wp:term":[{"taxonomy":"product_brand","embeddable":true,"href":"https:\/\/etev7e.pef.czu.cz\/zs2223\/wp-json\/wp\/v2\/product_brand?post=4680"},{"taxonomy":"product_cat","embeddable":true,"href":"https:\/\/etev7e.pef.czu.cz\/zs2223\/wp-json\/wp\/v2\/product_cat?post=4680"},{"taxonomy":"product_tag","embeddable":true,"href":"https:\/\/etev7e.pef.czu.cz\/zs2223\/wp-json\/wp\/v2\/product_tag?post=4680"}],"curies":[{"name":"wp","href":"https:\/\/api.w.org\/{rel}","templated":true}]}}