{"id":4683,"date":"2024-10-27T21:23:42","date_gmt":"2024-10-27T20:23:42","guid":{"rendered":"https:\/\/etev7e.pef.czu.cz\/zs2223\/?post_type=product&#038;p=4683"},"modified":"2024-10-27T21:23:42","modified_gmt":"2024-10-27T20:23:42","slug":"granule-brit-premium-by-nature-adult-l-15-kg","status":"publish","type":"product","link":"https:\/\/etev7e.pef.czu.cz\/zs2223\/produkt\/granule-brit-premium-by-nature-adult-l-15-kg\/","title":{"rendered":"Granule Brit Premium by Nature Adult L 15 kg"},"content":{"rendered":"<p><strong>Brit Premium by Nature &#8211; pr\u00e9miov\u00e1 receptura s ku\u0159ec\u00edm masem pro dosp\u011bl\u00e9 psy velk\u00fdch plemen (L)<\/strong><br \/>\nvhodn\u00e9 pro dosp\u011bl\u00e9 psy velk\u00fdch plemen v\u00e1hy od 25 do 45 kg<\/p>\n<p><strong>Kl\u00ed\u010dov\u00e9 vlastnosti produktu:<\/strong><br \/>\n&#8211; Skv\u011bl\u00e1 chu\u0165 a stravitelnost<br \/>\n&#8211; Vysok\u00e1 hladina omega-3<br \/>\n&#8211; Obsahuje ovoce a byliny pro dobr\u00e9 tr\u00e1ven\u00ed a imunitu<br \/>\n&#8211; Vhodn\u00e9 pro dosp\u011bl\u00e9 psy velk\u00fdch plemen<\/p>\n<p><strong>Slo\u017een\u00ed:<\/strong><br \/>\nku\u0159e 45 % (dehydrovan\u00e9 25 %, vykost\u011bn\u00e9 20 %), oves, p\u0161enice, ku\u0159ec\u00ed tuk (konzervovan\u00fd sm\u011bs\u00ed tokoferol\u016f), kuku\u0159ice, su\u0161en\u00e1 jablka, lososov\u00fd olej (2 %), hydrolyzovan\u00e1 ku\u0159ec\u00ed j\u00e1tra, pivovarsk\u00e9 kvasnice, kolagen, ulity kor\u00fd\u0161\u016f (zdroj glukosaminu, 210 mg\/kg), chrupavky (zdroj chondroitinu, 150 mg\/kg), byliny a ovoce (h\u0159eb\u00ed\u010dek, citrusy, rozmar\u00fdn, kurkuma, 120 mg\/kg), mannan-oligosacharidy (120 mg\/kg), fruktooligosacharidy (90 mg\/kg), juka mohave (90 mg\/kg), su\u0161en\u00fd he\u0159m\u00e1nek (80 mg\/kg), sl\u00e1vka zeleno\u00fast\u00e1 (zdroj glycosaminoglykan\u016f, 50 mg\/kg), su\u0161en\u00e9 bor\u016fvky (50 mg\/kg)<\/p>\n","protected":false},"excerpt":{"rendered":"<p>Pr\u00e9miov\u00e9 kompletn\u00ed krmivo, kter\u00e9 respektuje r\u016fznorodost plemen s vysok\u00fdm pod\u00edlem masa z vykost\u011bn\u00e9ho a su\u0161en\u00e9ho ku\u0159ete, zajist\u00ed vy\u0161\u0161\u00ed chutnost a lep\u0161\u00ed stravitelnost. Oves, starobyl\u00e1 obilovina bez lepku, je bohat\u00fd zdroj energie, nezp\u016fsobuje alergie a zaji\u0161\u0165uje skv\u011blou sn\u00e1\u0161enlivost krmiva. Receptura je obohacena o lososov\u00fd olej, ovoce a bylinky. Vhodn\u00e9 pro dosp\u011bl\u00e9 psy velk\u00fdch plemen v\u00e1hy od 25 do 45 kg.<\/p>\n","protected":false},"featured_media":4684,"comment_status":"open","ping_status":"closed","template":"","meta":[],"product_brand":[],"product_cat":[1163],"product_tag":[215,1169,385,491],"class_list":{"0":"post-4683","1":"product","2":"type-product","3":"status-publish","4":"has-post-thumbnail","6":"product_cat-chovatelske-potreby","7":"product_tag-kloubni-vyziva","8":"product_tag-kompletni-krmivo","9":"product_tag-pes","10":"product_tag-psi--krmivo-a-pamlsky-pro-psy--granule-pro-psy","12":"first","13":"instock","14":"sale","15":"taxable","16":"shipping-taxable","17":"purchasable","18":"product-type-simple"},"jetpack_sharing_enabled":true,"_links":{"self":[{"href":"https:\/\/etev7e.pef.czu.cz\/zs2223\/wp-json\/wp\/v2\/product\/4683","targetHints":{"allow":["GET"]}}],"collection":[{"href":"https:\/\/etev7e.pef.czu.cz\/zs2223\/wp-json\/wp\/v2\/product"}],"about":[{"href":"https:\/\/etev7e.pef.czu.cz\/zs2223\/wp-json\/wp\/v2\/types\/product"}],"replies":[{"embeddable":true,"href":"https:\/\/etev7e.pef.czu.cz\/zs2223\/wp-json\/wp\/v2\/comments?post=4683"}],"wp:featuredmedia":[{"embeddable":true,"href":"https:\/\/etev7e.pef.czu.cz\/zs2223\/wp-json\/wp\/v2\/media\/4684"}],"wp:attachment":[{"href":"https:\/\/etev7e.pef.czu.cz\/zs2223\/wp-json\/wp\/v2\/media?parent=4683"}],"wp:term":[{"taxonomy":"product_brand","embeddable":true,"href":"https:\/\/etev7e.pef.czu.cz\/zs2223\/wp-json\/wp\/v2\/product_brand?post=4683"},{"taxonomy":"product_cat","embeddable":true,"href":"https:\/\/etev7e.pef.czu.cz\/zs2223\/wp-json\/wp\/v2\/product_cat?post=4683"},{"taxonomy":"product_tag","embeddable":true,"href":"https:\/\/etev7e.pef.czu.cz\/zs2223\/wp-json\/wp\/v2\/product_tag?post=4683"}],"curies":[{"name":"wp","href":"https:\/\/api.w.org\/{rel}","templated":true}]}}