{"id":4688,"date":"2024-10-27T23:06:53","date_gmt":"2024-10-27T22:06:53","guid":{"rendered":"https:\/\/etev7e.pef.czu.cz\/zs2223\/?post_type=product&#038;p=4688"},"modified":"2024-11-15T19:53:19","modified_gmt":"2024-11-15T18:53:19","slug":"granule-pro-dospele-kastrovane-kocky-baleni-15-kg","status":"publish","type":"product","link":"https:\/\/etev7e.pef.czu.cz\/zs2223\/produkt\/granule-pro-dospele-kastrovane-kocky-baleni-15-kg\/","title":{"rendered":"Granule pro dosp\u011bl\u00e9, kastrovan\u00e9 ko\u010dky \/ Balen\u00ed 1,5 kg"},"content":{"rendered":"<p>Krmivo Royal Canin Sterilised (7+) pro dosp\u011bl\u00e9 ko\u010dky, je navr\u017eeno tak, aby spl\u0148ovalo v\u0161echny v\u00fd\u017eivov\u00e9 pot\u0159eby kastrovan\u00fdch ko\u010dek star\u0161\u00edch 7 let. Obsahuje speci\u00e1ln\u00ed \u017eiviny, jako jsou polyfenoly ze zelen\u00e9ho \u010daje, vitam\u00edn C, EPA a DHA, kter\u00e9 podporuj\u00ed vitalitu a napom\u00e1haj\u00ed spr\u00e1vn\u00e9mu fungov\u00e1n\u00ed t\u011blesn\u00fdch proces\u016f va\u0161\u00ed ko\u010dky.<br id=\"yui_3_17_2_1_1730066171883_640\" \/><a id=\"yui_3_17_2_1_1730066171883_641\" href=\"https:\/\/moodle.czu.cz\/mod\/wiki\/edit.php?pageid=559\"><\/a><br id=\"yui_3_17_2_1_1730066171883_643\" \/>Balen\u00ed 1,5 kg\u00a0<br id=\"yui_3_17_2_1_1730066171883_644\" \/><br id=\"yui_3_17_2_1_1730066171883_645\" \/>Slo\u017een\u00ed:<\/p>\n<ul id=\"yui_3_17_2_1_1730066171883_647\">\n<li id=\"yui_3_17_2_1_1730066171883_648\">Kuku\u0159ice<\/li>\n<li id=\"yui_3_17_2_1_1730066171883_649\">Izol\u00e1t rostlinn\u00e9ho proteinu (L.I.P.)<\/li>\n<li id=\"yui_3_17_2_1_1730066171883_650\">Dehydratovan\u00e9 dr\u016fbe\u017e\u00ed maso<\/li>\n<li id=\"yui_3_17_2_1_1730066171883_651\">Kuku\u0159i\u010dn\u00fd lepek<\/li>\n<li id=\"yui_3_17_2_1_1730066171883_652\">Ryb\u00ed olej<\/li>\n<li id=\"yui_3_17_2_1_1730066171883_653\">Psyllium (slupky a semena)<\/li>\n<li id=\"yui_3_17_2_1_1730066171883_654\">Hydrolyzovan\u00ed kor\u00fd\u0161i (glukosamin)<\/li>\n<li id=\"yui_3_17_2_1_1730066171883_655\">Hydrolyzovan\u00e9 chrupavky (chondroitin)<\/li>\n<\/ul>\n","protected":false},"excerpt":{"rendered":"<div class=\"flex-shrink-0 flex flex-col relative items-end\">\n<div>\n<div class=\"pt-0\">\n<div class=\"gizmo-bot-avatar flex h-8 w-8 items-center justify-center overflow-hidden rounded-full\">\n<div class=\"relative p-1 rounded-sm flex items-center justify-center bg-token-main-surface-primary text-token-text-primary h-8 w-8\"><\/div>\n<\/div>\n<\/div>\n<\/div>\n<\/div>\n<div class=\"group\/conversation-turn relative flex w-full min-w-0 flex-col agent-turn\">\n<div class=\"flex-col gap-1 md:gap-3\">\n<div class=\"flex max-w-full flex-col flex-grow\">\n<div class=\"min-h-8 text-message flex w-full flex-col items-end gap-2 whitespace-normal break-words [.text-message+&amp;]:mt-5\" dir=\"auto\" data-message-author-role=\"assistant\" data-message-id=\"2e4ba75f-41ad-48bf-b00d-3f0dd5e46377\" data-message-model-slug=\"gpt-4o\">\n<div class=\"flex w-full flex-col gap-1 empty:hidden first:pt-[3px]\">\n<div class=\"markdown prose w-full break-words dark:prose-invert light\">\n<p>Krmivo Royal Canin Sterilised 7+ je ur\u010deno pro kastrovan\u00e9 ko\u010dky nad 7 let. Obsahuje \u017eiviny, jako polyfenoly ze zelen\u00e9ho \u010daje, vitam\u00edn C, EPA a DHA, kter\u00e9 podporuj\u00ed vitalitu a zdrav\u00e9 t\u011blesn\u00e9 funkce.<\/p>\n<\/div>\n<\/div>\n<\/div>\n<\/div>\n<\/div>\n<\/div>\n","protected":false},"featured_media":5921,"comment_status":"open","ping_status":"closed","template":"","meta":[],"product_brand":[],"product_cat":[1163],"product_tag":[1171,1172],"class_list":{"0":"post-4688","1":"product","2":"type-product","3":"status-publish","4":"has-post-thumbnail","6":"product_cat-chovatelske-potreby","7":"product_tag-granule-pro-kocky","8":"product_tag-kastrovane-kocky","10":"first","11":"instock","12":"sale","13":"taxable","14":"shipping-taxable","15":"purchasable","16":"product-type-simple"},"jetpack_sharing_enabled":true,"_links":{"self":[{"href":"https:\/\/etev7e.pef.czu.cz\/zs2223\/wp-json\/wp\/v2\/product\/4688","targetHints":{"allow":["GET"]}}],"collection":[{"href":"https:\/\/etev7e.pef.czu.cz\/zs2223\/wp-json\/wp\/v2\/product"}],"about":[{"href":"https:\/\/etev7e.pef.czu.cz\/zs2223\/wp-json\/wp\/v2\/types\/product"}],"replies":[{"embeddable":true,"href":"https:\/\/etev7e.pef.czu.cz\/zs2223\/wp-json\/wp\/v2\/comments?post=4688"}],"wp:featuredmedia":[{"embeddable":true,"href":"https:\/\/etev7e.pef.czu.cz\/zs2223\/wp-json\/wp\/v2\/media\/5921"}],"wp:attachment":[{"href":"https:\/\/etev7e.pef.czu.cz\/zs2223\/wp-json\/wp\/v2\/media?parent=4688"}],"wp:term":[{"taxonomy":"product_brand","embeddable":true,"href":"https:\/\/etev7e.pef.czu.cz\/zs2223\/wp-json\/wp\/v2\/product_brand?post=4688"},{"taxonomy":"product_cat","embeddable":true,"href":"https:\/\/etev7e.pef.czu.cz\/zs2223\/wp-json\/wp\/v2\/product_cat?post=4688"},{"taxonomy":"product_tag","embeddable":true,"href":"https:\/\/etev7e.pef.czu.cz\/zs2223\/wp-json\/wp\/v2\/product_tag?post=4688"}],"curies":[{"name":"wp","href":"https:\/\/api.w.org\/{rel}","templated":true}]}}