{"id":4694,"date":"2024-10-29T11:31:25","date_gmt":"2024-10-29T10:31:25","guid":{"rendered":"https:\/\/etev7e.pef.czu.cz\/zs2223\/?post_type=product&#038;p=4694"},"modified":"2024-11-04T12:46:18","modified_gmt":"2024-11-04T11:46:18","slug":"plakat-ke-sberatelske-edici-porsche-911-turbo-c-1-1974","status":"publish","type":"product","link":"https:\/\/etev7e.pef.czu.cz\/zs2223\/produkt\/plakat-ke-sberatelske-edici-porsche-911-turbo-c-1-1974\/","title":{"rendered":"Plak\u00e1t ke sb\u011bratelsk\u00e9 edici &#8211; Porsche 911 Turbo \u010d. 1\u20131974"},"content":{"rendered":"<p style=\"font-weight: 400\">Tento limitovan\u00fd plak\u00e1t p\u0159in\u00e1\u0161\u00ed skute\u010dnou poctu ikon\u011b automobilismu \u2013 Porsche 911 Turbo &#8222;\u010d. 1&#8220; z roku 1974. S eleganc\u00ed a autenti\u010dnost\u00ed zachycuje prvn\u00ed silni\u010dn\u00ed model 911 Turbo, kter\u00fd byl p\u016fvodn\u011b darem pro Louisu Pi\u00ebchovou k jej\u00edm 70. narozenin\u00e1m. Ka\u017ed\u00fd detail, od hork\u00e9 f\u00f3lie a\u017e po st\u0159\u00edbrn\u00e9 detaily, je pe\u010dliv\u011b vypracov\u00e1n na pr\u00e9miov\u00e9m pap\u00ed\u0159e s texturou, co\u017e z tohoto kousku d\u011bl\u00e1 nejen um\u011bleck\u00e9 d\u00edlo, ale i historick\u00fd klenot. Ide\u00e1ln\u00ed pro milovn\u00edky designu a automobilov\u00fdch sb\u011bratel\u016f. R\u00e1m nen\u00ed sou\u010d\u00e1st\u00ed balen\u00ed.<\/p>\n","protected":false},"excerpt":{"rendered":"<p>Oslavte bohatou historii zna\u010dky Porsche s prototypem Porsche 911 Turbo &#8222;\u010d. 1&#8220; z roku 1974. Toto um\u011bleck\u00e9 d\u00edlo z limitovan\u00e9 edice s reli\u00e9fem horkou f\u00f3li\u00ed a st\u0159\u00edbrn\u00fdmi detaily zachycuje \u00fapln\u011b prvn\u00ed silni\u010dn\u00ed model 911 Turbo, kter\u00fd Louise Pi\u00ebchov\u00e1 dostala darem k 70. narozenin\u00e1m. R\u00e1m nen\u00ed sou\u010d\u00e1st\u00ed balen\u00ed.<\/p>\n","protected":false},"featured_media":4695,"comment_status":"open","ping_status":"closed","template":"","meta":[],"product_brand":[],"product_cat":[1174],"product_tag":[1192,1184,1191,1190],"class_list":{"0":"post-4694","1":"product","2":"type-product","3":"status-publish","4":"has-post-thumbnail","6":"product_cat-motorsport-merch","7":"product_tag-1192","8":"product_tag-plakat","9":"product_tag-porsche-911-turbo","10":"product_tag-sberatelska-edice","12":"first","13":"instock","14":"taxable","15":"shipping-taxable","16":"purchasable","17":"product-type-simple"},"jetpack_sharing_enabled":true,"_links":{"self":[{"href":"https:\/\/etev7e.pef.czu.cz\/zs2223\/wp-json\/wp\/v2\/product\/4694","targetHints":{"allow":["GET"]}}],"collection":[{"href":"https:\/\/etev7e.pef.czu.cz\/zs2223\/wp-json\/wp\/v2\/product"}],"about":[{"href":"https:\/\/etev7e.pef.czu.cz\/zs2223\/wp-json\/wp\/v2\/types\/product"}],"replies":[{"embeddable":true,"href":"https:\/\/etev7e.pef.czu.cz\/zs2223\/wp-json\/wp\/v2\/comments?post=4694"}],"wp:featuredmedia":[{"embeddable":true,"href":"https:\/\/etev7e.pef.czu.cz\/zs2223\/wp-json\/wp\/v2\/media\/4695"}],"wp:attachment":[{"href":"https:\/\/etev7e.pef.czu.cz\/zs2223\/wp-json\/wp\/v2\/media?parent=4694"}],"wp:term":[{"taxonomy":"product_brand","embeddable":true,"href":"https:\/\/etev7e.pef.czu.cz\/zs2223\/wp-json\/wp\/v2\/product_brand?post=4694"},{"taxonomy":"product_cat","embeddable":true,"href":"https:\/\/etev7e.pef.czu.cz\/zs2223\/wp-json\/wp\/v2\/product_cat?post=4694"},{"taxonomy":"product_tag","embeddable":true,"href":"https:\/\/etev7e.pef.czu.cz\/zs2223\/wp-json\/wp\/v2\/product_tag?post=4694"}],"curies":[{"name":"wp","href":"https:\/\/api.w.org\/{rel}","templated":true}]}}