{"id":4696,"date":"2024-10-29T11:36:43","date_gmt":"2024-10-29T10:36:43","guid":{"rendered":"https:\/\/etev7e.pef.czu.cz\/zs2223\/?post_type=product&#038;p=4696"},"modified":"2024-11-10T16:24:28","modified_gmt":"2024-11-10T15:24:28","slug":"kozeny-zapisnik-red-bull-racing","status":"publish","type":"product","link":"https:\/\/etev7e.pef.czu.cz\/zs2223\/produkt\/kozeny-zapisnik-red-bull-racing\/","title":{"rendered":"Ko\u017een\u00fd z\u00e1pisn\u00edk &#8211; Red bull racing"},"content":{"rendered":"<p>Tento elegantn\u00ed z\u00e1pisn\u00edk je perfektn\u00edm spojen\u00edm sportovn\u00edho ducha a nad\u010dasov\u00e9 elegance. Vyr\u00e1b\u011bn\u00fd ru\u010dn\u011b z kvalitn\u00ed hov\u011bz\u00ed k\u016f\u017ee, ka\u017ed\u00e1 \u010d\u00e1st byla navr\u017eena s ohledem na detaily a odkaz na t\u00fdm Oracle Red Bull Racing. Uvnit\u0159 najdete kovov\u00fd krou\u017ekov\u00fd po\u0159ada\u010d s vlo\u017ekami z kvalitn\u00edho sm\u00ed\u0161en\u00e9ho pap\u00edru a stylov\u00e9 p\u0159ep\u00e1\u017eky. Na obalu je v\u00fdrazn\u00e9 logo Red Bull Racing, kter\u00e9 dod\u00e1v\u00e1 jedine\u010dn\u00fd z\u00e1vodn\u00ed vzhled. Perfektn\u00ed pro v\u0161echny fanou\u0161ky F1 i stylov\u00e9 pozn\u00e1mky<\/p>\n","protected":false},"excerpt":{"rendered":"<p>Z\u00e1pisn\u00edk vyroben\u00fd z t\u0159\u00edslo\u010din\u011bn\u00e9 k\u016f\u017ee s kovov\u00fdm krou\u017ekov\u00fdm po\u0159ada\u010dem a sadou vlo\u017eek ze sm\u00ed\u0161en\u00e9ho pap\u00edru v\u010detn\u011b p\u0159ep\u00e1\u017eek s motivem Oracle Red Bull Racing. Obsahuje reli\u00e9fn\u00ed logo automobilisty a kovovou plaketu s designem Oracle Red Bull Racing, kter\u00fd lze p\u0159izp\u016fsobit. Ru\u010dn\u011b vyr\u00e1b\u011bn\u00e9 v Portugalsku.<\/p>\n","protected":false},"featured_media":4697,"comment_status":"open","ping_status":"closed","template":"","meta":[],"product_brand":[],"product_cat":[1174],"product_tag":[713,1189,1188,536],"class_list":{"0":"post-4696","1":"product","2":"type-product","3":"status-publish","4":"has-post-thumbnail","6":"product_cat-motorsport-merch","7":"product_tag-kuze","8":"product_tag-oracle","9":"product_tag-redbull-racing","10":"product_tag-zapisnik","12":"first","13":"instock","14":"taxable","15":"shipping-taxable","16":"purchasable","17":"product-type-variable"},"jetpack_sharing_enabled":true,"_links":{"self":[{"href":"https:\/\/etev7e.pef.czu.cz\/zs2223\/wp-json\/wp\/v2\/product\/4696","targetHints":{"allow":["GET"]}}],"collection":[{"href":"https:\/\/etev7e.pef.czu.cz\/zs2223\/wp-json\/wp\/v2\/product"}],"about":[{"href":"https:\/\/etev7e.pef.czu.cz\/zs2223\/wp-json\/wp\/v2\/types\/product"}],"replies":[{"embeddable":true,"href":"https:\/\/etev7e.pef.czu.cz\/zs2223\/wp-json\/wp\/v2\/comments?post=4696"}],"wp:featuredmedia":[{"embeddable":true,"href":"https:\/\/etev7e.pef.czu.cz\/zs2223\/wp-json\/wp\/v2\/media\/4697"}],"wp:attachment":[{"href":"https:\/\/etev7e.pef.czu.cz\/zs2223\/wp-json\/wp\/v2\/media?parent=4696"}],"wp:term":[{"taxonomy":"product_brand","embeddable":true,"href":"https:\/\/etev7e.pef.czu.cz\/zs2223\/wp-json\/wp\/v2\/product_brand?post=4696"},{"taxonomy":"product_cat","embeddable":true,"href":"https:\/\/etev7e.pef.czu.cz\/zs2223\/wp-json\/wp\/v2\/product_cat?post=4696"},{"taxonomy":"product_tag","embeddable":true,"href":"https:\/\/etev7e.pef.czu.cz\/zs2223\/wp-json\/wp\/v2\/product_tag?post=4696"}],"curies":[{"name":"wp","href":"https:\/\/api.w.org\/{rel}","templated":true}]}}