{"id":4699,"date":"2024-10-29T11:41:51","date_gmt":"2024-10-29T10:41:51","guid":{"rendered":"https:\/\/etev7e.pef.czu.cz\/zs2223\/?post_type=product&#038;p=4699"},"modified":"2024-11-10T16:40:42","modified_gmt":"2024-11-10T15:40:42","slug":"plakat-pink-hour-porsche-917-20-z-roku-1971","status":"publish","type":"product","link":"https:\/\/etev7e.pef.czu.cz\/zs2223\/produkt\/plakat-pink-hour-porsche-917-20-z-roku-1971\/","title":{"rendered":"Plak\u00e1t pink hour &#8211; Porsche 917\/20 z roku 1971"},"content":{"rendered":"<p>Tento exkluzivn\u00ed plak\u00e1t zachycuje legend\u00e1rn\u00ed v\u016fz Porsche 917\/20, zn\u00e1m\u00fd jako &#8222;R\u016f\u017eov\u00e9 prase&#8220;, kter\u00fd se do d\u011bjin zapsal nejen svou z\u00e1vodn\u00ed histori\u00ed, ale i jedine\u010dn\u00fdm designem. Tento jednor\u00e1zov\u00fd z\u00e1vodn\u00ed v\u016fz s r\u016f\u017eov\u00fdmi odst\u00edny a \u010d\u00e1rami napodobuj\u00edc\u00edmi \u0159eznick\u00fd pl\u00e1n uchv\u00e1til fanou\u0161ky po cel\u00e9m sv\u011bt\u011b a stal se kultovn\u00edm kouskem. Tisk plak\u00e1tu je proveden ve vysok\u00e9 kvalit\u011b na pr\u00e9miov\u00e9m pap\u00ed\u0159e, co\u017e spolu s unik\u00e1tn\u00edm vizu\u00e1ln\u00edm zpracov\u00e1n\u00edm \u010din\u00ed z tohoto kousku sb\u011bratelsk\u00fd poklad. Pouze 300 kus\u016f!<\/p>\n","protected":false},"excerpt":{"rendered":"<p>Na v\u016fz, kter\u00fd p\u0159ed jednapades\u00e1ti lety z\u00e1vodil ve sv\u00e9m odv\u00e1\u017en\u00e9m r\u016f\u017eov\u00e9m odst\u00ednu pouze jednou, zauj\u00edm\u00e1 &#8222;r\u016f\u017eov\u00e9 prase&#8220; v historii zna\u010dky Porsche jedine\u010dn\u00e9 m\u00edsto. V\u00fdrazn\u00e9 barevn\u00e9 sch\u00e9ma s mimo\u0159\u00e1dn\u00fdm vzhledem zdoben\u00fdm te\u010dkovan\u00fdmi \u010darami napodobuj\u00edc\u00edmi \u0159eznick\u00fd pl\u00e1n m\u011blo odv\u00e1d\u011bt pozornost od aerodynamick\u00fdch tajemstv\u00ed Porsche.<\/p>\n","protected":false},"featured_media":4700,"comment_status":"open","ping_status":"closed","template":"","meta":[],"product_brand":[],"product_cat":[1174],"product_tag":[1185,1183,1184,1182],"class_list":{"0":"post-4699","1":"product","2":"type-product","3":"status-publish","4":"has-post-thumbnail","6":"product_cat-motorsport-merch","7":"product_tag-limitovana-edice","8":"product_tag-pink-hour","9":"product_tag-plakat","10":"product_tag-porsche","12":"first","13":"instock","14":"taxable","15":"shipping-taxable","16":"purchasable","17":"product-type-simple"},"jetpack_sharing_enabled":true,"_links":{"self":[{"href":"https:\/\/etev7e.pef.czu.cz\/zs2223\/wp-json\/wp\/v2\/product\/4699","targetHints":{"allow":["GET"]}}],"collection":[{"href":"https:\/\/etev7e.pef.czu.cz\/zs2223\/wp-json\/wp\/v2\/product"}],"about":[{"href":"https:\/\/etev7e.pef.czu.cz\/zs2223\/wp-json\/wp\/v2\/types\/product"}],"replies":[{"embeddable":true,"href":"https:\/\/etev7e.pef.czu.cz\/zs2223\/wp-json\/wp\/v2\/comments?post=4699"}],"wp:featuredmedia":[{"embeddable":true,"href":"https:\/\/etev7e.pef.czu.cz\/zs2223\/wp-json\/wp\/v2\/media\/4700"}],"wp:attachment":[{"href":"https:\/\/etev7e.pef.czu.cz\/zs2223\/wp-json\/wp\/v2\/media?parent=4699"}],"wp:term":[{"taxonomy":"product_brand","embeddable":true,"href":"https:\/\/etev7e.pef.czu.cz\/zs2223\/wp-json\/wp\/v2\/product_brand?post=4699"},{"taxonomy":"product_cat","embeddable":true,"href":"https:\/\/etev7e.pef.czu.cz\/zs2223\/wp-json\/wp\/v2\/product_cat?post=4699"},{"taxonomy":"product_tag","embeddable":true,"href":"https:\/\/etev7e.pef.czu.cz\/zs2223\/wp-json\/wp\/v2\/product_tag?post=4699"}],"curies":[{"name":"wp","href":"https:\/\/api.w.org\/{rel}","templated":true}]}}