{"id":4702,"date":"2024-10-29T11:46:09","date_gmt":"2024-10-29T10:46:09","guid":{"rendered":"https:\/\/etev7e.pef.czu.cz\/zs2223\/?post_type=product&#038;p=4702"},"modified":"2024-11-10T16:29:16","modified_gmt":"2024-11-10T15:29:16","slug":"ram-na-plakaty","status":"publish","type":"product","link":"https:\/\/etev7e.pef.czu.cz\/zs2223\/produkt\/ram-na-plakaty\/","title":{"rendered":"R\u00e1m na plak\u00e1ty"},"content":{"rendered":"<p>\u010cern\u00fd d\u0159ev\u011bn\u00fd r\u00e1m s plexisklem. Tenk\u00fd a modern\u00ed design, kter\u00fd se hod\u00ed do v\u0161ech dom\u00e1cnost\u00ed a styl\u016f. Vyrobeno z borovicov\u00e9ho d\u0159eva s kvalitn\u00ed povrchovou \u00fapravou. Klipy na zadn\u00ed stran\u011b sn\u00edmku pro rychl\u00e9 a snadn\u00e9 zakomponov\u00e1n\u00ed objektu. Dod\u00e1v\u00e1 se se dv\u011bma kovov\u00fdmi z\u00e1v\u011bsy umo\u017e\u0148uj\u00edc\u00edmi horizont\u00e1ln\u00ed i vertik\u00e1ln\u00ed zav\u011b\u0161en\u00ed. Vhodn\u00e9 pro plak\u00e1ty o velikost 50&#215;70 cm.<\/p>\n","protected":false},"excerpt":{"rendered":"<p>Elegantn\u00ed \u010dern\u00fd r\u00e1m na plak\u00e1ty je perfektn\u00edm dopl\u0148kem ka\u017ed\u00e9ho interi\u00e9ru. Vyroben\u00fd z borovicov\u00e9ho d\u0159eva, r\u00e1m nab\u00edz\u00ed stylov\u00fd a minimalistick\u00fd vzhled, kter\u00fd zv\u00fdrazn\u00ed jak\u00fdkoli plak\u00e1t nebo um\u011bleck\u00e9 d\u00edlo. Plexisklo zaji\u0161\u0165uje \u010dist\u00fd a odoln\u00fd povrch, kter\u00fd ochr\u00e1n\u00ed v\u00e1\u0161 obraz. Zadn\u00ed \u010d\u00e1st je vybavena klipy pro snadn\u00e9 um\u00edst\u011bn\u00ed a mont\u00e1\u017e. Tento r\u00e1m je vhodn\u00fd pro horizont\u00e1ln\u00ed i vertik\u00e1ln\u00ed zav\u011b\u0161en\u00ed, co\u017e nab\u00edz\u00ed flexibilitu p\u0159i um\u00edst\u011bn\u00ed.<\/p>\n","protected":false},"featured_media":4703,"comment_status":"open","ping_status":"closed","template":"","meta":[],"product_brand":[],"product_cat":[1174],"product_tag":[237,354,1181],"class_list":{"0":"post-4702","1":"product","2":"type-product","3":"status-publish","4":"has-post-thumbnail","6":"product_cat-motorsport-merch","7":"product_tag-doplnky","8":"product_tag-drevo","9":"product_tag-ram-na-plakaty","11":"first","12":"instock","13":"taxable","14":"shipping-taxable","15":"purchasable","16":"product-type-variable"},"jetpack_sharing_enabled":true,"_links":{"self":[{"href":"https:\/\/etev7e.pef.czu.cz\/zs2223\/wp-json\/wp\/v2\/product\/4702","targetHints":{"allow":["GET"]}}],"collection":[{"href":"https:\/\/etev7e.pef.czu.cz\/zs2223\/wp-json\/wp\/v2\/product"}],"about":[{"href":"https:\/\/etev7e.pef.czu.cz\/zs2223\/wp-json\/wp\/v2\/types\/product"}],"replies":[{"embeddable":true,"href":"https:\/\/etev7e.pef.czu.cz\/zs2223\/wp-json\/wp\/v2\/comments?post=4702"}],"wp:featuredmedia":[{"embeddable":true,"href":"https:\/\/etev7e.pef.czu.cz\/zs2223\/wp-json\/wp\/v2\/media\/4703"}],"wp:attachment":[{"href":"https:\/\/etev7e.pef.czu.cz\/zs2223\/wp-json\/wp\/v2\/media?parent=4702"}],"wp:term":[{"taxonomy":"product_brand","embeddable":true,"href":"https:\/\/etev7e.pef.czu.cz\/zs2223\/wp-json\/wp\/v2\/product_brand?post=4702"},{"taxonomy":"product_cat","embeddable":true,"href":"https:\/\/etev7e.pef.czu.cz\/zs2223\/wp-json\/wp\/v2\/product_cat?post=4702"},{"taxonomy":"product_tag","embeddable":true,"href":"https:\/\/etev7e.pef.czu.cz\/zs2223\/wp-json\/wp\/v2\/product_tag?post=4702"}],"curies":[{"name":"wp","href":"https:\/\/api.w.org\/{rel}","templated":true}]}}