{"id":4704,"date":"2024-10-29T11:49:31","date_gmt":"2024-10-29T10:49:31","guid":{"rendered":"https:\/\/etev7e.pef.czu.cz\/zs2223\/?post_type=product&#038;p=4704"},"modified":"2024-11-10T16:37:29","modified_gmt":"2024-11-10T15:37:29","slug":"kozena-visacka-james-hunt","status":"publish","type":"product","link":"https:\/\/etev7e.pef.czu.cz\/zs2223\/produkt\/kozena-visacka-james-hunt\/","title":{"rendered":"Ko\u017een\u00e1 visa\u010dka James Hunt"},"content":{"rendered":"<p>Tato luxusn\u00ed ko\u017een\u00e1 visa\u010dka s motivem z\u00e1vodn\u00edka Jamese Hunta je stylov\u00fdm a funk\u010dn\u00edm dopl\u0148kem pro ka\u017ed\u00e9ho automobilov\u00e9ho nad\u0161ence. Vyrobena z hov\u011bz\u00ed k\u016f\u017ee \u010din\u011bn\u00e9 tradi\u010dn\u00edmi metodami, nab\u00edz\u00ed nejen odolnost, ale i atraktivn\u00ed vzhled s reli\u00e9fn\u00edm logem a kovovou plaketou, kterou lze p\u0159izp\u016fsobit podle preference. Ide\u00e1ln\u00ed pro zavazadla nebo jako stylov\u00e1 visa\u010dka na kl\u00ed\u010de. Kvalitn\u00ed zpracov\u00e1n\u00ed a ru\u010dn\u00ed v\u00fdroba zaru\u010duj\u00ed dlouhou \u017eivotnost.<\/p>\n","protected":false},"excerpt":{"rendered":"<p>Visa\u010dka vyroben\u00e1 z t\u0159\u00edslo\u010din\u011bn\u00e9 k\u016f\u017ee s p\u00e1skem a zap\u00edn\u00e1n\u00edm na kovovou p\u0159ezku. Obsahuje reli\u00e9fn\u00ed logo automobilisty a kovovou plaketu s designem Jamese Hunta, kter\u00fd lze p\u0159izp\u016fsobit. Ru\u010dn\u011b vyr\u00e1b\u011bn\u00e9 v Portugalsku.<\/p>\n","protected":false},"featured_media":4705,"comment_status":"open","ping_status":"closed","template":"","meta":[],"product_brand":[],"product_cat":[1174],"product_tag":[237,1177,1178],"class_list":{"0":"post-4704","1":"product","2":"type-product","3":"status-publish","4":"has-post-thumbnail","6":"product_cat-motorsport-merch","7":"product_tag-doplnky","8":"product_tag-james-hunt","9":"product_tag-kozena-visacka","11":"first","12":"instock","13":"taxable","14":"shipping-taxable","15":"purchasable","16":"product-type-variable"},"jetpack_sharing_enabled":true,"_links":{"self":[{"href":"https:\/\/etev7e.pef.czu.cz\/zs2223\/wp-json\/wp\/v2\/product\/4704","targetHints":{"allow":["GET"]}}],"collection":[{"href":"https:\/\/etev7e.pef.czu.cz\/zs2223\/wp-json\/wp\/v2\/product"}],"about":[{"href":"https:\/\/etev7e.pef.czu.cz\/zs2223\/wp-json\/wp\/v2\/types\/product"}],"replies":[{"embeddable":true,"href":"https:\/\/etev7e.pef.czu.cz\/zs2223\/wp-json\/wp\/v2\/comments?post=4704"}],"wp:featuredmedia":[{"embeddable":true,"href":"https:\/\/etev7e.pef.czu.cz\/zs2223\/wp-json\/wp\/v2\/media\/4705"}],"wp:attachment":[{"href":"https:\/\/etev7e.pef.czu.cz\/zs2223\/wp-json\/wp\/v2\/media?parent=4704"}],"wp:term":[{"taxonomy":"product_brand","embeddable":true,"href":"https:\/\/etev7e.pef.czu.cz\/zs2223\/wp-json\/wp\/v2\/product_brand?post=4704"},{"taxonomy":"product_cat","embeddable":true,"href":"https:\/\/etev7e.pef.czu.cz\/zs2223\/wp-json\/wp\/v2\/product_cat?post=4704"},{"taxonomy":"product_tag","embeddable":true,"href":"https:\/\/etev7e.pef.czu.cz\/zs2223\/wp-json\/wp\/v2\/product_tag?post=4704"}],"curies":[{"name":"wp","href":"https:\/\/api.w.org\/{rel}","templated":true}]}}