{"id":4707,"date":"2024-10-29T12:00:16","date_gmt":"2024-10-29T11:00:16","guid":{"rendered":"https:\/\/etev7e.pef.czu.cz\/zs2223\/?post_type=product&#038;p=4707"},"modified":"2024-10-29T12:18:28","modified_gmt":"2024-10-29T11:18:28","slug":"matrix-biolage-volumebloom-shampoo","status":"publish","type":"product","link":"https:\/\/etev7e.pef.czu.cz\/zs2223\/produkt\/matrix-biolage-volumebloom-shampoo\/","title":{"rendered":"Matrix Biolage Volumebloom Shampoo 1l"},"content":{"rendered":"<p>\u0160ampon a jeho \u00fa\u010dinky se nechaly inspirovat kv\u011bty bavln\u00edku, kter\u00e9 jsou vzdu\u0161n\u00e9, m\u011bkk\u00e9 a nad\u00fdchan\u00e9. D\u00edky v\u00fdta\u017ek\u016fm z n\u011bj budou va\u0161e vlasy p\u0159esn\u011b jako tento kv\u011bt. Dlouhodob\u011b nad\u00fdchan\u00e9, opl\u00fdvaj\u00edc\u00ed neuv\u011b\u0159iteln\u00fdm objemem a m\u011bkkost\u00ed.<\/p>\n<p>Speci\u00e1ln\u00ed slo\u017een\u00ed nadzvedne vlasy ji\u017e od ko\u0159\u00ednk\u016f a vytvo\u0159\u00ed objem po cel\u00e9 jejich d\u00e9lce, v\u00e1\u0161 \u00fa\u010des tak bude p\u016fsobit p\u0159irozen\u00fdm dojmem. Extrakt ze s\u00f3jov\u00e9ho proteinu zajist\u00ed vlasov\u00e9mu vl\u00e1knu pot\u0159ebn\u00fd p\u0159\u00edsun \u017eivin a hydrataci. To bude vit\u00e1ln\u011bj\u0161\u00ed, pevn\u011bj\u0161\u00ed a zdrav\u011bj\u0161\u00ed ne\u017e kdykoliv p\u0159ed t\u00edm. D\u00edky posiln\u011bn\u00ed jeho struktury budou vlasy mnohem odoln\u011bj\u0161\u00ed p\u0159ed ne\u017e\u00e1douc\u00edm plihnut\u00edm a d\u00e9le si udr\u017e\u00ed sv\u016fj objem. Obsa\u017een\u00fd komplex rostlinn\u00fdch protein\u016f vytvo\u0159\u00ed okolo vlasu film, zmohutn\u00ed ho, \u010d\u00edm\u017e zv\u00fdrazn\u00ed jeho strukturu a vytvo\u0159\u00ed objem. Lehk\u00e9 slo\u017een\u00ed bez paraben\u016f nezat\u011b\u017euje, jemn\u00e1 kr\u00e9mov\u00e1 textura kondicion\u00e9ru vyhlad\u00ed vlasov\u00e9 vl\u00e1kno a dod\u00e1 mu p\u0159\u00edjemnou hebkost. Vlasy budou p\u0159irozen\u011b pohybliv\u00e9, pln\u00e9 energie bez zn\u00e1mek zplihnut\u00ed.<\/p>\n","protected":false},"excerpt":{"rendered":"<p>\u0160ampon a jeho \u00fa\u010dinky se nechaly inspirovat kv\u011bty bavln\u00edku, kter\u00e9 jsou vzdu\u0161n\u00e9, m\u011bkk\u00e9 a nad\u00fdchan\u00e9. D\u00edky v\u00fdta\u017ek\u016fm z n\u011bj budou va\u0161e vlasy p\u0159esn\u011b jako tento kv\u011bt. Dlouhodob\u011b nad\u00fdchan\u00e9, opl\u00fdvaj\u00edc\u00ed neuv\u011b\u0159iteln\u00fdm objemem a m\u011bkkost\u00ed.<\/p>\n","protected":false},"featured_media":4708,"comment_status":"open","ping_status":"closed","template":"","meta":[],"product_brand":[],"product_cat":[753],"product_tag":[1180,1176,997,1175,1179,947],"class_list":{"0":"post-4707","1":"product","2":"type-product","3":"status-publish","4":"has-post-thumbnail","6":"product_cat-drogerie","7":"product_tag-biokosmetika","8":"product_tag-biolage","9":"product_tag-drogerie","10":"product_tag-sampon","11":"product_tag-sampony","12":"product_tag-vlasova-kosmetika","14":"first","15":"instock","16":"taxable","17":"shipping-taxable","18":"purchasable","19":"product-type-simple"},"jetpack_sharing_enabled":true,"_links":{"self":[{"href":"https:\/\/etev7e.pef.czu.cz\/zs2223\/wp-json\/wp\/v2\/product\/4707","targetHints":{"allow":["GET"]}}],"collection":[{"href":"https:\/\/etev7e.pef.czu.cz\/zs2223\/wp-json\/wp\/v2\/product"}],"about":[{"href":"https:\/\/etev7e.pef.czu.cz\/zs2223\/wp-json\/wp\/v2\/types\/product"}],"replies":[{"embeddable":true,"href":"https:\/\/etev7e.pef.czu.cz\/zs2223\/wp-json\/wp\/v2\/comments?post=4707"}],"wp:featuredmedia":[{"embeddable":true,"href":"https:\/\/etev7e.pef.czu.cz\/zs2223\/wp-json\/wp\/v2\/media\/4708"}],"wp:attachment":[{"href":"https:\/\/etev7e.pef.czu.cz\/zs2223\/wp-json\/wp\/v2\/media?parent=4707"}],"wp:term":[{"taxonomy":"product_brand","embeddable":true,"href":"https:\/\/etev7e.pef.czu.cz\/zs2223\/wp-json\/wp\/v2\/product_brand?post=4707"},{"taxonomy":"product_cat","embeddable":true,"href":"https:\/\/etev7e.pef.czu.cz\/zs2223\/wp-json\/wp\/v2\/product_cat?post=4707"},{"taxonomy":"product_tag","embeddable":true,"href":"https:\/\/etev7e.pef.czu.cz\/zs2223\/wp-json\/wp\/v2\/product_tag?post=4707"}],"curies":[{"name":"wp","href":"https:\/\/api.w.org\/{rel}","templated":true}]}}