{"id":4713,"date":"2024-10-29T12:06:18","date_gmt":"2024-10-29T11:06:18","guid":{"rendered":"https:\/\/etev7e.pef.czu.cz\/zs2223\/?post_type=product&#038;p=4713"},"modified":"2024-10-29T12:19:09","modified_gmt":"2024-10-29T11:19:09","slug":"dermacol-aroma-ritual-sprchovy-gel-vodni-meloun","status":"publish","type":"product","link":"https:\/\/etev7e.pef.czu.cz\/zs2223\/produkt\/dermacol-aroma-ritual-sprchovy-gel-vodni-meloun\/","title":{"rendered":"Dermacol Aroma Ritual sprchov\u00fd gel Vodn\u00ed meloun 250ml"},"content":{"rendered":"<p>Harmonizuj\u00edc\u00ed sprchov\u00fd gel \u0159ady Dermacol Aroma Ritual provon\u00ed t\u011blo smyslnou v\u016fn\u00ed, harmonizuje t\u011blo i du\u0161i, p\u0159in\u00e1\u0161\u00ed pohodu a vyrovnanost. Jemn\u011b, av\u0161ak dokonale \u010dist\u00ed poko\u017eku t\u011bla, zanech\u00e1v\u00e1 ji sladce provon\u011bnou a dod\u00e1v\u00e1 pocit p\u0159\u00edjemn\u00e9 vl\u00e1\u010dnosti. Kombinace origin\u00e1ln\u00edho designu a nev\u0161edn\u00edch ingredienc\u00ed. Vhodn\u00fd pro v\u0161echny typy poko\u017eky.<\/p>\n","protected":false},"excerpt":{"rendered":"<p>Harmonizuj\u00edc\u00ed sprchov\u00fd gel \u0159ady Dermacol Aroma Ritual provon\u00ed t\u011blo smyslnou v\u016fn\u00ed, harmonizuje t\u011blo i du\u0161i, p\u0159in\u00e1\u0161\u00ed pohodu a vyrovnanost.<\/p>\n","protected":false},"featured_media":4714,"comment_status":"open","ping_status":"closed","template":"","meta":[],"product_brand":[],"product_cat":[753],"product_tag":[997,943],"class_list":{"0":"post-4713","1":"product","2":"type-product","3":"status-publish","4":"has-post-thumbnail","6":"product_cat-drogerie","7":"product_tag-drogerie","8":"product_tag-kosmetika","10":"first","11":"instock","12":"taxable","13":"shipping-taxable","14":"purchasable","15":"product-type-simple"},"jetpack_sharing_enabled":true,"_links":{"self":[{"href":"https:\/\/etev7e.pef.czu.cz\/zs2223\/wp-json\/wp\/v2\/product\/4713","targetHints":{"allow":["GET"]}}],"collection":[{"href":"https:\/\/etev7e.pef.czu.cz\/zs2223\/wp-json\/wp\/v2\/product"}],"about":[{"href":"https:\/\/etev7e.pef.czu.cz\/zs2223\/wp-json\/wp\/v2\/types\/product"}],"replies":[{"embeddable":true,"href":"https:\/\/etev7e.pef.czu.cz\/zs2223\/wp-json\/wp\/v2\/comments?post=4713"}],"wp:featuredmedia":[{"embeddable":true,"href":"https:\/\/etev7e.pef.czu.cz\/zs2223\/wp-json\/wp\/v2\/media\/4714"}],"wp:attachment":[{"href":"https:\/\/etev7e.pef.czu.cz\/zs2223\/wp-json\/wp\/v2\/media?parent=4713"}],"wp:term":[{"taxonomy":"product_brand","embeddable":true,"href":"https:\/\/etev7e.pef.czu.cz\/zs2223\/wp-json\/wp\/v2\/product_brand?post=4713"},{"taxonomy":"product_cat","embeddable":true,"href":"https:\/\/etev7e.pef.czu.cz\/zs2223\/wp-json\/wp\/v2\/product_cat?post=4713"},{"taxonomy":"product_tag","embeddable":true,"href":"https:\/\/etev7e.pef.czu.cz\/zs2223\/wp-json\/wp\/v2\/product_tag?post=4713"}],"curies":[{"name":"wp","href":"https:\/\/api.w.org\/{rel}","templated":true}]}}