{"id":4715,"date":"2024-10-29T12:13:10","date_gmt":"2024-10-29T11:13:10","guid":{"rendered":"https:\/\/etev7e.pef.czu.cz\/zs2223\/?post_type=product&#038;p=4715"},"modified":"2024-10-29T12:13:10","modified_gmt":"2024-10-29T11:13:10","slug":"coach-blue-sprchovy-gel-100ml","status":"publish","type":"product","link":"https:\/\/etev7e.pef.czu.cz\/zs2223\/produkt\/coach-blue-sprchovy-gel-100ml\/","title":{"rendered":"Coach Blue sprchov\u00fd gel 100ml"},"content":{"rendered":"<p>Tento sprchov\u00fd gel nab\u00edz\u00ed sv\u011b\u017e\u00ed a energetickou v\u016fni, kter\u00e1 je ide\u00e1ln\u00ed pro mu\u017ee. Kombinuje z\u00e1\u0159iv\u00e9 citrusov\u00e9 t\u00f3ny limetky a jemn\u00fd bylinn\u00fd n\u00e1dech absintu, co\u017e zaji\u0161\u0165uje okam\u017eit\u00fd pocit sv\u011b\u017eesti. St\u0159edn\u00ed t\u00f3ny zahrnuj\u00ed oz\u00f3n a \u010dern\u00fd pep\u0159, kter\u00e9 v\u016fni dod\u00e1vaj\u00ed v\u00fdraznou jiskru a ko\u0159enitost. Z\u00e1klad v\u016fn\u011b je postavena na h\u0159ejiv\u00fdch akordech cedrov\u00e9ho d\u0159eva a hebk\u00e9 ambry, kter\u00e9 vytv\u00e1\u0159ej\u00ed elegantn\u00ed, dlouhotrvaj\u00edc\u00ed dojem.<\/p>\n","protected":false},"excerpt":{"rendered":"<p>Tento sprchov\u00fd gel nab\u00edz\u00ed sv\u011b\u017e\u00ed a energetickou v\u016fni, kter\u00e1 je ide\u00e1ln\u00ed pro mu\u017ee.<\/p>\n","protected":false},"featured_media":4717,"comment_status":"open","ping_status":"closed","template":"","meta":[],"product_brand":[],"product_cat":[753],"product_tag":[997,1193,1194],"class_list":{"0":"post-4715","1":"product","2":"type-product","3":"status-publish","4":"has-post-thumbnail","6":"product_cat-drogerie","7":"product_tag-drogerie","8":"product_tag-osobni-pece","9":"product_tag-sprchove-gely","11":"first","12":"instock","13":"taxable","14":"shipping-taxable","15":"purchasable","16":"product-type-simple"},"jetpack_sharing_enabled":true,"_links":{"self":[{"href":"https:\/\/etev7e.pef.czu.cz\/zs2223\/wp-json\/wp\/v2\/product\/4715","targetHints":{"allow":["GET"]}}],"collection":[{"href":"https:\/\/etev7e.pef.czu.cz\/zs2223\/wp-json\/wp\/v2\/product"}],"about":[{"href":"https:\/\/etev7e.pef.czu.cz\/zs2223\/wp-json\/wp\/v2\/types\/product"}],"replies":[{"embeddable":true,"href":"https:\/\/etev7e.pef.czu.cz\/zs2223\/wp-json\/wp\/v2\/comments?post=4715"}],"wp:featuredmedia":[{"embeddable":true,"href":"https:\/\/etev7e.pef.czu.cz\/zs2223\/wp-json\/wp\/v2\/media\/4717"}],"wp:attachment":[{"href":"https:\/\/etev7e.pef.czu.cz\/zs2223\/wp-json\/wp\/v2\/media?parent=4715"}],"wp:term":[{"taxonomy":"product_brand","embeddable":true,"href":"https:\/\/etev7e.pef.czu.cz\/zs2223\/wp-json\/wp\/v2\/product_brand?post=4715"},{"taxonomy":"product_cat","embeddable":true,"href":"https:\/\/etev7e.pef.czu.cz\/zs2223\/wp-json\/wp\/v2\/product_cat?post=4715"},{"taxonomy":"product_tag","embeddable":true,"href":"https:\/\/etev7e.pef.czu.cz\/zs2223\/wp-json\/wp\/v2\/product_tag?post=4715"}],"curies":[{"name":"wp","href":"https:\/\/api.w.org\/{rel}","templated":true}]}}