{"id":4723,"date":"2024-10-30T20:42:54","date_gmt":"2024-10-30T19:42:54","guid":{"rendered":"https:\/\/etev7e.pef.czu.cz\/zs2223\/?post_type=product&#038;p=4723"},"modified":"2024-11-12T15:59:29","modified_gmt":"2024-11-12T14:59:29","slug":"apple-watch-series-9-45mm","status":"publish","type":"product","link":"https:\/\/etev7e.pef.czu.cz\/zs2223\/produkt\/apple-watch-series-9-45mm\/","title":{"rendered":"Apple Watch Series 9 45mm"},"content":{"rendered":"<p>Apple Watch Series 9 v\u00e1m nab\u00edz\u00ed \u0161irokou \u0161k\u00e1lu funkc\u00ed \u2013 sledov\u00e1n\u00ed kondice, zdravotn\u00ed aplikace (Saturace kysl\u00edkem, EKG), bezpe\u010dnostn\u00ed prvky (detekce p\u00e1du, SOS vol\u00e1n\u00ed) a mnoho dal\u0161\u00edch. S odoln\u00fdm designem, jasn\u00fdm displejem a v\u00fddr\u017e\u00ed baterie a\u017e 18 hodin m\u00e1te v\u0161e pot\u0159ebn\u00e9 p\u0159\u00edmo na z\u00e1p\u011bst\u00ed.<\/p>\n","protected":false},"excerpt":{"rendered":"<p>Apple Watch Series 9 &#8211; V\u00e1\u0161 dokonal\u00fd par\u0165\u00e1k na z\u00e1p\u011bst\u00ed! M\u011bjte p\u0159ehled o sv\u00e9m zdrav\u00ed a kondici, vyu\u017e\u00edvejte praktick\u00e9 funkce a bu\u010fte v bezpe\u010d\u00ed s funkcemi SOS vol\u00e1n\u00ed a detekce p\u00e1du. To v\u0161e v odoln\u00e9m designu s jasn\u00fdm displejem a dlouhou v\u00fddr\u017e\u00ed baterie.<\/p>\n","protected":false},"featured_media":4726,"comment_status":"open","ping_status":"closed","template":"","meta":[],"product_brand":[],"product_cat":[1196],"product_tag":[96,1197,887,886,1203,1198],"class_list":{"0":"post-4723","1":"product","2":"type-product","3":"status-publish","4":"has-post-thumbnail","6":"product_cat-prislusenstvi-k-iphonu","7":"product_tag-apple","8":"product_tag-apple-watch","9":"product_tag-iphone","10":"product_tag-iphone-prislusenstvi","11":"product_tag-prislusenstvi-k-iphonu","12":"product_tag-watch","14":"first","15":"instock","16":"taxable","17":"shipping-taxable","18":"purchasable","19":"product-type-simple"},"jetpack_sharing_enabled":true,"_links":{"self":[{"href":"https:\/\/etev7e.pef.czu.cz\/zs2223\/wp-json\/wp\/v2\/product\/4723","targetHints":{"allow":["GET"]}}],"collection":[{"href":"https:\/\/etev7e.pef.czu.cz\/zs2223\/wp-json\/wp\/v2\/product"}],"about":[{"href":"https:\/\/etev7e.pef.czu.cz\/zs2223\/wp-json\/wp\/v2\/types\/product"}],"replies":[{"embeddable":true,"href":"https:\/\/etev7e.pef.czu.cz\/zs2223\/wp-json\/wp\/v2\/comments?post=4723"}],"wp:featuredmedia":[{"embeddable":true,"href":"https:\/\/etev7e.pef.czu.cz\/zs2223\/wp-json\/wp\/v2\/media\/4726"}],"wp:attachment":[{"href":"https:\/\/etev7e.pef.czu.cz\/zs2223\/wp-json\/wp\/v2\/media?parent=4723"}],"wp:term":[{"taxonomy":"product_brand","embeddable":true,"href":"https:\/\/etev7e.pef.czu.cz\/zs2223\/wp-json\/wp\/v2\/product_brand?post=4723"},{"taxonomy":"product_cat","embeddable":true,"href":"https:\/\/etev7e.pef.czu.cz\/zs2223\/wp-json\/wp\/v2\/product_cat?post=4723"},{"taxonomy":"product_tag","embeddable":true,"href":"https:\/\/etev7e.pef.czu.cz\/zs2223\/wp-json\/wp\/v2\/product_tag?post=4723"}],"curies":[{"name":"wp","href":"https:\/\/api.w.org\/{rel}","templated":true}]}}