{"id":4730,"date":"2024-10-30T20:43:08","date_gmt":"2024-10-30T19:43:08","guid":{"rendered":"https:\/\/etev7e.pef.czu.cz\/zs2223\/?post_type=product&#038;p=4730"},"modified":"2024-11-12T15:59:11","modified_gmt":"2024-11-12T14:59:11","slug":"apple-airpods-pro-2-bezdratova-sluchatka","status":"publish","type":"product","link":"https:\/\/etev7e.pef.czu.cz\/zs2223\/produkt\/apple-airpods-pro-2-bezdratova-sluchatka\/","title":{"rendered":"Apple AirPods Pro 2 bezdr\u00e1tov\u00e1 sluch\u00e1tka"},"content":{"rendered":"<p>Nov\u00e9 AirPody Pro posouvaj\u00ed poslech hudby na novou \u00farove\u0148. Vychutnej si dokonale \u010dist\u00fd zvuk s vylep\u0161en\u00fdm aktivn\u00edm potla\u010den\u00edm hluku, kter\u00e9 ti pom\u016f\u017ee soust\u0159edit se na hudbu i v ru\u0161n\u00e9m prost\u0159ed\u00ed. Adaptivn\u00ed re\u017eim propustnosti zase zajist\u00ed, \u017ee neusly\u0161\u00ed\u0161 d\u016fle\u017eit\u00e9 zvuky z okol\u00ed. Pohlcuj\u00edc\u00ed prostorov\u00fd zvuk ti p\u0159inese jedine\u010dn\u00fd poslechov\u00fd z\u00e1\u017eitek, a\u0165 u\u017e poslouch\u00e1\u0161 hudbu, podcasty nebo sleduje\u0161 filmy. Ovl\u00e1d\u00e1n\u00ed hlasitosti je nyn\u00ed je\u0161t\u011b jednodu\u0161\u0161\u00ed d\u00edky intuitivn\u00edmu dotykov\u00e9mu ovl\u00e1d\u00e1n\u00ed &#8211; sta\u010d\u00ed p\u0159ejet prstem po stopce. A s prodlou\u017eenou v\u00fddr\u017e\u00ed baterie si u\u017eije\u0161 a\u017e 6 hodin poslechu na jedno nabit\u00ed.<\/p>\n","protected":false},"excerpt":{"rendered":"<p>AirPods Pro: Dokonal\u00fd zvuk bez ru\u0161en\u00ed! Vychutnej si k\u0159i\u0161\u0165\u00e1lov\u011b \u010dist\u00fd poslech s vylep\u0161en\u00fdm potla\u010den\u00edm hluku a pohlcuj\u00edc\u00edm prostorov\u00fdm zvukem. Intuitivn\u00ed dotykov\u00e9 ovl\u00e1d\u00e1n\u00ed a prodlou\u017een\u00e1 v\u00fddr\u017e baterie pro maxim\u00e1ln\u00ed komfort.<\/p>\n","protected":false},"featured_media":4731,"comment_status":"open","ping_status":"closed","template":"","meta":[],"product_brand":[],"product_cat":[1196],"product_tag":[1202,1201,96,886,1203],"class_list":{"0":"post-4730","1":"product","2":"type-product","3":"status-publish","4":"has-post-thumbnail","6":"product_cat-prislusenstvi-k-iphonu","7":"product_tag-airpods","8":"product_tag-airpods-pro","9":"product_tag-apple","10":"product_tag-iphone-prislusenstvi","11":"product_tag-prislusenstvi-k-iphonu","13":"first","14":"instock","15":"taxable","16":"shipping-taxable","17":"purchasable","18":"product-type-simple"},"jetpack_sharing_enabled":true,"_links":{"self":[{"href":"https:\/\/etev7e.pef.czu.cz\/zs2223\/wp-json\/wp\/v2\/product\/4730","targetHints":{"allow":["GET"]}}],"collection":[{"href":"https:\/\/etev7e.pef.czu.cz\/zs2223\/wp-json\/wp\/v2\/product"}],"about":[{"href":"https:\/\/etev7e.pef.czu.cz\/zs2223\/wp-json\/wp\/v2\/types\/product"}],"replies":[{"embeddable":true,"href":"https:\/\/etev7e.pef.czu.cz\/zs2223\/wp-json\/wp\/v2\/comments?post=4730"}],"wp:featuredmedia":[{"embeddable":true,"href":"https:\/\/etev7e.pef.czu.cz\/zs2223\/wp-json\/wp\/v2\/media\/4731"}],"wp:attachment":[{"href":"https:\/\/etev7e.pef.czu.cz\/zs2223\/wp-json\/wp\/v2\/media?parent=4730"}],"wp:term":[{"taxonomy":"product_brand","embeddable":true,"href":"https:\/\/etev7e.pef.czu.cz\/zs2223\/wp-json\/wp\/v2\/product_brand?post=4730"},{"taxonomy":"product_cat","embeddable":true,"href":"https:\/\/etev7e.pef.czu.cz\/zs2223\/wp-json\/wp\/v2\/product_cat?post=4730"},{"taxonomy":"product_tag","embeddable":true,"href":"https:\/\/etev7e.pef.czu.cz\/zs2223\/wp-json\/wp\/v2\/product_tag?post=4730"}],"curies":[{"name":"wp","href":"https:\/\/api.w.org\/{rel}","templated":true}]}}