{"id":4735,"date":"2024-10-30T20:43:16","date_gmt":"2024-10-30T19:43:16","guid":{"rendered":"https:\/\/etev7e.pef.czu.cz\/zs2223\/?post_type=product&#038;p=4735"},"modified":"2024-11-12T15:58:55","modified_gmt":"2024-11-12T14:58:55","slug":"fixed-magzen-powerbanka-s-bezdratovym-nabijenim-a-magsafe-10000-mah","status":"publish","type":"product","link":"https:\/\/etev7e.pef.czu.cz\/zs2223\/produkt\/fixed-magzen-powerbanka-s-bezdratovym-nabijenim-a-magsafe-10000-mah\/","title":{"rendered":"FIXED MagZen powerbanka s bezdr\u00e1tov\u00fdm nab\u00edjen\u00edm a Magsafe 10000 mAh"},"content":{"rendered":"<p>FIXED MagZen je powerbanka nov\u00e9 generace s kapacitou 10 000 mAh, navr\u017een\u00e1 pro nejnov\u011bj\u0161\u00ed iPhony. Podporuje bezdr\u00e1tov\u00e9 nab\u00edjen\u00ed MagSafe a d\u00edky kompaktn\u00edm rozm\u011br\u016fm se snadno vejde do kapsy. Ide\u00e1ln\u00ed pro cestov\u00e1n\u00ed i ka\u017edodenn\u00ed pou\u017eit\u00ed. Sou\u010d\u00e1st\u00ed balen\u00ed je 0,5m USB-C na USB-C kabel pro snadn\u00e9 p\u0159ipojen\u00ed a nab\u00edjen\u00ed.<\/p>\n","protected":false},"excerpt":{"rendered":"<p>FIXED MagZen: Powerbanka stvo\u0159en\u00e1 pro tv\u016fj iPhone! S kapacitou 10 000 mAh a podporou MagSafe nab\u00edjen\u00ed ti dod\u00e1 energii kdykoliv a kdekoliv. Kompaktn\u00ed design se vejde i do kapsy a 0,5m USB-C kabel je sou\u010d\u00e1st\u00ed balen\u00ed.<\/p>\n","protected":false},"featured_media":4732,"comment_status":"open","ping_status":"closed","template":"","meta":[],"product_brand":[],"product_cat":[1196],"product_tag":[96,1204,886,1205,108,1203],"class_list":{"0":"post-4735","1":"product","2":"type-product","3":"status-publish","4":"has-post-thumbnail","6":"product_cat-prislusenstvi-k-iphonu","7":"product_tag-apple","8":"product_tag-fixed","9":"product_tag-iphone-prislusenstvi","10":"product_tag-magzen","11":"product_tag-powerbanka","12":"product_tag-prislusenstvi-k-iphonu","14":"first","15":"instock","16":"taxable","17":"shipping-taxable","18":"purchasable","19":"product-type-simple"},"jetpack_sharing_enabled":true,"_links":{"self":[{"href":"https:\/\/etev7e.pef.czu.cz\/zs2223\/wp-json\/wp\/v2\/product\/4735","targetHints":{"allow":["GET"]}}],"collection":[{"href":"https:\/\/etev7e.pef.czu.cz\/zs2223\/wp-json\/wp\/v2\/product"}],"about":[{"href":"https:\/\/etev7e.pef.czu.cz\/zs2223\/wp-json\/wp\/v2\/types\/product"}],"replies":[{"embeddable":true,"href":"https:\/\/etev7e.pef.czu.cz\/zs2223\/wp-json\/wp\/v2\/comments?post=4735"}],"wp:featuredmedia":[{"embeddable":true,"href":"https:\/\/etev7e.pef.czu.cz\/zs2223\/wp-json\/wp\/v2\/media\/4732"}],"wp:attachment":[{"href":"https:\/\/etev7e.pef.czu.cz\/zs2223\/wp-json\/wp\/v2\/media?parent=4735"}],"wp:term":[{"taxonomy":"product_brand","embeddable":true,"href":"https:\/\/etev7e.pef.czu.cz\/zs2223\/wp-json\/wp\/v2\/product_brand?post=4735"},{"taxonomy":"product_cat","embeddable":true,"href":"https:\/\/etev7e.pef.czu.cz\/zs2223\/wp-json\/wp\/v2\/product_cat?post=4735"},{"taxonomy":"product_tag","embeddable":true,"href":"https:\/\/etev7e.pef.czu.cz\/zs2223\/wp-json\/wp\/v2\/product_tag?post=4735"}],"curies":[{"name":"wp","href":"https:\/\/api.w.org\/{rel}","templated":true}]}}