{"id":4737,"date":"2024-10-30T20:42:27","date_gmt":"2024-10-30T19:42:27","guid":{"rendered":"https:\/\/etev7e.pef.czu.cz\/zs2223\/?post_type=product&#038;p=4737"},"modified":"2024-11-12T16:00:27","modified_gmt":"2024-11-12T15:00:27","slug":"jbl-charge-5","status":"publish","type":"product","link":"https:\/\/etev7e.pef.czu.cz\/zs2223\/produkt\/jbl-charge-5\/","title":{"rendered":"JBL Charge 5"},"content":{"rendered":"<p>JBL Charge 5 nab\u00edz\u00ed a\u017e 20 hodin p\u0159ehr\u00e1v\u00e1n\u00ed, tak\u017ee se m\u016f\u017eete bavit celou noc. Nav\u00edc umo\u017e\u0148uje nab\u00edjet v\u00e1\u0161 telefon, d\u00edky \u010demu\u017e slou\u017e\u00ed i jako powerbanka. A\u0165 u\u017e ho vezmete na v\u00fdlety nebo na p\u00e1rty, Charge 5 je ide\u00e1ln\u00ed p\u0159enosn\u00fd par\u0165\u00e1k pro jakoukoliv p\u0159\u00edle\u017eitost.<\/p>\n","protected":false},"excerpt":{"rendered":"<p>JBL Charge 5: P\u00e1rty m\u016f\u017ee za\u010d\u00edt! S 20hodinovou v\u00fddr\u017e\u00ed baterie a funkc\u00ed powerbanky t\u011b tento reproduktor nenech\u00e1 ve \u0161tychu. Ide\u00e1ln\u00ed par\u0165\u00e1k na cesty i p\u00e1rty s p\u0159\u00e1teli.<\/p>\n","protected":false},"featured_media":4733,"comment_status":"open","ping_status":"closed","template":"","meta":[],"product_brand":[],"product_cat":[1196],"product_tag":[96,886,1208,1203,1209],"class_list":{"0":"post-4737","1":"product","2":"type-product","3":"status-publish","4":"has-post-thumbnail","6":"product_cat-prislusenstvi-k-iphonu","7":"product_tag-apple","8":"product_tag-iphone-prislusenstvi","9":"product_tag-jbl","10":"product_tag-prislusenstvi-k-iphonu","11":"product_tag-reproduktor","13":"first","14":"instock","15":"taxable","16":"shipping-taxable","17":"purchasable","18":"product-type-simple"},"jetpack_sharing_enabled":true,"_links":{"self":[{"href":"https:\/\/etev7e.pef.czu.cz\/zs2223\/wp-json\/wp\/v2\/product\/4737","targetHints":{"allow":["GET"]}}],"collection":[{"href":"https:\/\/etev7e.pef.czu.cz\/zs2223\/wp-json\/wp\/v2\/product"}],"about":[{"href":"https:\/\/etev7e.pef.czu.cz\/zs2223\/wp-json\/wp\/v2\/types\/product"}],"replies":[{"embeddable":true,"href":"https:\/\/etev7e.pef.czu.cz\/zs2223\/wp-json\/wp\/v2\/comments?post=4737"}],"wp:featuredmedia":[{"embeddable":true,"href":"https:\/\/etev7e.pef.czu.cz\/zs2223\/wp-json\/wp\/v2\/media\/4733"}],"wp:attachment":[{"href":"https:\/\/etev7e.pef.czu.cz\/zs2223\/wp-json\/wp\/v2\/media?parent=4737"}],"wp:term":[{"taxonomy":"product_brand","embeddable":true,"href":"https:\/\/etev7e.pef.czu.cz\/zs2223\/wp-json\/wp\/v2\/product_brand?post=4737"},{"taxonomy":"product_cat","embeddable":true,"href":"https:\/\/etev7e.pef.czu.cz\/zs2223\/wp-json\/wp\/v2\/product_cat?post=4737"},{"taxonomy":"product_tag","embeddable":true,"href":"https:\/\/etev7e.pef.czu.cz\/zs2223\/wp-json\/wp\/v2\/product_tag?post=4737"}],"curies":[{"name":"wp","href":"https:\/\/api.w.org\/{rel}","templated":true}]}}