{"id":4742,"date":"2024-11-01T12:47:47","date_gmt":"2024-11-01T11:47:47","guid":{"rendered":"https:\/\/etev7e.pef.czu.cz\/zs2223\/?post_type=product&#038;p=4742"},"modified":"2024-11-01T13:27:03","modified_gmt":"2024-11-01T12:27:03","slug":"bcaa-tablety","status":"publish","type":"product","link":"https:\/\/etev7e.pef.czu.cz\/zs2223\/produkt\/bcaa-tablety\/","title":{"rendered":"BCAA tablety"},"content":{"rendered":"<div>\n<p><span lang=\"cs-cz\" xml:lang=\"cs-cz\">BCAA tablety jsou dopl\u0148kem stravy navr\u017een\u00fdm pro sportovce a aktivn\u00ed jedince, kte\u0159\u00ed hledaj\u00ed podporu p\u0159i regeneraci sval\u016f, zlep\u0161en\u00ed v\u00fdkonnosti a sn\u00ed\u017een\u00ed svalov\u00e9 \u00fanavy. BCAA (branched-chain amino acids) obsahuj\u00ed t\u0159i esenci\u00e1ln\u00ed aminokyseliny \u2013 leucin, isoleucin a valin \u2013 kter\u00e9 tvo\u0159\u00ed kl\u00ed\u010dovou slo\u017eku pro r\u016fst a obnovu svalov\u00fdch vl\u00e1ken.\u00a0<\/span><\/p>\n<\/div>\n<div>\n<p lang=\"cs-cz\" xml:lang=\"cs-cz\"><span lang=\"cs-cz\" xml:lang=\"cs-cz\">Obsahuj\u00ed rozv\u011btven\u00e9 aminokyseliny (leucin, isoleucin a valin), kter\u00e9 jsou z\u00e1kladn\u00edmi stavebn\u00edmi kameny svalov\u00fdch b\u00edlkovin a hraj\u00ed kl\u00ed\u010dovou roli v procesech obnovy svalov\u00e9 tk\u00e1n\u011b po fyzick\u00e9m v\u00fdkonu.\u00a0<\/span><\/p>\n<\/div>\n<div>\n<p lang=\"cs-cz\" xml:lang=\"cs-cz\"><span lang=\"cs-cz\" xml:lang=\"cs-cz\">D\u00edky tabletov\u00e9 form\u011b jsou ide\u00e1ln\u00ed pro snadn\u00e9 d\u00e1vkov\u00e1n\u00ed. Balen\u00ed obsahuje 500 kus\u016f tablet.<\/span><\/p>\n<\/div>\n<div>\n<p lang=\"cs-cz\" xml:lang=\"cs-cz\"><span lang=\"cs-cz\" xml:lang=\"cs-cz\">D\u00e1vkov\u00e1n\u00ed: Doporu\u010den\u00e1 d\u00e1vka je 2-4 tablety denn\u011b, ide\u00e1ln\u011b p\u0159ed nebo po tr\u00e9ninku.\u00a0<\/span><\/p>\n<\/div>\n","protected":false},"excerpt":{"rendered":"<p><span id=\"yui_3_17_2_1_1730461443026_34\" lang=\"cs-cz\" xml:lang=\"cs-cz\">BCAA tablety jsou dopl\u0148kem stravy navr\u017een\u00fdm pro sportovce a aktivn\u00ed jedince, kte\u0159\u00ed hledaj\u00ed podporu p\u0159i regeneraci sval\u016f, zlep\u0161en\u00ed v\u00fdkonnosti a sn\u00ed\u017een\u00ed svalov\u00e9 \u00fanavy. BCAA (branched-chain amino acids) obsahuj\u00ed t\u0159i esenci\u00e1ln\u00ed aminokyseliny \u2013 leucin, isoleucin a valin \u2013 kter\u00e9 tvo\u0159\u00ed kl\u00ed\u010dovou slo\u017eku pro r\u016fst a obnovu svalov\u00fdch vl\u00e1ken.\u00a0<\/span><\/p>\n","protected":false},"featured_media":4744,"comment_status":"open","ping_status":"closed","template":"","meta":[],"product_brand":[],"product_cat":[1212],"product_tag":[1210,75,860],"class_list":{"0":"post-4742","1":"product","2":"type-product","3":"status-publish","4":"has-post-thumbnail","6":"product_cat-fitness-doplnky","7":"product_tag-1210","8":"product_tag-fitness","9":"product_tag-zdrava-strava","11":"first","12":"instock","13":"sale","14":"taxable","15":"shipping-taxable","16":"purchasable","17":"product-type-simple"},"jetpack_sharing_enabled":true,"_links":{"self":[{"href":"https:\/\/etev7e.pef.czu.cz\/zs2223\/wp-json\/wp\/v2\/product\/4742","targetHints":{"allow":["GET"]}}],"collection":[{"href":"https:\/\/etev7e.pef.czu.cz\/zs2223\/wp-json\/wp\/v2\/product"}],"about":[{"href":"https:\/\/etev7e.pef.czu.cz\/zs2223\/wp-json\/wp\/v2\/types\/product"}],"replies":[{"embeddable":true,"href":"https:\/\/etev7e.pef.czu.cz\/zs2223\/wp-json\/wp\/v2\/comments?post=4742"}],"wp:featuredmedia":[{"embeddable":true,"href":"https:\/\/etev7e.pef.czu.cz\/zs2223\/wp-json\/wp\/v2\/media\/4744"}],"wp:attachment":[{"href":"https:\/\/etev7e.pef.czu.cz\/zs2223\/wp-json\/wp\/v2\/media?parent=4742"}],"wp:term":[{"taxonomy":"product_brand","embeddable":true,"href":"https:\/\/etev7e.pef.czu.cz\/zs2223\/wp-json\/wp\/v2\/product_brand?post=4742"},{"taxonomy":"product_cat","embeddable":true,"href":"https:\/\/etev7e.pef.czu.cz\/zs2223\/wp-json\/wp\/v2\/product_cat?post=4742"},{"taxonomy":"product_tag","embeddable":true,"href":"https:\/\/etev7e.pef.czu.cz\/zs2223\/wp-json\/wp\/v2\/product_tag?post=4742"}],"curies":[{"name":"wp","href":"https:\/\/api.w.org\/{rel}","templated":true}]}}