{"id":4745,"date":"2024-11-01T13:18:08","date_gmt":"2024-11-01T12:18:08","guid":{"rendered":"https:\/\/etev7e.pef.czu.cz\/zs2223\/?post_type=product&#038;p=4745"},"modified":"2024-11-01T14:30:03","modified_gmt":"2024-11-01T13:30:03","slug":"proteinova-tycinka","status":"publish","type":"product","link":"https:\/\/etev7e.pef.czu.cz\/zs2223\/produkt\/proteinova-tycinka\/","title":{"rendered":"Proteinov\u00e1 ty\u010dinka"},"content":{"rendered":"<div id=\"yui_3_17_2_1_1730462962320_32\">\n<div id=\"yui_3_17_2_1_1730462962320_31\">\n<p>&nbsp;<\/p>\n<p><span lang=\"cs-cz\" xml:lang=\"cs-cz\">Proteinov\u00e1 ty\u010dinka ChocoNut Deluxe je dokonal\u00fdm spojen\u00edm v\u00fdborn\u00e9 chuti a vysok\u00e9 nutri\u010dn\u00ed hodnoty. Obsahuje 20 g kvalitn\u00edch protein\u016f, kter\u00e9 podpo\u0159\u00ed regeneraci sval\u016f a dodaj\u00ed pot\u0159ebnou energii po n\u00e1ro\u010dn\u00e9m tr\u00e9ninku. D\u00edky kombinaci jemn\u00e9 \u010dokol\u00e1dov\u00e9 polevy a k\u0159upav\u00fdch o\u0159\u00ed\u0161k\u016f se z ka\u017ed\u00e9ho sousta stane opravdov\u00fd z\u00e1\u017eitek. Ty\u010dinka je ide\u00e1ln\u00ed jako rychl\u00e1 sva\u010dina na cesty, do pr\u00e1ce, nebo jako sou\u010d\u00e1st vyv\u00e1\u017een\u00e9ho fitness j\u00eddeln\u00ed\u010dku.<\/span><\/p>\n<\/div>\n<div>\n<ul>\n<li><span lang=\"cs-cz\" xml:lang=\"cs-cz\">20 g protein\u016f v jedn\u00e9 ty\u010dince<\/span><\/li>\n<\/ul>\n<\/div>\n<div>\n<ul>\n<li><span lang=\"cs-cz\" xml:lang=\"cs-cz\">Bez p\u0159idan\u00e9ho cukru<\/span><\/li>\n<\/ul>\n<\/div>\n<div>\n<ul>\n<li><span lang=\"cs-cz\" xml:lang=\"cs-cz\">Vhodn\u00e1 pro sportovce i p\u0159i reduk\u010dn\u00ed diet\u011b<\/span><\/li>\n<\/ul>\n<\/div>\n<div id=\"yui_3_17_2_1_1730462962320_40\">\n<ul id=\"yui_3_17_2_1_1730462962320_39\">\n<li id=\"yui_3_17_2_1_1730462962320_38\">\n<p id=\"yui_3_17_2_1_1730462962320_37\"><span id=\"yui_3_17_2_1_1730462962320_36\" lang=\"cs-cz\" xml:lang=\"cs-cz\">Obsahuje vysoce kvalitn\u00ed syrov\u00e1tkov\u00fd protein<\/span><\/p>\n<\/li>\n<\/ul>\n<\/div>\n<div>\n<ul>\n<li><span lang=\"cs-cz\" xml:lang=\"cs-cz\">Praktick\u00e9 balen\u00ed vhodn\u00e9 do ka\u017ed\u00e9 ta\u0161ky<\/span><\/li>\n<\/ul>\n<\/div>\n<\/div>\n<div>\n<p><span lang=\"cs-cz\" xml:lang=\"cs-cz\">Hmotnost: 50g, 60g, 70g, 80g\u00a0<\/span><\/p>\n<p><span lang=\"cs-cz\" xml:lang=\"cs-cz\">Cena\/cena po slev\u011b: 45K\u010d\/38K\u010d, 50K\u010d\/40K\u010d, 55K\u010d44K\u010d, 60K\u010d\/54K\u010d.<\/span><\/p>\n<\/div>\n","protected":false},"excerpt":{"rendered":"<p><span lang=\"cs-cz\" xml:lang=\"cs-cz\">Proteinov\u00e1 ty\u010dinka ChocoNut Deluxe je dokonal\u00fdm spojen\u00edm v\u00fdborn\u00e9 chuti a vysok\u00e9 nutri\u010dn\u00ed hodnoty. Obsahuje 20 g kvalitn\u00edch protein\u016f, kter\u00e9 podpo\u0159\u00ed regeneraci sval\u016f a dodaj\u00ed pot\u0159ebnou energii po n\u00e1ro\u010dn\u00e9m tr\u00e9ninku. D\u00edky kombinaci jemn\u00e9 \u010dokol\u00e1dov\u00e9 polevy a k\u0159upav\u00fdch o\u0159\u00ed\u0161k\u016f se z ka\u017ed\u00e9ho sousta stane opravdov\u00fd z\u00e1\u017eitek. Ty\u010dinka je ide\u00e1ln\u00ed jako rychl\u00e1 sva\u010dina na cesty, do pr\u00e1ce, nebo jako sou\u010d\u00e1st vyv\u00e1\u017een\u00e9ho fitness j\u00eddeln\u00ed\u010dku.<\/span><\/p>\n","protected":false},"featured_media":4746,"comment_status":"open","ping_status":"closed","template":"","meta":[],"product_brand":[],"product_cat":[1212],"product_tag":[1211,75,860],"class_list":{"0":"post-4745","1":"product","2":"type-product","3":"status-publish","4":"has-post-thumbnail","6":"product_cat-fitness-doplnky","7":"product_tag-1211","8":"product_tag-fitness","9":"product_tag-zdrava-strava","11":"first","12":"instock","13":"sale","14":"taxable","15":"shipping-taxable","16":"purchasable","17":"product-type-variable"},"jetpack_sharing_enabled":true,"_links":{"self":[{"href":"https:\/\/etev7e.pef.czu.cz\/zs2223\/wp-json\/wp\/v2\/product\/4745","targetHints":{"allow":["GET"]}}],"collection":[{"href":"https:\/\/etev7e.pef.czu.cz\/zs2223\/wp-json\/wp\/v2\/product"}],"about":[{"href":"https:\/\/etev7e.pef.czu.cz\/zs2223\/wp-json\/wp\/v2\/types\/product"}],"replies":[{"embeddable":true,"href":"https:\/\/etev7e.pef.czu.cz\/zs2223\/wp-json\/wp\/v2\/comments?post=4745"}],"wp:featuredmedia":[{"embeddable":true,"href":"https:\/\/etev7e.pef.czu.cz\/zs2223\/wp-json\/wp\/v2\/media\/4746"}],"wp:attachment":[{"href":"https:\/\/etev7e.pef.czu.cz\/zs2223\/wp-json\/wp\/v2\/media?parent=4745"}],"wp:term":[{"taxonomy":"product_brand","embeddable":true,"href":"https:\/\/etev7e.pef.czu.cz\/zs2223\/wp-json\/wp\/v2\/product_brand?post=4745"},{"taxonomy":"product_cat","embeddable":true,"href":"https:\/\/etev7e.pef.czu.cz\/zs2223\/wp-json\/wp\/v2\/product_cat?post=4745"},{"taxonomy":"product_tag","embeddable":true,"href":"https:\/\/etev7e.pef.czu.cz\/zs2223\/wp-json\/wp\/v2\/product_tag?post=4745"}],"curies":[{"name":"wp","href":"https:\/\/api.w.org\/{rel}","templated":true}]}}