{"id":4748,"date":"2024-11-01T13:25:17","date_gmt":"2024-11-01T12:25:17","guid":{"rendered":"https:\/\/etev7e.pef.czu.cz\/zs2223\/?post_type=product&#038;p=4748"},"modified":"2024-11-01T14:44:47","modified_gmt":"2024-11-01T13:44:47","slug":"proteinovy-prasek","status":"publish","type":"product","link":"https:\/\/etev7e.pef.czu.cz\/zs2223\/produkt\/proteinovy-prasek\/","title":{"rendered":"Proteinov\u00fd pr\u00e1\u0161ek"},"content":{"rendered":"<p>Clear Whey Protein je inovativn\u00ed dopln\u011bk stravy, kter\u00fd nab\u00edz\u00ed vysok\u00fd obsah b\u00edlkovin s osv\u011b\u017euj\u00edc\u00ed chut\u00ed. Na rozd\u00edl od tradi\u010dn\u00edch syrov\u00e1tkov\u00fdch protein\u016f je tento produkt vyroben tak, aby m\u011bl lehkou, vodnatou konzistenci, co\u017e z n\u011bj \u010din\u00ed skv\u011blou alternativu pro ty, kte\u0159\u00ed preferuj\u00ed m\u00e9n\u011b kr\u00e9mov\u00e9 n\u00e1poje.<\/p>\n<p><strong>cena \/ cena po slev\u011b:<\/strong>\u00a039k\u010d\/35k\u010d, 869k\u010d\/539k\u010d, 1199k\u010d\/989k\u010d, 2099k\u010d\/1899k\u010d<\/p>\n<p><strong>hmotnost:<\/strong>\u00a025g, 500g, 750g, 1kg<\/p>\n<p><strong>komplementy<\/strong>: BCAA aminokyseliny, kreatin, omega 3 mastn\u00e9 kyseliny, vitam\u00edny a miner\u00e1ly, zelen\u00e9 superpotraviny, citrulin mal\u00e1t<\/p>\n<p><strong>substituty:<\/strong>\u00a0 klasick\u00e9 syrov\u00e1tkov\u00e9 proteiny, rostlinn\u00e9 b\u00edlkoviny, kaisen<\/p>\n<p><strong>varianty:\u00a0<\/strong>p\u0159\u00edchut\u011b &#8211; ledov\u00fd \u010daj broskev, malina, citron, mango<\/p>\n<p><strong>kategorie:\u00a0<\/strong>izol\u00e1t syrov\u00e1tkov\u00e9ho proteinu, ovocn\u00e9 p\u0159\u00edchut\u011b, bez lakt\u00f3zy, rychl\u00e1 vst\u0159ebatelnost<\/p>\n<p id=\"yui_3_17_2_1_1730463506662_35\"><strong>\u0161t\u00edtky produktu:\u00a0<\/strong>n\u00e1zev, obsah b\u00edlkovin na porci, kalorick\u00e1 hodnota, slo\u017een\u00ed, doporu\u010den\u00e9 d\u00e1vkov\u00e1n\u00ed, nutri\u010dn\u00ed hodnoty, d\u00e1vkov\u00e1n\u00ed, alergeny, bez cukru &#8211; bez tuku &#8211; low carb, upozorn\u011bn\u00ed &#8211; nevhodn\u00e9 pro t\u011bhotn\u00e9 a koj\u00edc\u00ed<\/p>\n","protected":false},"excerpt":{"rendered":"<p>Clear Whey Protein je inovativn\u00ed dopln\u011bk stravy, kter\u00fd nab\u00edz\u00ed vysok\u00fd obsah b\u00edlkovin s osv\u011b\u017euj\u00edc\u00ed chut\u00ed. Na rozd\u00edl od tradi\u010dn\u00edch syrov\u00e1tkov\u00fdch protein\u016f je tento produkt vyroben tak, aby m\u011bl lehkou, vodnatou konzistenci, co\u017e z n\u011bj \u010din\u00ed skv\u011blou alternativu pro ty, kte\u0159\u00ed preferuj\u00ed m\u00e9n\u011b kr\u00e9mov\u00e9 n\u00e1poje.<\/p>\n","protected":false},"featured_media":4749,"comment_status":"open","ping_status":"closed","template":"","meta":[],"product_brand":[],"product_cat":[1212],"product_tag":[1213,75,860],"class_list":{"0":"post-4748","1":"product","2":"type-product","3":"status-publish","4":"has-post-thumbnail","6":"product_cat-fitness-doplnky","7":"product_tag-1213","8":"product_tag-fitness","9":"product_tag-zdrava-strava","11":"first","12":"instock","13":"sale","14":"taxable","15":"shipping-taxable","16":"purchasable","17":"product-type-variable"},"jetpack_sharing_enabled":true,"_links":{"self":[{"href":"https:\/\/etev7e.pef.czu.cz\/zs2223\/wp-json\/wp\/v2\/product\/4748","targetHints":{"allow":["GET"]}}],"collection":[{"href":"https:\/\/etev7e.pef.czu.cz\/zs2223\/wp-json\/wp\/v2\/product"}],"about":[{"href":"https:\/\/etev7e.pef.czu.cz\/zs2223\/wp-json\/wp\/v2\/types\/product"}],"replies":[{"embeddable":true,"href":"https:\/\/etev7e.pef.czu.cz\/zs2223\/wp-json\/wp\/v2\/comments?post=4748"}],"wp:featuredmedia":[{"embeddable":true,"href":"https:\/\/etev7e.pef.czu.cz\/zs2223\/wp-json\/wp\/v2\/media\/4749"}],"wp:attachment":[{"href":"https:\/\/etev7e.pef.czu.cz\/zs2223\/wp-json\/wp\/v2\/media?parent=4748"}],"wp:term":[{"taxonomy":"product_brand","embeddable":true,"href":"https:\/\/etev7e.pef.czu.cz\/zs2223\/wp-json\/wp\/v2\/product_brand?post=4748"},{"taxonomy":"product_cat","embeddable":true,"href":"https:\/\/etev7e.pef.czu.cz\/zs2223\/wp-json\/wp\/v2\/product_cat?post=4748"},{"taxonomy":"product_tag","embeddable":true,"href":"https:\/\/etev7e.pef.czu.cz\/zs2223\/wp-json\/wp\/v2\/product_tag?post=4748"}],"curies":[{"name":"wp","href":"https:\/\/api.w.org\/{rel}","templated":true}]}}