{"id":4760,"date":"2024-11-01T14:14:26","date_gmt":"2024-11-01T13:14:26","guid":{"rendered":"https:\/\/etev7e.pef.czu.cz\/zs2223\/?post_type=product&#038;p=4760"},"modified":"2024-11-05T13:24:41","modified_gmt":"2024-11-05T12:24:41","slug":"plantation-xo-20th-anniversary","status":"publish","type":"product","link":"https:\/\/etev7e.pef.czu.cz\/zs2223\/produkt\/plantation-xo-20th-anniversary\/","title":{"rendered":"Plantation XO 20th Anniversary"},"content":{"rendered":"<p id=\"yui_3_17_2_1_1730464961933_31\">U\u017e na pohled zaj\u00edmav\u00fd rum <strong>Plantation XO 20th Anniversary<\/strong> je vyroben ze sm\u011bsi n\u011bkolika pr\u00e9miov\u00fdch extra star\u00fdch rum\u016f z Barbadosu.<br \/>\nRumy p\u0159ed sm\u00edch\u00e1n\u00edm nejprve zr\u00e1ly 8 a\u017e 15 let v ex-bourbon dubov\u00fdch sudech na Barbadosu. N\u00e1sledn\u011b byly p\u0159evezeny na jihoz\u00e1pad Francie, kde dozr\u00e1valy 2 a\u017e 10 let ve Ferrand dubov\u00fdch sudech. Byly spojeny a m\u00edchaly se dlouhou dobu, dokud nedos\u00e1hly zde prav\u00e9 synchronizace.<\/p>\n<p id=\"yui_3_17_2_1_1730464961933_34\">Rum byl napln\u011bn do luxusn\u00edch designov\u00fdch lahv\u00ed, kter\u00e9 jsou omotan\u00e9 slam\u011bnou s\u00ed\u0165kou. L\u00e1hev se nach\u00e1z\u00ed v minimalistick\u00e9m hn\u011bdo-zlat\u00e9m balen\u00ed.<\/p>\n<p>Alk. 40%<br \/>\nChu\u0165 a v\u016fn\u011b: Vanilka, \u010cokol\u00e1da, Kokos, Dub, Pikantn\u00ed, Kr\u00e9m<\/p>\n<p><u>Komplementy:<\/u> kvalitn\u00ed ho\u0159k\u00e1 \u010dokol\u00e1da, pra\u017een\u00e9 o\u0159echy, doutn\u00edk, s\u00fdry<u><br \/>\n<\/u><\/p>\n<p><u>Substituty:<\/u> Diplomatico Reserva Exclusiva, Ron Zacapa 23 let, Appleton Estate 21 let a dal\u0161\u00edch druhy rum\u016f \u010di alkoholu<\/p>\n","protected":false},"excerpt":{"rendered":"<p><strong>Plantation XO 20th Anniversary<\/strong> je vyroben ze sm\u011bsi pr\u00e9miov\u00fdch rum\u016f z Barbadosu.<br \/>\nRumy p\u0159ed sm\u00edch\u00e1n\u00edm nejprve zr\u00e1ly 8 a\u017e 15 let v ex-bourbon dubov\u00fdch sudech. N\u00e1sledn\u011b byly p\u0159evezeny na jihoz\u00e1pad Francie, kde dozr\u00e1valy 2 a\u017e 10 let ve Ferrand dubov\u00fdch sudech.<br \/>\nRum byl napln\u011bn do luxusn\u00edch designov\u00fdch lahv\u00ed, kter\u00e9 jsou omotan\u00e9 slam\u011bnou s\u00ed\u0165kou. L\u00e1hev se nach\u00e1z\u00ed v minimalistick\u00e9m hn\u011bdo-zlat\u00e9m balen\u00ed.<\/p>\n","protected":false},"featured_media":4776,"comment_status":"open","ping_status":"closed","template":"","meta":[],"product_brand":[],"product_cat":[1215],"product_tag":[25,1220,1221],"class_list":{"0":"post-4760","1":"product","2":"type-product","3":"status-publish","4":"has-post-thumbnail","6":"product_cat-rumy","7":"product_tag-alkohol","8":"product_tag-lihoviny","9":"product_tag-rumy","11":"first","12":"instock","13":"sale","14":"taxable","15":"shipping-taxable","16":"purchasable","17":"product-type-simple"},"jetpack_sharing_enabled":true,"_links":{"self":[{"href":"https:\/\/etev7e.pef.czu.cz\/zs2223\/wp-json\/wp\/v2\/product\/4760","targetHints":{"allow":["GET"]}}],"collection":[{"href":"https:\/\/etev7e.pef.czu.cz\/zs2223\/wp-json\/wp\/v2\/product"}],"about":[{"href":"https:\/\/etev7e.pef.czu.cz\/zs2223\/wp-json\/wp\/v2\/types\/product"}],"replies":[{"embeddable":true,"href":"https:\/\/etev7e.pef.czu.cz\/zs2223\/wp-json\/wp\/v2\/comments?post=4760"}],"wp:featuredmedia":[{"embeddable":true,"href":"https:\/\/etev7e.pef.czu.cz\/zs2223\/wp-json\/wp\/v2\/media\/4776"}],"wp:attachment":[{"href":"https:\/\/etev7e.pef.czu.cz\/zs2223\/wp-json\/wp\/v2\/media?parent=4760"}],"wp:term":[{"taxonomy":"product_brand","embeddable":true,"href":"https:\/\/etev7e.pef.czu.cz\/zs2223\/wp-json\/wp\/v2\/product_brand?post=4760"},{"taxonomy":"product_cat","embeddable":true,"href":"https:\/\/etev7e.pef.czu.cz\/zs2223\/wp-json\/wp\/v2\/product_cat?post=4760"},{"taxonomy":"product_tag","embeddable":true,"href":"https:\/\/etev7e.pef.czu.cz\/zs2223\/wp-json\/wp\/v2\/product_tag?post=4760"}],"curies":[{"name":"wp","href":"https:\/\/api.w.org\/{rel}","templated":true}]}}