{"id":4762,"date":"2024-11-01T13:52:42","date_gmt":"2024-11-01T12:52:42","guid":{"rendered":"https:\/\/etev7e.pef.czu.cz\/zs2223\/?post_type=product&#038;p=4762"},"modified":"2024-11-01T16:17:46","modified_gmt":"2024-11-01T15:17:46","slug":"allpresan-pedicare-lipidova-mast-nocni-na-zrohovatelou-pokozku","status":"publish","type":"product","link":"https:\/\/etev7e.pef.czu.cz\/zs2223\/produkt\/allpresan-pedicare-lipidova-mast-nocni-na-zrohovatelou-pokozku\/","title":{"rendered":"Allpresan PediCare Lipidov\u00e1 mast no\u010dn\u00ed na zrohovat\u011blou poko\u017eku"},"content":{"rendered":"<p>Lipidov\u00e1 mast\u00a0Allpresan PediCARE \u010d.4 se pou\u017e\u00edv\u00e1 ke ka\u017edodenn\u00ed\u00a0p\u00e9\u010di\u00a0o\u00a0zrohovat\u011blou\u00a0k\u016f\u017ei nohou. Mast tak\u00e9 p\u016fsob\u00ed proti\u00a0prasklink\u00e1m\u00a0a\u00a0trhlink\u00e1m\u00a0a zabra\u0148uje tvorb\u011b nov\u00fdch prasklinek a mozol\u016f. Lipidov\u00e1 mast obsahuje\u00a015 % urey\u00a0(mo\u010dovina),\u00a0pupalkov\u00fd olej\u00a0a\u00a0vitam\u00edn E.\u00a0P\u0159i pravideln\u00e9m pou\u017e\u00edv\u00e1n\u00ed se poko\u017eka st\u00e1v\u00e1 op\u011bt\u00a0vl\u00e1\u010dn\u00e1,\u00a0hladk\u00e1\u00a0a pru\u017en\u00e1. Ide\u00e1ln\u00ed jako dodate\u010dn\u00e1\u00a0no\u010dn\u00ed\u00a0p\u00e9\u010de.<\/p>\n<ul type=\"square\">\n<li>p\u00e9\u010de o zrohovat\u011blou k\u016f\u017ei nohou<\/li>\n<li>p\u00e9\u010de o velmi suchou poko\u017eku<\/li>\n<li>ochrana k\u016f\u017ee pro pacienty s neurodermatitidou a psori\u00e1zou<\/li>\n<li>s\u00a0urea\u00a0&#8211; hydratuje, v\u00e1\u017ee vlhkost<\/li>\n<li>s pupalkov\u00fdm olejem &#8211; zlep\u0161uje strukturu k\u016f\u017ee, zklid\u0148uje<\/li>\n<li>s vitam\u00ednem E &#8211; podporuje regeneraci k\u016f\u017ee<\/li>\n<li>intenz\u00edvn\u00ed hydratace<\/li>\n<\/ul>\n","protected":false},"excerpt":{"rendered":"<p>Lipidov\u00e1 mast\u00a0Allpresan\u00ae PediCARE jako dopl\u0148kov\u00e1 no\u010dn\u00ed p\u00e9\u010de o suchou, ztvrdlou a zrohovat\u011blou k\u016f\u017ei nohou<\/p>\n","protected":false},"featured_media":0,"comment_status":"open","ping_status":"closed","template":"","meta":[],"product_brand":[],"product_cat":[1173,936,1100],"product_tag":[866,943,1244,1245],"class_list":{"0":"post-4762","1":"product","2":"type-product","3":"status-publish","5":"product_cat-kosmetika","6":"product_cat-pece-o-telo","7":"product_cat-pecujici-kosmetika","8":"product_tag-hydratace","9":"product_tag-kosmetika","10":"product_tag-pece-o-nohy","11":"product_tag-sucha-a-popraskana-kuze","13":"first","14":"instock","15":"taxable","16":"shipping-taxable","17":"purchasable","18":"product-type-simple"},"jetpack_sharing_enabled":true,"_links":{"self":[{"href":"https:\/\/etev7e.pef.czu.cz\/zs2223\/wp-json\/wp\/v2\/product\/4762","targetHints":{"allow":["GET"]}}],"collection":[{"href":"https:\/\/etev7e.pef.czu.cz\/zs2223\/wp-json\/wp\/v2\/product"}],"about":[{"href":"https:\/\/etev7e.pef.czu.cz\/zs2223\/wp-json\/wp\/v2\/types\/product"}],"replies":[{"embeddable":true,"href":"https:\/\/etev7e.pef.czu.cz\/zs2223\/wp-json\/wp\/v2\/comments?post=4762"}],"wp:attachment":[{"href":"https:\/\/etev7e.pef.czu.cz\/zs2223\/wp-json\/wp\/v2\/media?parent=4762"}],"wp:term":[{"taxonomy":"product_brand","embeddable":true,"href":"https:\/\/etev7e.pef.czu.cz\/zs2223\/wp-json\/wp\/v2\/product_brand?post=4762"},{"taxonomy":"product_cat","embeddable":true,"href":"https:\/\/etev7e.pef.czu.cz\/zs2223\/wp-json\/wp\/v2\/product_cat?post=4762"},{"taxonomy":"product_tag","embeddable":true,"href":"https:\/\/etev7e.pef.czu.cz\/zs2223\/wp-json\/wp\/v2\/product_tag?post=4762"}],"curies":[{"name":"wp","href":"https:\/\/api.w.org\/{rel}","templated":true}]}}