{"id":4790,"date":"2024-11-01T15:14:08","date_gmt":"2024-11-01T14:14:08","guid":{"rendered":"https:\/\/etev7e.pef.czu.cz\/zs2223\/?post_type=product&#038;p=4790"},"modified":"2024-11-01T15:22:38","modified_gmt":"2024-11-01T14:22:38","slug":"cinky","status":"publish","type":"product","link":"https:\/\/etev7e.pef.czu.cz\/zs2223\/produkt\/cinky\/","title":{"rendered":"\u010cinky"},"content":{"rendered":"<p>Ru\u010dn\u00ed \u010dinky jsou ide\u00e1ln\u00ed n\u00e1stroj pro dom\u00e1c\u00ed cvi\u010den\u00ed. Jsou vhodn\u00e9 pro za\u010d\u00e1te\u010dn\u00edky i pro pokro\u010dil\u00e9 sportovce. \u010cinky jsou dob\u0159e skladovateln\u00e9 a d\u00edky ergonomick\u00e9mu designu a kvalitn\u00edmu materi\u00e1lu zaji\u0161\u0165uj\u00ed pohodl\u00ed p\u0159i cvi\u010den\u00ed i jejich dlouhou \u017eivotnost.<\/p>\n<p>Velikost: XXS (2&#215;0,5kg); XS (2x1kg); S (2x2kg); M (2x3kg); L (2x5kg)<\/p>\n<p>Barvy: Modr\u00e1, Zelen\u00e1, \u010cerven\u00e1, R\u016f\u017eov\u00e1<\/p>\n<p>Cena bez DPH za danou velikost \/ Cena bez DPH za danou velikost po slev\u011b:<\/p>\n<p>XXS: 129,- K\u010d \/ 119,- K\u010d<br \/>\nXS: 199,- K\u010d \/ 179,- K\u010d<br \/>\nS: 299,- K\u010d \/ 269,- K\u010d<br \/>\nM: 399,- K\u010d \/ 359,- K\u010d<br \/>\nL: 699,- K\u010d \/ 649,- K\u010d<br \/>\nKomplementy: K efektivn\u011bj\u0161\u00edmu cvi\u010den\u00ed lze vyu\u017e\u00edt na\u0161e fitness dopl\u0148ky (protein, BCAA tablety)<\/p>\n<p>Substituty: kettlebell, posilovac\u00ed guma<\/p>\n<p>Kategorie: Fitness, sport<\/p>\n<p>\u0160t\u00edtky: Sportovn\u00ed n\u00e1\u010din\u00ed, \u010dinky, posilov\u00e1n\u00ed<\/p>\n","protected":false},"excerpt":{"rendered":"<p>Ru\u010dn\u00ed \u010dinky jsou ide\u00e1ln\u00ed n\u00e1stroj pro dom\u00e1c\u00ed cvi\u010den\u00ed. Jsou vhodn\u00e9 pro za\u010d\u00e1te\u010dn\u00edky i pro pokro\u010dil\u00e9 sportovce. \u010cinky jsou dob\u0159e skladovateln\u00e9 a d\u00edky ergonomick\u00e9mu designu a kvalitn\u00edmu materi\u00e1lu zaji\u0161\u0165uj\u00ed pohodl\u00ed p\u0159i cvi\u010den\u00ed i jejich dlouhou \u017eivotnost. Velikost: XXS (2&#215;0,5kg); XS (2x1kg); S (2x2kg); M (2x3kg); L (2x5kg) Barvy: Modr\u00e1, Zelen\u00e1, \u010cerven\u00e1, R\u016f\u017eov\u00e1 Cena bez DPH za [&hellip;]<\/p>\n","protected":false},"featured_media":4791,"comment_status":"open","ping_status":"closed","template":"","meta":[],"product_brand":[],"product_cat":[1212],"product_tag":[1231,75],"class_list":{"0":"post-4790","1":"product","2":"type-product","3":"status-publish","4":"has-post-thumbnail","6":"product_cat-fitness-doplnky","7":"product_tag-1231","8":"product_tag-fitness","10":"first","11":"instock","12":"sale","13":"taxable","14":"shipping-taxable","15":"purchasable","16":"product-type-variable"},"jetpack_sharing_enabled":true,"_links":{"self":[{"href":"https:\/\/etev7e.pef.czu.cz\/zs2223\/wp-json\/wp\/v2\/product\/4790","targetHints":{"allow":["GET"]}}],"collection":[{"href":"https:\/\/etev7e.pef.czu.cz\/zs2223\/wp-json\/wp\/v2\/product"}],"about":[{"href":"https:\/\/etev7e.pef.czu.cz\/zs2223\/wp-json\/wp\/v2\/types\/product"}],"replies":[{"embeddable":true,"href":"https:\/\/etev7e.pef.czu.cz\/zs2223\/wp-json\/wp\/v2\/comments?post=4790"}],"wp:featuredmedia":[{"embeddable":true,"href":"https:\/\/etev7e.pef.czu.cz\/zs2223\/wp-json\/wp\/v2\/media\/4791"}],"wp:attachment":[{"href":"https:\/\/etev7e.pef.czu.cz\/zs2223\/wp-json\/wp\/v2\/media?parent=4790"}],"wp:term":[{"taxonomy":"product_brand","embeddable":true,"href":"https:\/\/etev7e.pef.czu.cz\/zs2223\/wp-json\/wp\/v2\/product_brand?post=4790"},{"taxonomy":"product_cat","embeddable":true,"href":"https:\/\/etev7e.pef.czu.cz\/zs2223\/wp-json\/wp\/v2\/product_cat?post=4790"},{"taxonomy":"product_tag","embeddable":true,"href":"https:\/\/etev7e.pef.czu.cz\/zs2223\/wp-json\/wp\/v2\/product_tag?post=4790"}],"curies":[{"name":"wp","href":"https:\/\/api.w.org\/{rel}","templated":true}]}}