{"id":4801,"date":"2024-11-01T15:54:42","date_gmt":"2024-11-01T14:54:42","guid":{"rendered":"https:\/\/etev7e.pef.czu.cz\/zs2223\/?post_type=product&#038;p=4801"},"modified":"2024-11-04T12:50:19","modified_gmt":"2024-11-04T11:50:19","slug":"my-little-pony-plug","status":"publish","type":"product","link":"https:\/\/etev7e.pef.czu.cz\/zs2223\/produkt\/my-little-pony-plug\/","title":{"rendered":"My Little Pony Plug"},"content":{"rendered":"<p id=\"yui_3_17_2_1_1730471777583_35\" dir=\"ltr\">\u201eS na\u0161\u00edm an\u00e1ln\u00edm kol\u00edkem se stanete pon\u00edkem!\u201c<\/p>\n<p dir=\"ltr\">\nMy Little Pony Plug je unik\u00e1tn\u00ed an\u00e1ln\u00ed kol\u00edk s dlouh\u00fdmi barevn\u00fdmi t\u0159\u00e1sn\u011bmi, kter\u00e9 vytv\u00e1\u0159ej\u00ed efekt oc\u00e1sku. Navr\u017een\u00fd pro fanou\u0161ky fantasie a roleplay, tento kol\u00edk p\u0159in\u00e1\u0161\u00ed hravost i z\u00e1bavu. Hladk\u00fd silikonov\u00fd povrch a z\u00fa\u017een\u00fd tvar umo\u017e\u0148uj\u00ed snadn\u00e9 zaveden\u00ed, zat\u00edmco m\u011bkk\u00e9, odoln\u00e9 t\u0159\u00e1sn\u011b dodaj\u00ed pocit poh\u00e1dkov\u00e9ho pon\u00edka.<\/p>\n","protected":false},"excerpt":{"rendered":"<p>\u201eS na\u0161\u00edm an\u00e1ln\u00edm kol\u00edkem se stanete pon\u00edkem!\u201c<\/p>\n","protected":false},"featured_media":4802,"comment_status":"open","ping_status":"closed","template":"","meta":[],"product_brand":[],"product_cat":[1238],"product_tag":[1239,1241,1243,1242,1240],"class_list":{"0":"post-4801","1":"product","2":"type-product","3":"status-publish","4":"has-post-thumbnail","6":"product_cat-eroticke-pomucky","7":"product_tag-analni-kolik","8":"product_tag-ocasek","9":"product_tag-ponik","10":"product_tag-roleplay","11":"product_tag-silikonovy-povrch","13":"first","14":"instock","15":"sale","16":"taxable","17":"shipping-taxable","18":"purchasable","19":"product-type-simple"},"jetpack_sharing_enabled":true,"_links":{"self":[{"href":"https:\/\/etev7e.pef.czu.cz\/zs2223\/wp-json\/wp\/v2\/product\/4801","targetHints":{"allow":["GET"]}}],"collection":[{"href":"https:\/\/etev7e.pef.czu.cz\/zs2223\/wp-json\/wp\/v2\/product"}],"about":[{"href":"https:\/\/etev7e.pef.czu.cz\/zs2223\/wp-json\/wp\/v2\/types\/product"}],"replies":[{"embeddable":true,"href":"https:\/\/etev7e.pef.czu.cz\/zs2223\/wp-json\/wp\/v2\/comments?post=4801"}],"wp:featuredmedia":[{"embeddable":true,"href":"https:\/\/etev7e.pef.czu.cz\/zs2223\/wp-json\/wp\/v2\/media\/4802"}],"wp:attachment":[{"href":"https:\/\/etev7e.pef.czu.cz\/zs2223\/wp-json\/wp\/v2\/media?parent=4801"}],"wp:term":[{"taxonomy":"product_brand","embeddable":true,"href":"https:\/\/etev7e.pef.czu.cz\/zs2223\/wp-json\/wp\/v2\/product_brand?post=4801"},{"taxonomy":"product_cat","embeddable":true,"href":"https:\/\/etev7e.pef.czu.cz\/zs2223\/wp-json\/wp\/v2\/product_cat?post=4801"},{"taxonomy":"product_tag","embeddable":true,"href":"https:\/\/etev7e.pef.czu.cz\/zs2223\/wp-json\/wp\/v2\/product_tag?post=4801"}],"curies":[{"name":"wp","href":"https:\/\/api.w.org\/{rel}","templated":true}]}}