{"id":4803,"date":"2024-11-01T19:08:20","date_gmt":"2024-11-01T18:08:20","guid":{"rendered":"https:\/\/etev7e.pef.czu.cz\/zs2223\/?post_type=product&#038;p=4803"},"modified":"2024-11-01T19:12:42","modified_gmt":"2024-11-01T18:12:42","slug":"ron-zacapa-centenario-xo","status":"publish","type":"product","link":"https:\/\/etev7e.pef.czu.cz\/zs2223\/produkt\/ron-zacapa-centenario-xo\/","title":{"rendered":"Ron Zacapa Centenario XO"},"content":{"rendered":"<p>Ron Zacapa Centenario XO 25 je destilovan\u00fd z fermentovan\u00e9ho \u010dist\u00e9ho panensk\u00e9ho sirupu cukrov\u00e9 t\u0159tiny. Je vyr\u00e1b\u011bn z t\u011bch nejpe\u010dliv\u011bji vyb\u00edran\u00fdch rum\u016f o pr\u016fm\u011brn\u00e9m v\u011bku 25 let,\u00a0kter\u00e9 jsou n\u00e1sledn\u011b v\u00edce ne\u017e rok m\u00edchan\u00e9, aby bylo dosa\u017eeno perfektn\u00ed rovnov\u00e1ha ve slo\u017een\u00ed v\u016fn\u011b a chuti. Ron Zacapa Centenario\u00a0zr\u00e1l\u00a0v robustn\u00edch\u00a0sudech americk\u00e9 whisky\u00a0a\u00a0sherry v\u00edna Pedro Xim\u00e9nez\u00a0po kter\u00e9m n\u00e1sledn\u011b skon\u010dil ve\u00a0francouzsk\u00fdch dubov\u00fdch sudech,\u00a0ve kter\u00fdch p\u0159edt\u00edm zr\u00e1l\u00a0ko\u0148ak.<\/p>\n<p>Destil\u00e9rie se py\u0161n\u00ed, \u017ee jejich plant\u00e1\u017ee jsou pro produkci cukrov\u00e9 t\u0159tiny na nejlep\u0161\u00edm m\u00edst\u011b na sv\u011bt\u011b, d\u00edky\u00a0kombinaci\u00a0mikroklimatu, p\u016fdy a teploty.\u00a0Kdy\u017e p\u0159ijde \u010das na kva\u0161en\u00ed, destil\u00e9rie pou\u017e\u00edv\u00e1 vlastn\u00ed kmen kvasinek z\u00edskan\u00fdch z ananasu. Tyto kvasinky produkuj\u00ed specifick\u00e9 aroma typickou pro rumy Zacapa Centenario.<\/p>\n<p>Alk. 40%<br \/>\nChut\u011b a v\u016fn\u011b: med, karamel, \u010dokol\u00e1da, tab\u00e1k, dub<\/p>\n<p id=\"yui_3_17_2_1_1730483496694_33\"><u>Komplementy:\u00a0<\/u>tab\u00e1k nebo doutn\u00edky, jemn\u00e9 s\u00fdry (Brie, Camembert), su\u0161en\u00e9 ovoce a o\u0159echy, ho\u0159k\u00e1 \u010dokol\u00e1da<\/p>\n<p><u>Substituty:\u00a0<\/u>El Dorado 21 let, Pyrat XO Reserva, Dimpom\u00e1tico Ambassador<\/p>\n","protected":false},"excerpt":{"rendered":"<p>Ron Zacapa Centenario XO je vyr\u00e1b\u011bn z t\u011bch nejpe\u010dliv\u011bji vyb\u00edran\u00fdch rum\u016f o pr\u016fm\u011brn\u00e9m v\u011bku 25 let. Tento rum zraje v sudech americk\u00e9 whisky a sherry v\u00edna. Zran\u00ed je n\u00e1sledn\u011b dokon\u010deno ve francouzsk\u00fdch dubov\u00fdch sudech, ve kter\u00fdch p\u0159edt\u00edm zr\u00e1l ko\u0148ak. Dokonalou rovnov\u00e1hu v\u016fn\u011b a chuti je dosa\u017eeno je\u0161t\u011b blendov\u00e1n\u00edm trvaj\u00edc\u00edm v\u00edce ne\u017e jeden rok.<\/p>\n","protected":false},"featured_media":4804,"comment_status":"open","ping_status":"closed","template":"","meta":[],"product_brand":[],"product_cat":[1215],"product_tag":[25,1220,1221],"class_list":{"0":"post-4803","1":"product","2":"type-product","3":"status-publish","4":"has-post-thumbnail","6":"product_cat-rumy","7":"product_tag-alkohol","8":"product_tag-lihoviny","9":"product_tag-rumy","11":"first","12":"instock","13":"sale","14":"taxable","15":"shipping-taxable","16":"purchasable","17":"product-type-simple"},"jetpack_sharing_enabled":true,"_links":{"self":[{"href":"https:\/\/etev7e.pef.czu.cz\/zs2223\/wp-json\/wp\/v2\/product\/4803","targetHints":{"allow":["GET"]}}],"collection":[{"href":"https:\/\/etev7e.pef.czu.cz\/zs2223\/wp-json\/wp\/v2\/product"}],"about":[{"href":"https:\/\/etev7e.pef.czu.cz\/zs2223\/wp-json\/wp\/v2\/types\/product"}],"replies":[{"embeddable":true,"href":"https:\/\/etev7e.pef.czu.cz\/zs2223\/wp-json\/wp\/v2\/comments?post=4803"}],"wp:featuredmedia":[{"embeddable":true,"href":"https:\/\/etev7e.pef.czu.cz\/zs2223\/wp-json\/wp\/v2\/media\/4804"}],"wp:attachment":[{"href":"https:\/\/etev7e.pef.czu.cz\/zs2223\/wp-json\/wp\/v2\/media?parent=4803"}],"wp:term":[{"taxonomy":"product_brand","embeddable":true,"href":"https:\/\/etev7e.pef.czu.cz\/zs2223\/wp-json\/wp\/v2\/product_brand?post=4803"},{"taxonomy":"product_cat","embeddable":true,"href":"https:\/\/etev7e.pef.czu.cz\/zs2223\/wp-json\/wp\/v2\/product_cat?post=4803"},{"taxonomy":"product_tag","embeddable":true,"href":"https:\/\/etev7e.pef.czu.cz\/zs2223\/wp-json\/wp\/v2\/product_tag?post=4803"}],"curies":[{"name":"wp","href":"https:\/\/api.w.org\/{rel}","templated":true}]}}