{"id":4806,"date":"2024-11-01T19:46:54","date_gmt":"2024-11-01T18:46:54","guid":{"rendered":"https:\/\/etev7e.pef.czu.cz\/zs2223\/?post_type=product&#038;p=4806"},"modified":"2024-11-04T15:59:43","modified_gmt":"2024-11-04T14:59:43","slug":"blue-mauritius-gold","status":"publish","type":"product","link":"https:\/\/etev7e.pef.czu.cz\/zs2223\/produkt\/blue-mauritius-gold\/","title":{"rendered":"Blue Mauritius Gold"},"content":{"rendered":"<p>Melasov\u00fd rum z exotick\u00e9ho ostrova Mauricius v sob\u011b spojuje a\u017e 15let\u00e9 kousky, kter\u00e9 nejprve zr\u00e1ly ve francouzsk\u00fdch dubov\u00fdch sudech, aby si pak je\u0161t\u011b rok odpo\u010dinuly v sudech po portsk\u00e9m v\u00edn\u011b. V t\u011bchto sudech se jeho jemn\u00e1 chu\u0165 ust\u00e1l\u00ed a naplno rozvine.\u00a0V\u00fdsledn\u00e9 pit\u00ed m\u00e1 bronzov\u011b hn\u011bdou barvu a nezam\u011bnitelnou v\u016fni plnou tropick\u00e9ho ovoce, o\u0159\u00ed\u0161k\u016f, dubov\u00e9ho d\u0159eva a ko\u0159en\u00ed. V chuti je rum jemn\u00fd, hebk\u00fd, s t\u00f3ny hroznov\u00e9ho v\u00edna, karamelu, vanilky a exotick\u00e9ho\u00a0ovoce. Objevte tekut\u00e9 kr\u00e1sy Mauricia.<\/p>\n<p>Alk. 40%<br \/>\nChu\u0165 a v\u016fn\u011b: D\u0159evo, Kokos, Sko\u0159ice, Exotick\u00e9 ovoce<\/p>\n<p><u>Komplementy:<\/u>\u00a0mandle pra\u017een\u00e9 loupan\u00e9, pa\u0161tika s hov\u011bz\u00edm masem a zelen\u00fdm pep\u0159em, o\u0159\u00ed\u0161ky z pece &#8211; Med a Chilli, precl\u00edky<\/p>\n<p><u>Substituty:<\/u>\u00a0Bumbu XO, Don Papa Baroko, Blue Stamp Mauritius Authentic Rum, Equiano Rum<\/p>\n","protected":false},"excerpt":{"rendered":"<p>Rum Blue Mauritius Gold je opravdov\u00fdm pokladem mezi rumy, a to p\u0159edev\u0161\u00edm d\u00edky nev\u0161edn\u00ed aroma rumu. Blue Mauritius je blendem nejkvalitn\u011bj\u0161\u00edch rum\u016f z\u00a0ostrova Mauricius.<\/p>\n","protected":false},"featured_media":4810,"comment_status":"open","ping_status":"closed","template":"","meta":[],"product_brand":[],"product_cat":[1215],"product_tag":[1220,1221],"class_list":{"0":"post-4806","1":"product","2":"type-product","3":"status-publish","4":"has-post-thumbnail","6":"product_cat-rumy","7":"product_tag-lihoviny","8":"product_tag-rumy","10":"first","11":"instock","12":"taxable","13":"shipping-taxable","14":"purchasable","15":"product-type-simple"},"jetpack_sharing_enabled":true,"_links":{"self":[{"href":"https:\/\/etev7e.pef.czu.cz\/zs2223\/wp-json\/wp\/v2\/product\/4806","targetHints":{"allow":["GET"]}}],"collection":[{"href":"https:\/\/etev7e.pef.czu.cz\/zs2223\/wp-json\/wp\/v2\/product"}],"about":[{"href":"https:\/\/etev7e.pef.czu.cz\/zs2223\/wp-json\/wp\/v2\/types\/product"}],"replies":[{"embeddable":true,"href":"https:\/\/etev7e.pef.czu.cz\/zs2223\/wp-json\/wp\/v2\/comments?post=4806"}],"wp:featuredmedia":[{"embeddable":true,"href":"https:\/\/etev7e.pef.czu.cz\/zs2223\/wp-json\/wp\/v2\/media\/4810"}],"wp:attachment":[{"href":"https:\/\/etev7e.pef.czu.cz\/zs2223\/wp-json\/wp\/v2\/media?parent=4806"}],"wp:term":[{"taxonomy":"product_brand","embeddable":true,"href":"https:\/\/etev7e.pef.czu.cz\/zs2223\/wp-json\/wp\/v2\/product_brand?post=4806"},{"taxonomy":"product_cat","embeddable":true,"href":"https:\/\/etev7e.pef.czu.cz\/zs2223\/wp-json\/wp\/v2\/product_cat?post=4806"},{"taxonomy":"product_tag","embeddable":true,"href":"https:\/\/etev7e.pef.czu.cz\/zs2223\/wp-json\/wp\/v2\/product_tag?post=4806"}],"curies":[{"name":"wp","href":"https:\/\/api.w.org\/{rel}","templated":true}]}}