{"id":4811,"date":"2024-11-01T20:35:54","date_gmt":"2024-11-01T19:35:54","guid":{"rendered":"https:\/\/etev7e.pef.czu.cz\/zs2223\/?post_type=product&#038;p=4811"},"modified":"2024-11-03T19:14:23","modified_gmt":"2024-11-03T18:14:23","slug":"kraken-black-spiced","status":"publish","type":"product","link":"https:\/\/etev7e.pef.czu.cz\/zs2223\/produkt\/kraken-black-spiced\/","title":{"rendered":"Kraken Black Spiced"},"content":{"rendered":"<p>Pojmenovan\u00fd podle mo\u0159sk\u00e9 bestie z m\u00fdt\u016f a legend.<b>\u00a0<\/b>Kraken Rum je siln\u00fd, bohat\u00fd a m\u00e1 jemnou, zaj\u00edmavou ko\u0159en\u011bnou chu\u0165. Tu mu dod\u00e1v\u00e1\u00a011 tajn\u00fdch druh\u016f bylin,\u00a0kter\u00e9 se nech\u00e1vaj\u00ed macerovat ve sm\u011bsi karibsk\u00fdch rum\u016f.<\/p>\n<p>M\u00e1 kr\u00e1snou tmavou barvu, v chuti m\u016f\u017eeme uc\u00edtit pikantn\u00ed chu\u0165 l\u00e9ko\u0159ice, sko\u0159ice, h\u0159eb\u00ed\u010dku a \u010dern\u00fdch t\u0159e\u0161n\u00ed a dotek sherry. L\u00e1hev je replika historick\u00e9ho\u00a0Victorian Rumu,\u00a0\u00fachytky symbolizuj\u00ed o\u010di netvora a tak\u00e9 se s nimi dob\u0159e nese.<\/p>\n<p>Alk. 40%<\/p>\n<p>Chut\u011b a v\u016fn\u011b: vanilka, smetana, sko\u0159ice, k\u00e1va, karamel, o\u0159\u00ed\u0161ky, pern\u00edk, h\u0159eb\u00ed\u010dek<\/p>\n<p><u>Komplementy:\u00a0<\/u>Coca-Cola, tonik, limetka, z\u00e1zvorov\u00e9 pivo, hork\u00e1 \u010dokol\u00e1da, su\u0161en\u00e9 ovoce a o\u0159echy<\/p>\n<p><u>Substituty:\u00a0<\/u>Captain Morgan Black Spices Rum, Gosling\u2019s Black Seal Rum, Sailor Jerry Spiced Rum<\/p>\n","protected":false},"excerpt":{"rendered":"<p>Pojmenovan\u00fd podle mo\u0159sk\u00e9 bestie z m\u00fdt\u016f a legend.<b>\u00a0<\/b>Kraken Rum je siln\u00fd, bohat\u00fd a m\u00e1 jemnou, zaj\u00edmavou ko\u0159en\u011bnou chu\u0165. Tu mu dod\u00e1v\u00e1\u00a011 tajn\u00fdch druh\u016f bylin,\u00a0kter\u00e9 se nech\u00e1vaj\u00ed macerovat ve sm\u011bsi karibsk\u00fdch rum\u016f.<\/p>\n","protected":false},"featured_media":4813,"comment_status":"open","ping_status":"closed","template":"","meta":[],"product_brand":[],"product_cat":[1215],"product_tag":[25,1220,1221],"class_list":{"0":"post-4811","1":"product","2":"type-product","3":"status-publish","4":"has-post-thumbnail","6":"product_cat-rumy","7":"product_tag-alkohol","8":"product_tag-lihoviny","9":"product_tag-rumy","11":"first","12":"instock","13":"taxable","14":"shipping-taxable","15":"purchasable","16":"product-type-simple"},"jetpack_sharing_enabled":true,"_links":{"self":[{"href":"https:\/\/etev7e.pef.czu.cz\/zs2223\/wp-json\/wp\/v2\/product\/4811","targetHints":{"allow":["GET"]}}],"collection":[{"href":"https:\/\/etev7e.pef.czu.cz\/zs2223\/wp-json\/wp\/v2\/product"}],"about":[{"href":"https:\/\/etev7e.pef.czu.cz\/zs2223\/wp-json\/wp\/v2\/types\/product"}],"replies":[{"embeddable":true,"href":"https:\/\/etev7e.pef.czu.cz\/zs2223\/wp-json\/wp\/v2\/comments?post=4811"}],"wp:featuredmedia":[{"embeddable":true,"href":"https:\/\/etev7e.pef.czu.cz\/zs2223\/wp-json\/wp\/v2\/media\/4813"}],"wp:attachment":[{"href":"https:\/\/etev7e.pef.czu.cz\/zs2223\/wp-json\/wp\/v2\/media?parent=4811"}],"wp:term":[{"taxonomy":"product_brand","embeddable":true,"href":"https:\/\/etev7e.pef.czu.cz\/zs2223\/wp-json\/wp\/v2\/product_brand?post=4811"},{"taxonomy":"product_cat","embeddable":true,"href":"https:\/\/etev7e.pef.czu.cz\/zs2223\/wp-json\/wp\/v2\/product_cat?post=4811"},{"taxonomy":"product_tag","embeddable":true,"href":"https:\/\/etev7e.pef.czu.cz\/zs2223\/wp-json\/wp\/v2\/product_tag?post=4811"}],"curies":[{"name":"wp","href":"https:\/\/api.w.org\/{rel}","templated":true}]}}