{"id":4818,"date":"2024-11-02T11:27:22","date_gmt":"2024-11-02T10:27:22","guid":{"rendered":"https:\/\/etev7e.pef.czu.cz\/zs2223\/?post_type=product&#038;p=4818"},"modified":"2024-11-05T21:31:18","modified_gmt":"2024-11-05T20:31:18","slug":"lego-botanical-bonsai","status":"publish","type":"product","link":"https:\/\/etev7e.pef.czu.cz\/zs2223\/produkt\/lego-botanical-bonsai\/","title":{"rendered":"LEGO Botanical &#8211; Bonsai"},"content":{"rendered":"<p>Bonsaj je n\u00e1dhern\u00e1 a kreativn\u00ed stavebnice, kter\u00e1 umo\u017en\u00ed vychutnat si klid a kr\u00e1su tradi\u010dn\u00edho japonsk\u00e9ho bonsaje. Tento set je navr\u017een pro dosp\u011bl\u00e9 stavitele a milovn\u00edky p\u0159\u00edrody, kte\u0159\u00ed si cht\u011bj\u00ed vytvo\u0159it vlastn\u00ed bonsajov\u00fd strom. Model bonsaje nab\u00edz\u00ed dva jedine\u010dn\u00e9 designy. Stavebnice obsahuje 878 d\u00edlk\u016f, v\u010detn\u011b dekorativn\u00ed \u010dern\u00e9 misky. V\u00fdsledn\u00e1 dekorace m\u00e1 rozm\u011bry 18 cm na v\u00fd\u0161ku, 21 cm na d\u00e9lku a 20 cm na \u0161\u00ed\u0159ku.<\/p>\n","protected":false},"excerpt":{"rendered":"<p>LEGO Bonsai je n\u00e1dhern\u00e1 stavebnice pro dosp\u011bl\u00e9, kter\u00e1 p\u0159in\u00e1\u0161\u00ed kr\u00e1su tradi\u010dn\u00edho japonsk\u00e9ho bonsaje. S 878 d\u00edlky a dv\u011bma unik\u00e1tn\u00edmi designy je ide\u00e1ln\u00ed pro ty, kte\u0159\u00ed si cht\u011bj\u00ed vytvo\u0159it vlastn\u00ed dekoraci. Obsahuje tak\u00e9 stylovou \u010dernou misku.<\/p>\n","protected":false},"featured_media":4821,"comment_status":"open","ping_status":"closed","template":"","meta":[],"product_brand":[],"product_cat":[1246],"product_tag":[1248,1249,370,1252,1251,1247,1253,1250],"class_list":{"0":"post-4818","1":"product","2":"type-product","3":"status-publish","4":"has-post-thumbnail","6":"product_cat-lego","7":"product_tag-bonsai","8":"product_tag-botanical","9":"product_tag-dekorace","10":"product_tag-japonska-kultura","11":"product_tag-kreativni-zabava","12":"product_tag-lego","13":"product_tag-priroda","14":"product_tag-stavebnice-pro-dospele","16":"first","17":"instock","18":"sale","19":"taxable","20":"shipping-taxable","21":"purchasable","22":"product-type-simple"},"jetpack_sharing_enabled":true,"_links":{"self":[{"href":"https:\/\/etev7e.pef.czu.cz\/zs2223\/wp-json\/wp\/v2\/product\/4818","targetHints":{"allow":["GET"]}}],"collection":[{"href":"https:\/\/etev7e.pef.czu.cz\/zs2223\/wp-json\/wp\/v2\/product"}],"about":[{"href":"https:\/\/etev7e.pef.czu.cz\/zs2223\/wp-json\/wp\/v2\/types\/product"}],"replies":[{"embeddable":true,"href":"https:\/\/etev7e.pef.czu.cz\/zs2223\/wp-json\/wp\/v2\/comments?post=4818"}],"wp:featuredmedia":[{"embeddable":true,"href":"https:\/\/etev7e.pef.czu.cz\/zs2223\/wp-json\/wp\/v2\/media\/4821"}],"wp:attachment":[{"href":"https:\/\/etev7e.pef.czu.cz\/zs2223\/wp-json\/wp\/v2\/media?parent=4818"}],"wp:term":[{"taxonomy":"product_brand","embeddable":true,"href":"https:\/\/etev7e.pef.czu.cz\/zs2223\/wp-json\/wp\/v2\/product_brand?post=4818"},{"taxonomy":"product_cat","embeddable":true,"href":"https:\/\/etev7e.pef.czu.cz\/zs2223\/wp-json\/wp\/v2\/product_cat?post=4818"},{"taxonomy":"product_tag","embeddable":true,"href":"https:\/\/etev7e.pef.czu.cz\/zs2223\/wp-json\/wp\/v2\/product_tag?post=4818"}],"curies":[{"name":"wp","href":"https:\/\/api.w.org\/{rel}","templated":true}]}}