{"id":4822,"date":"2024-11-02T12:06:01","date_gmt":"2024-11-02T11:06:01","guid":{"rendered":"https:\/\/etev7e.pef.czu.cz\/zs2223\/?post_type=product&#038;p=4822"},"modified":"2024-11-05T21:33:51","modified_gmt":"2024-11-05T20:33:51","slug":"lego-architekt-new-york-city","status":"publish","type":"product","link":"https:\/\/etev7e.pef.czu.cz\/zs2223\/produkt\/lego-architekt-new-york-city\/","title":{"rendered":"LEGO Architekt &#8211; New York City"},"content":{"rendered":"<p>Lego Architekt &#8211; New York City je jedine\u010dn\u00fd stavebnicov\u00fd set z ikonick\u00e9 s\u00e9rie LEGO Architecture, kter\u00fd zachycuje slavn\u00e1 panorama m\u011bsta New York. Tento set obsahuje miniatury p\u011bti nejzn\u00e1m\u011bj\u0161\u00edch budov a pam\u00e1tek t\u00e9to metropole: Sochu Svobody, Empire State Building, Chrysler Building, Flatiron Building a One World Trade Center. Jde o kompaktn\u00ed model, kter\u00fd vynikne na jak\u00e9mkoli stole \u010di polici. Stavebnice obsahuje 598 d\u00edlk\u016f.<\/p>\n","protected":false},"excerpt":{"rendered":"<p>LEGO Architekt &#8211; New York City je jedine\u010dn\u00fd set, kter\u00fd zachycuje panorama New Yorku. Obsahuje miniatury p\u011bti ikonick\u00fdch budov: Sochu Svobody, Empire State Building, Chrysler Building, Flatiron Building a One World Trade Center. Tento model je skv\u011blou dekorac\u00ed pro va\u0161i dom\u00e1cnost .<\/p>\n","protected":false},"featured_media":4823,"comment_status":"open","ping_status":"closed","template":"","meta":[],"product_brand":[],"product_cat":[1246],"product_tag":[1254,370,1257,1261,1247,1256,1259,1255,1258,1260,550],"class_list":{"0":"post-4822","1":"product","2":"type-product","3":"status-publish","4":"has-post-thumbnail","6":"product_cat-lego","7":"product_tag-architekt","8":"product_tag-dekorace","9":"product_tag-dospeli","10":"product_tag-empire-state-building","11":"product_tag-lego","12":"product_tag-model-mesta","13":"product_tag-mrakodrap","14":"product_tag-new-york","15":"product_tag-panorama","16":"product_tag-socha-svobody","17":"product_tag-stavebnice","19":"first","20":"instock","21":"sale","22":"taxable","23":"shipping-taxable","24":"purchasable","25":"product-type-simple"},"jetpack_sharing_enabled":true,"_links":{"self":[{"href":"https:\/\/etev7e.pef.czu.cz\/zs2223\/wp-json\/wp\/v2\/product\/4822","targetHints":{"allow":["GET"]}}],"collection":[{"href":"https:\/\/etev7e.pef.czu.cz\/zs2223\/wp-json\/wp\/v2\/product"}],"about":[{"href":"https:\/\/etev7e.pef.czu.cz\/zs2223\/wp-json\/wp\/v2\/types\/product"}],"replies":[{"embeddable":true,"href":"https:\/\/etev7e.pef.czu.cz\/zs2223\/wp-json\/wp\/v2\/comments?post=4822"}],"wp:featuredmedia":[{"embeddable":true,"href":"https:\/\/etev7e.pef.czu.cz\/zs2223\/wp-json\/wp\/v2\/media\/4823"}],"wp:attachment":[{"href":"https:\/\/etev7e.pef.czu.cz\/zs2223\/wp-json\/wp\/v2\/media?parent=4822"}],"wp:term":[{"taxonomy":"product_brand","embeddable":true,"href":"https:\/\/etev7e.pef.czu.cz\/zs2223\/wp-json\/wp\/v2\/product_brand?post=4822"},{"taxonomy":"product_cat","embeddable":true,"href":"https:\/\/etev7e.pef.czu.cz\/zs2223\/wp-json\/wp\/v2\/product_cat?post=4822"},{"taxonomy":"product_tag","embeddable":true,"href":"https:\/\/etev7e.pef.czu.cz\/zs2223\/wp-json\/wp\/v2\/product_tag?post=4822"}],"curies":[{"name":"wp","href":"https:\/\/api.w.org\/{rel}","templated":true}]}}