{"id":4825,"date":"2024-11-02T12:21:56","date_gmt":"2024-11-02T11:21:56","guid":{"rendered":"https:\/\/etev7e.pef.czu.cz\/zs2223\/?post_type=product&#038;p=4825"},"modified":"2024-11-05T21:35:57","modified_gmt":"2024-11-05T20:35:57","slug":"lego-harry-potter-dobby","status":"publish","type":"product","link":"https:\/\/etev7e.pef.czu.cz\/zs2223\/produkt\/lego-harry-potter-dobby\/","title":{"rendered":"LEGO Harry Potter &#8211; Dobby"},"content":{"rendered":"<p>Dom\u00e1c\u00ed sk\u0159\u00edtek Dobby je detailn\u011b zpracovan\u00e1 stavebnice, kter\u00e1 p\u0159iv\u00e1d\u00ed k \u017eivotu jednoho z nejobl\u00edben\u011bj\u0161\u00edch a nejv\u011brn\u011bj\u0161\u00edch kouzelnick\u00fdch tvor\u016f ze sv\u011bta Harryho Pottera. Tento set umo\u017e\u0148uje postavit ikonick\u00e9ho dom\u00e1c\u00edho sk\u0159\u00edtka Dobbyho ve form\u011b realistick\u00e9 figurky s pohyblivou hlavou, rukama a prsty, tak\u017ee lze vytv\u00e1\u0159et r\u016fzn\u00e9 p\u00f3zy. Model je vysok\u00fd 27 cm a m\u00e1 podstavec, d\u00edky kter\u00e9mu je ide\u00e1ln\u00edm v\u00fdstavn\u00edm kouskem do ka\u017ed\u00e9 sb\u00edrky Harryho Pottera. Tento set obsahuje 403 d\u00edlk\u016f a je navr\u017een tak, aby oslovil jak mlad\u0161\u00ed stavitele, tak dosp\u011bl\u00e9 fanou\u0161ky sv\u011bta Harryho Pottera.<\/p>\n","protected":false},"excerpt":{"rendered":"<p>LEGO Dobby je detailn\u011b zpracovan\u00e1 stavebnice, kter\u00e1 ztv\u00e1r\u0148uje obl\u00edben\u00e9ho dom\u00e1c\u00edho sk\u0159\u00edtka z Harryho Pottera. Set umo\u017e\u0148uje postavit realistickou figurku s pohyblivou hlavou, rukama a prsty pro r\u016fzn\u00e9 p\u00f3zy. Je to perfektn\u00ed v\u00fdstavn\u00ed kousek pro fanou\u0161ky zn\u00e1m\u00e9ho \u010darod\u011bje z knih J. K. Rowlingov\u00e9.<\/p>\n","protected":false},"featured_media":4826,"comment_status":"open","ping_status":"closed","template":"","meta":[],"product_brand":[],"product_cat":[1246],"product_tag":[370,1262,1263,1265,1068,1247,1264,550],"class_list":{"0":"post-4825","1":"product","2":"type-product","3":"status-publish","4":"has-post-thumbnail","6":"product_cat-lego","7":"product_tag-dekorace","8":"product_tag-dobby","9":"product_tag-domaci-skritek","10":"product_tag-filmovy-svet","11":"product_tag-harry-potter","12":"product_tag-lego","13":"product_tag-pohybliva-figurka","14":"product_tag-stavebnice","16":"first","17":"instock","18":"sale","19":"taxable","20":"shipping-taxable","21":"purchasable","22":"product-type-simple"},"jetpack_sharing_enabled":true,"_links":{"self":[{"href":"https:\/\/etev7e.pef.czu.cz\/zs2223\/wp-json\/wp\/v2\/product\/4825","targetHints":{"allow":["GET"]}}],"collection":[{"href":"https:\/\/etev7e.pef.czu.cz\/zs2223\/wp-json\/wp\/v2\/product"}],"about":[{"href":"https:\/\/etev7e.pef.czu.cz\/zs2223\/wp-json\/wp\/v2\/types\/product"}],"replies":[{"embeddable":true,"href":"https:\/\/etev7e.pef.czu.cz\/zs2223\/wp-json\/wp\/v2\/comments?post=4825"}],"wp:featuredmedia":[{"embeddable":true,"href":"https:\/\/etev7e.pef.czu.cz\/zs2223\/wp-json\/wp\/v2\/media\/4826"}],"wp:attachment":[{"href":"https:\/\/etev7e.pef.czu.cz\/zs2223\/wp-json\/wp\/v2\/media?parent=4825"}],"wp:term":[{"taxonomy":"product_brand","embeddable":true,"href":"https:\/\/etev7e.pef.czu.cz\/zs2223\/wp-json\/wp\/v2\/product_brand?post=4825"},{"taxonomy":"product_cat","embeddable":true,"href":"https:\/\/etev7e.pef.czu.cz\/zs2223\/wp-json\/wp\/v2\/product_cat?post=4825"},{"taxonomy":"product_tag","embeddable":true,"href":"https:\/\/etev7e.pef.czu.cz\/zs2223\/wp-json\/wp\/v2\/product_tag?post=4825"}],"curies":[{"name":"wp","href":"https:\/\/api.w.org\/{rel}","templated":true}]}}