{"id":4831,"date":"2024-11-02T12:49:54","date_gmt":"2024-11-02T11:49:54","guid":{"rendered":"https:\/\/etev7e.pef.czu.cz\/zs2223\/?post_type=product&#038;p=4831"},"modified":"2024-11-05T21:44:13","modified_gmt":"2024-11-05T20:44:13","slug":"lego-art-marilyn-monroe","status":"publish","type":"product","link":"https:\/\/etev7e.pef.czu.cz\/zs2223\/produkt\/lego-art-marilyn-monroe\/","title":{"rendered":"LEGO Art &#8211; Marilyn Monroe"},"content":{"rendered":"<p>Andy Warhol&#8217;s Marilyn Monroe je stavebnice, ze kter\u00e9 lze vytvo\u0159it ikonick\u00fd portr\u00e9t hollywoodsk\u00e9 hv\u011bzdy Marilyn Monroe podle slavn\u00e9ho pop-artov\u00e9ho d\u00edla Andyho Warhola. Stavebnice obsahuje 3 332 d\u00edlk\u016f a lze si vybrat a\u017e ze \u010dty\u0159 r\u016fzn\u00fdch variant portr\u00e9tu Marilyn Monroe. Hotov\u00fd obraz m\u00e1 rozm\u011bry 40 cm x 40 cm.<\/p>\n","protected":false},"excerpt":{"rendered":"<p>LEGO Marilyn Monroe je stavebnice, kter\u00e1 umo\u017e\u0148uje vytvo\u0159it ikonick\u00fd portr\u00e9t hollywoodsk\u00e9 hv\u011bzdy podle pop-artov\u00e9ho d\u00edla Andyho Warhola. Obsahuje 3 332 d\u00edlk\u016f a nab\u00edz\u00ed \u010dty\u0159i varianty portr\u00e9tu Marilyn Monroe.<\/p>\n","protected":false},"featured_media":4832,"comment_status":"open","ping_status":"closed","template":"","meta":[],"product_brand":[],"product_cat":[1246],"product_tag":[1276,1274,370,1283,1278,1281,1247,1275,1279,1277,1280,550,1282],"class_list":{"0":"post-4831","1":"product","2":"type-product","3":"status-publish","4":"has-post-thumbnail","6":"product_cat-lego","7":"product_tag-andy-warhol","8":"product_tag-art","9":"product_tag-dekorace","10":"product_tag-hollywood","11":"product_tag-ikonicky-portret","12":"product_tag-kreativni-projekt","13":"product_tag-lego","14":"product_tag-marilyn-monroe","15":"product_tag-obraz","16":"product_tag-pop-art","17":"product_tag-sberatelsky-kousek","18":"product_tag-stavebnice","19":"product_tag-variabilni-design","21":"first","22":"instock","23":"sale","24":"taxable","25":"shipping-taxable","26":"purchasable","27":"product-type-simple"},"jetpack_sharing_enabled":true,"_links":{"self":[{"href":"https:\/\/etev7e.pef.czu.cz\/zs2223\/wp-json\/wp\/v2\/product\/4831","targetHints":{"allow":["GET"]}}],"collection":[{"href":"https:\/\/etev7e.pef.czu.cz\/zs2223\/wp-json\/wp\/v2\/product"}],"about":[{"href":"https:\/\/etev7e.pef.czu.cz\/zs2223\/wp-json\/wp\/v2\/types\/product"}],"replies":[{"embeddable":true,"href":"https:\/\/etev7e.pef.czu.cz\/zs2223\/wp-json\/wp\/v2\/comments?post=4831"}],"wp:featuredmedia":[{"embeddable":true,"href":"https:\/\/etev7e.pef.czu.cz\/zs2223\/wp-json\/wp\/v2\/media\/4832"}],"wp:attachment":[{"href":"https:\/\/etev7e.pef.czu.cz\/zs2223\/wp-json\/wp\/v2\/media?parent=4831"}],"wp:term":[{"taxonomy":"product_brand","embeddable":true,"href":"https:\/\/etev7e.pef.czu.cz\/zs2223\/wp-json\/wp\/v2\/product_brand?post=4831"},{"taxonomy":"product_cat","embeddable":true,"href":"https:\/\/etev7e.pef.czu.cz\/zs2223\/wp-json\/wp\/v2\/product_cat?post=4831"},{"taxonomy":"product_tag","embeddable":true,"href":"https:\/\/etev7e.pef.czu.cz\/zs2223\/wp-json\/wp\/v2\/product_tag?post=4831"}],"curies":[{"name":"wp","href":"https:\/\/api.w.org\/{rel}","templated":true}]}}