{"id":4833,"date":"2024-11-02T19:15:16","date_gmt":"2024-11-02T18:15:16","guid":{"rendered":"https:\/\/etev7e.pef.czu.cz\/zs2223\/?post_type=product&#038;p=4833"},"modified":"2024-11-02T19:15:17","modified_gmt":"2024-11-02T18:15:17","slug":"purity-vision-tonikum-pro-vsechny-druhy-pleti-100-ml-ruze","status":"publish","type":"product","link":"https:\/\/etev7e.pef.czu.cz\/zs2223\/produkt\/purity-vision-tonikum-pro-vsechny-druhy-pleti-100-ml-ruze\/","title":{"rendered":"PURITY VISION Tonikum pro v\u0161echny druhy pleti 100 ml- R\u016f\u017ee"},"content":{"rendered":"<p>Tonikum ur\u010den\u00e9 pro v\u0161echny druhy pleti s v\u00fdta\u017ekem z vz\u00e1cn\u00e9 dama\u0161sk\u00e9 r\u016f\u017ee. R\u016f\u017eov\u00e1 voda stahuje p\u00f3ry, vitam\u00edn C odstra\u0148uje pigmentov\u00e9 skvrny a zn\u00e1mky akn\u00e9, kyselina hyaluronov\u00e1 ple\u0165 zpevn\u00ed a dod\u00e1 pru\u017enost.<\/p>\n<ul id=\"yui_3_17_2_1_1730570573319_37\" type=\"square\">\n<li id=\"yui_3_17_2_1_1730570573319_36\">objem 100 ml<\/li>\n<li>pro v\u0161echny typy pleti<\/li>\n<li>kyselina hyaluronov\u00e1 pro zpevn\u011bn\u00ed a elasticitu<\/li>\n<li>vitam\u00edn C pro sjednocen\u00ed t\u00f3nu pleti<\/li>\n<li>jemn\u00e1 v\u016fn\u011b r\u016f\u017eov\u00fdch l\u00edstk\u016f<\/li>\n<li>certifikace CPK BIO<\/li>\n<\/ul>\n<p>Pou\u017eit\u00ed: Tv\u00e1\u0159 odli\u010dte obvykl\u00fdm zp\u016fsobem, tonikum naneste na vatov\u00fd tamponek a ple\u0165 j\u00edm jemn\u011b set\u0159ete. Pro hydrataci a n\u00e1slednou p\u00e9\u010di doporu\u010dujeme r\u016f\u017eov\u00e9 s\u00e9rum a r\u016f\u017eov\u00fd kr\u00e9m stejn\u00e9 zna\u010dky.<\/p>\n","protected":false},"excerpt":{"rendered":"<p>Bio R\u016f\u017eov\u00e9 tonikum hydratuje, tonizuje a rozjas\u0148uje ple\u0165, stahuje p\u00f3ry a sjednocuje t\u00f3n pleti.<\/p>\n","protected":false},"featured_media":4834,"comment_status":"open","ping_status":"closed","template":"","meta":[],"product_brand":[],"product_cat":[1173],"product_tag":[1285,1286,994,1284],"class_list":{"0":"post-4833","1":"product","2":"type-product","3":"status-publish","4":"has-post-thumbnail","6":"product_cat-kosmetika","7":"product_tag-prirodni-kosmetika","8":"product_tag-ruzova-voda","9":"product_tag-tonikum","10":"product_tag-tonizace-pleti","12":"first","13":"instock","14":"taxable","15":"shipping-taxable","16":"purchasable","17":"product-type-simple"},"jetpack_sharing_enabled":true,"_links":{"self":[{"href":"https:\/\/etev7e.pef.czu.cz\/zs2223\/wp-json\/wp\/v2\/product\/4833","targetHints":{"allow":["GET"]}}],"collection":[{"href":"https:\/\/etev7e.pef.czu.cz\/zs2223\/wp-json\/wp\/v2\/product"}],"about":[{"href":"https:\/\/etev7e.pef.czu.cz\/zs2223\/wp-json\/wp\/v2\/types\/product"}],"replies":[{"embeddable":true,"href":"https:\/\/etev7e.pef.czu.cz\/zs2223\/wp-json\/wp\/v2\/comments?post=4833"}],"wp:featuredmedia":[{"embeddable":true,"href":"https:\/\/etev7e.pef.czu.cz\/zs2223\/wp-json\/wp\/v2\/media\/4834"}],"wp:attachment":[{"href":"https:\/\/etev7e.pef.czu.cz\/zs2223\/wp-json\/wp\/v2\/media?parent=4833"}],"wp:term":[{"taxonomy":"product_brand","embeddable":true,"href":"https:\/\/etev7e.pef.czu.cz\/zs2223\/wp-json\/wp\/v2\/product_brand?post=4833"},{"taxonomy":"product_cat","embeddable":true,"href":"https:\/\/etev7e.pef.czu.cz\/zs2223\/wp-json\/wp\/v2\/product_cat?post=4833"},{"taxonomy":"product_tag","embeddable":true,"href":"https:\/\/etev7e.pef.czu.cz\/zs2223\/wp-json\/wp\/v2\/product_tag?post=4833"}],"curies":[{"name":"wp","href":"https:\/\/api.w.org\/{rel}","templated":true}]}}