{"id":4839,"date":"2024-11-02T19:25:16","date_gmt":"2024-11-02T18:25:16","guid":{"rendered":"https:\/\/etev7e.pef.czu.cz\/zs2223\/?post_type=product&#038;p=4839"},"modified":"2024-11-02T19:33:38","modified_gmt":"2024-11-02T18:33:38","slug":"kneipp-goodbye-stress-set","status":"publish","type":"product","link":"https:\/\/etev7e.pef.czu.cz\/zs2223\/produkt\/kneipp-goodbye-stress-set\/","title":{"rendered":"Kneipp Goodbye Stress Set"},"content":{"rendered":"<p>S d\u00e1rkovou sadou Kneipp Goodbye Stress darujete nejen radost, ale i klid a uvoln\u011bn\u00ed. Sada obsahuje sprchov\u00fd gel a t\u011blov\u00e9 ml\u00e9ko, kter\u00e9 kombinuj\u00ed p\u0159\u00edrodn\u00ed v\u00fdta\u017eky a oleje s aromaterapeutick\u00fdmi \u00fa\u010dinky m\u00e1ty, rozmar\u00fdnu, eukalyptu a pomeran\u010dov\u00e9 k\u016fry. Tyto slo\u017eky pom\u00e1haj\u00ed zm\u00edrnit stres, nervozitu a uvolnit svalov\u00e9 nap\u011bt\u00ed u\u017e ve spr\u0161e. T\u011blov\u00e9 ml\u00e9ko, obohacen\u00e9 o bambuck\u00e9 m\u00e1slo a oleje (mandlov\u00fd, kokosov\u00fd a konopn\u00fd), posiluje p\u00e9\u010di o poko\u017eku a zanech\u00e1v\u00e1 ji hebkou a vy\u017eivenou. Kafr ve slo\u017een\u00ed nav\u00edc podporuje uvoln\u011bn\u00ed sval\u016f a kloub\u016f.<\/p>\n<p><strong>V\u00fdhody sady Kneipp Goodbye Stress:<\/strong><\/p>\n<ul>\n<li><strong>Designov\u00e1 d\u00e1rkov\u00e1 krabi\u010dka<\/strong> \u2013 ide\u00e1ln\u00ed d\u00e1rek pro radost i relaxaci<\/li>\n<li><strong>Obsah balen\u00ed<\/strong>: sprchov\u00fd gel (200 ml) a t\u011blov\u00e9 ml\u00e9ko (200 ml)<\/li>\n<li><strong>P\u0159\u00edrodn\u00ed slo\u017een\u00ed<\/strong> s esenci\u00e1ln\u00edmi oleji pro aromaterapii a uvoln\u011bn\u00ed t\u011bla i mysli<\/li>\n<li><strong>V\u00fd\u017eiva a p\u00e9\u010de<\/strong> d\u00edky bambuck\u00e9mu m\u00e1slu a olej\u016fm (mandlov\u00fd, kokosov\u00fd, konopn\u00fd)<\/li>\n<li><strong>Podpora zdrav\u00ed poko\u017eky<\/strong> \u2013 zachov\u00e1v\u00e1 jej\u00ed p\u0159irozen\u00fd mikrobiom<\/li>\n<li><strong>Vhodn\u00e9 pro vegany<\/strong> \u2013 bez slo\u017eek \u017eivo\u010di\u0161n\u00e9ho p\u016fvodu<\/li>\n<li><strong>Bez konzervant\u016f, paraf\u00edn\u016f, silikon\u016f a mikroplast\u016f<\/strong><\/li>\n<\/ul>\n<p>D\u00e1rkov\u00e1 sada Kneipp Goodbye Stress je skv\u011blou volbou pro p\u0159\u00edrodn\u00ed p\u00e9\u010di s aromaterapeutick\u00fdm \u00fa\u010dinkem, kter\u00e1 obohat\u00ed ka\u017edou chv\u00edli relaxace a p\u00e9\u010de o t\u011blo.<\/p>\n","protected":false},"excerpt":{"rendered":"<p>Kneipp Goodbye Stress sada: sprchov\u00fd gel a t\u011blov\u00e9 ml\u00e9ko s p\u0159\u00edrodn\u00edmi oleji pro relaxaci t\u011bla a mysli.<\/p>\n","protected":false},"featured_media":4840,"comment_status":"open","ping_status":"closed","template":"","meta":[],"product_brand":[],"product_cat":[1173],"product_tag":[1291,943,871],"class_list":{"0":"post-4839","1":"product","2":"type-product","3":"status-publish","4":"has-post-thumbnail","6":"product_cat-kosmetika","7":"product_tag-hygiena","8":"product_tag-kosmetika","9":"product_tag-sprchovy-gel","11":"first","12":"instock","13":"taxable","14":"shipping-taxable","15":"purchasable","16":"product-type-simple"},"jetpack_sharing_enabled":true,"_links":{"self":[{"href":"https:\/\/etev7e.pef.czu.cz\/zs2223\/wp-json\/wp\/v2\/product\/4839","targetHints":{"allow":["GET"]}}],"collection":[{"href":"https:\/\/etev7e.pef.czu.cz\/zs2223\/wp-json\/wp\/v2\/product"}],"about":[{"href":"https:\/\/etev7e.pef.czu.cz\/zs2223\/wp-json\/wp\/v2\/types\/product"}],"replies":[{"embeddable":true,"href":"https:\/\/etev7e.pef.czu.cz\/zs2223\/wp-json\/wp\/v2\/comments?post=4839"}],"wp:featuredmedia":[{"embeddable":true,"href":"https:\/\/etev7e.pef.czu.cz\/zs2223\/wp-json\/wp\/v2\/media\/4840"}],"wp:attachment":[{"href":"https:\/\/etev7e.pef.czu.cz\/zs2223\/wp-json\/wp\/v2\/media?parent=4839"}],"wp:term":[{"taxonomy":"product_brand","embeddable":true,"href":"https:\/\/etev7e.pef.czu.cz\/zs2223\/wp-json\/wp\/v2\/product_brand?post=4839"},{"taxonomy":"product_cat","embeddable":true,"href":"https:\/\/etev7e.pef.czu.cz\/zs2223\/wp-json\/wp\/v2\/product_cat?post=4839"},{"taxonomy":"product_tag","embeddable":true,"href":"https:\/\/etev7e.pef.czu.cz\/zs2223\/wp-json\/wp\/v2\/product_tag?post=4839"}],"curies":[{"name":"wp","href":"https:\/\/api.w.org\/{rel}","templated":true}]}}